{"id":2058,"date":"2016-05-06T09:40:34","date_gmt":"2016-05-06T07:40:34","guid":{"rendered":"http:\/\/novalimglutenfree.com\/obchod\/promix-forte\/"},"modified":"2016-05-17T22:17:59","modified_gmt":"2016-05-17T20:17:59","slug":"promix-jol-formazhato-glutenmentes-lisztkeverek","status":"publish","type":"product","link":"https:\/\/novalimglutenfree.com\/hu\/obchod\/liszt-hu\/glutenmentes-lisztkeverekek-hu\/promix-jol-formazhato-glutenmentes-lisztkeverek\/","title":{"rendered":"PROMIX -j\u00f3l form\u00e1zhat\u00f3 glut\u00e9nmentes lisztkever\u00e9k"},"content":{"rendered":"<div id=\"Layer5\" class=\"bodystyle\">\n<div id=\"Layer5\" class=\"bodystyle\">\n<div id=\"Layer5\" class=\"bodystyle\">\n<div id=\"Layer5\" class=\"bodystyle\">\n<div id=\"Layer5\" class=\"bodystyle\">\n<p><strong>PROMIX<sup>\u00ae<\/sup>-FORTE \u2013 egyed\u00fcl\u00e1ll\u00f3 liszt gyors \u00e9s \u00edzletes tejes s\u00fctem\u00e9ny sz\u00e1m\u00e1ra.<\/strong><\/p>\n<p><strong>S\u00fctem\u00e9ny laz\u00edt\u00e1s\u00e1ra elegend\u0151 \u00a0csak s\u00fct\u0151port haszn\u00e1lni (\u00e9leszt\u0151 haszn\u00e1l\u00e1sa n\u00e9lk\u00fcl) \u2013 s\u00fctj\u00fck k\u00f6r\u00fclbel\u00fcl 20 percig 160 <\/strong><strong>\u00b0<\/strong><strong>C-n\u00e1l, kb. 5 perccel a\u00a0term\u00e9kek kiform\u00e1l\u00e1sa ut\u00e1n.<\/strong><\/p>\n<\/div>\n<p>Csomagol\u00e1s: 1 kg<\/p>\n<p>\u00a0<\/p>\n<\/div>\n<\/div>\n<\/div>\n<\/div>\n<p><strong>INFORM\u00c1CI\u00d3K A TERM\u00c9KR\u0150L <\/strong><\/p>\n<p>\u00a0<\/p>\n<p><strong>\u00d6sszet\u00e9tel:<\/strong> burgonyakem\u00e9ny\u00edt\u0151, kukoricakem\u00e9ny\u00edt\u0151,\u00a0\u00a0\u00a0\u00a0\u00a0\u00a0\u00a0\u00a0\u00a0\u00a0\u00a0\u00a0\u00a0\u00a0\u00a0\u00a0\u00a0\u00a0\u00a0\u00a0\u00a0\u00a0\u00a0\u00a0\u00a0\u00a0\u00a0\u00a0\u00a0\u00a0\u00a0\u00a0\u00a0\u00a0\u00a0\u00a0\u00a0\u00a0\u00a0\u00a0\u00a0\u00a0\u00a0\u00a0\u00a0\u00a0\u00a0\u00a0\u00a0\u00a0\u00a0 \u00a0\u00a0\u00a0\u00a0\u00a0\u00a0\u00a0\u00a0\u00a0\u00a0\u00a0\u00a0\u00a0\u00a0\u00a0\u00a0\u00a0\u00a0\u00a0\u00a0\u00a0\u00a0\u00a0\u00a0\u00a0\u00a0\u00a0\u00a0\u00a0\u00a0\u00a0\u00a0\u00a0\u00a0\u00a0\u00a0\u00a0\u00a0\u00a0\u00a0\u00a0\u00a0\u00a0\u00a0\u00a0\u00a0\u00a0\u00a0\u00a0\u00a0\u00a0\u00a0\u00a0\u00a0\u00a0\u00a0\u00a0\u00a0\u00a0\u00a0\u00a0\u00a0\u00a0\u00a0\u00a0\u00a0\u00a0\u00a0\u00a0\u00a0\u00a0\u00a0\u00a0\u00a0\u00a0\u00a0\u00a0\u00a0\u00a0\u00a0\u00a0\u00a0\u00a0\u00a0\u00a0\u00a0\u00a0\u00a0\u00a0\u00a0\u00a0\u00a0\u00a0\u00a0\u00a0\u00a0\u00a0\u00a0\u00a0\u00a0\u00a0\u00a0\u00a0\u00a0\u00a0\u00a0\u00a0\u00a0\u00a0\u00a0\u00a0\u00a0\u00a0\u00a0\u00a0\u00a0\u00a0\u00a0\u00a0\u00a0\u00a0\u00a0\u00a0\u00a0\u00a0\u00a0\u00a0\u00a0\u00a0\u00a0\u00a0\u00a0\u00a0\u00a0\u00a0\u00a0\u00a0\u00a0\u00a0\u00a0\u00a0\u00a0\u00a0\u00a0\u00a0\u00a0\u00a0\u00a0\u00a0\u00a0\u00a0\u00a0\u00a0\u00a0\u00a0\u00a0\u00a0\u00a0\u00a0\u00a0\u00a0\u00a0\u00a0\u00a0\u00a0\u00a0\u00a0\u00a0\u00a0\u00a0\u00a0\u00a0\u00a0\u00a0\u00a0\u00a0\u00a0\u00a0\u00a0\u00a0\u00a0\u00a0\u00a0\u00a0\u00a0\u00a0\u00a0\u00a0\u00a0\u00a0\u00a0\u00a0\u00a0\u00a0\u00a0\u00a0\u00a0\u00a0\u00a0\u00a0\u00a0\u00a0\u00a0\u00a0\u00a0\u00a0\u00a0\u00a0\u00a0\u00a0\u00a0\u00a0\u00a0\u00a0\u00a0\u00a0\u00a0\u00a0\u00a0\u00a0\u00a0\u00a0\u00a0\u00a0\u00a0\u00a0\u00a0\u00a0\u00a0\u00a0\u00a0\u00a0\u00a0\u00a0\u00a0\u00a0\u00a0\u00a0\u00a0\u00a0\u00a0\u00a0\u00a0\u00a0\u00a0\u00a0\u00a0\u00a0\u00a0\u00a0\u00a0\u00a0\u00a0\u00a0\u00a0\u00a0\u00a0\u00a0\u00a0\u00a0\u00a0\u00a0\u00a0\u00a0\u00a0\u00a0\u00a0\u00a0\u00a0\u00a0\u00a0\u00a0\u00a0\u00a0\u00a0\u00a0\u00a0\u00a0\u00a0\u00a0\u00a0\u00a0\u00a0\u00a0\u00a0\u00a0\u00a0\u00a0\u00a0\u00a0\u00a0\u00a0\u00a0\u00a0\u00a0\u00a0\u00a0\u00a0\u00a0\u00a0\u00a0\u00a0\u00a0\u00a0\u00a0\u00a0\u00a0\u00a0\u00a0\u00a0\u00a0\u00a0\u00a0\u00a0\u00a0\u00a0\u00a0\u00a0\u00a0\u00a0\u00a0\u00a0\u00a0\u00a0\u00a0\u00a0\u00a0\u00a0\u00a0\u00a0\u00a0\u00a0\u00a0\u00a0\u00a0\u00a0\u00a0\u00a0\u00a0\u00a0\u00a0\u00a0\u00a0\u00a0\u00a0\u00a0\u00a0\u00a0\u00a0\u00a0\u00a0\u00a0\u00a0\u00a0\u00a0\u00a0\u00a0\u00a0\u00a0\u00a0\u00a0\u00a0\u00a0\u00a0\u00a0\u00a0\u00a0\u00a0\u00a0\u00a0\u00a0\u00a0\u00a0\u00a0\u00a0\u00a0\u00a0\u00a0\u00a0\u00a0\u00a0\u00a0\u00a0\u00a0\u00a0\u00a0\u00a0\u00a0\u00a0\u00a0 burgonyaliszt, tapi\u00f3kakem\u00e9ny\u00edt\u0151, m\u00f3dos\u00edtott kukoricakem\u00e9ny\u00edt\u0151, sz\u00e1r\u00edtott<\/p>\n<p>sav\u00f3, kukorica maltodextrin, zs\u00edrtalan\u00edtott sz\u00f3jaliszt, bambuszrost, s\u0171r\u00edt\u0151anyagok:<\/p>\n<p>gu\u00e1rliszt \u00e9s E466; emulg\u00e1l\u00f3szer E471.<\/p>\n<p><strong>100 g<\/strong><strong> term\u00e9k \u00e1tlagosan tartalmaz:<\/strong><\/p>\n<p>2,0 g feh\u00e9rj\u00e9t, 87,7 g sz\u00e9nhidr\u00e1tot \u00e9s 1,1 g zs\u00edrt.<\/p>\n<p>\u00a0<\/p>\n<p><strong>Enegia\u00e9rt\u00e9k:<\/strong><\/p>\n<p>1578 kJ; 377,5 kcal<\/p>\n","protected":false},"excerpt":{"rendered":"<p><strong>egyed\u00fcl\u00e1ll\u00f3 liszt gyors \u00e9s \u00edzletes tejes s\u00fctem\u00e9ny sz\u00e1m\u00e1ra.<\/strong><\/p>\n<p><strong>S\u00fctem\u00e9ny laz\u00edt\u00e1s\u00e1ra elegend\u0151 \u00a0csak s\u00fct\u0151port haszn\u00e1lni (\u00e9leszt\u0151 haszn\u00e1l\u00e1sa n\u00e9lk\u00fcl) \u2013 s\u00fctj\u00fck k\u00f6r\u00fclbel\u00fcl 20 percig 160 <\/strong><strong>\u00b0<\/strong><strong>C-n\u00e1l, kb. 5 perccel a\u00a0term\u00e9kek kiform\u00e1l\u00e1sa ut\u00e1n.<\/strong><\/p>\n","protected":false},"featured_media":1054,"comment_status":"closed","ping_status":"closed","template":"","meta":[],"yoast_head":"<!-- This site is optimized with the Yoast SEO plugin v15.7 - https:\/\/yoast.com\/wordpress\/plugins\/seo\/ -->\n<title>PROMIX -j\u00f3l form\u00e1zhat\u00f3 glut\u00e9nmentes lisztkever\u00e9k - Novalim<\/title>\n<meta name=\"robots\" content=\"index, follow, max-snippet:-1, max-image-preview:large, max-video-preview:-1\" \/>\n<link rel=\"canonical\" href=\"https:\/\/novalimglutenfree.com\/hu\/obchod\/liszt-hu\/glutenmentes-lisztkeverekek-hu\/promix-jol-formazhato-glutenmentes-lisztkeverek\/\" \/>\n<meta property=\"og:locale\" content=\"hu_HU\" \/>\n<meta property=\"og:type\" content=\"article\" \/>\n<meta property=\"og:title\" content=\"PROMIX -j\u00f3l form\u00e1zhat\u00f3 glut\u00e9nmentes lisztkever\u00e9k - Novalim\" \/>\n<meta property=\"og:description\" content=\"egyed\u00fcl\u00e1ll\u00f3 liszt gyors \u00e9s \u00edzletes tejes s\u00fctem\u00e9ny sz\u00e1m\u00e1ra. S\u00fctem\u00e9ny laz\u00edt\u00e1s\u00e1ra elegend\u0151 \u00a0csak s\u00fct\u0151port haszn\u00e1lni (\u00e9leszt\u0151 haszn\u00e1l\u00e1sa n\u00e9lk\u00fcl) \u2013 s\u00fctj\u00fck k\u00f6r\u00fclbel\u00fcl 20 percig 160 \u00b0C-n\u00e1l, kb. 5 perccel a\u00a0term\u00e9kek kiform\u00e1l\u00e1sa ut\u00e1n.\" \/>\n<meta property=\"og:url\" content=\"https:\/\/novalimglutenfree.com\/hu\/obchod\/liszt-hu\/glutenmentes-lisztkeverekek-hu\/promix-jol-formazhato-glutenmentes-lisztkeverek\/\" \/>\n<meta property=\"og:site_name\" content=\"Novalim\" \/>\n<meta property=\"article:modified_time\" content=\"2016-05-17T20:17:59+00:00\" \/>\n<meta property=\"og:image\" content=\"https:\/\/novalimglutenfree.com\/wp-content\/uploads\/2016\/05\/Promix_Forte.jpg\" \/>\n\t<meta property=\"og:image:width\" content=\"413\" \/>\n\t<meta property=\"og:image:height\" content=\"618\" \/>\n<meta name=\"twitter:card\" content=\"summary\" \/>\n<meta name=\"twitter:label1\" content=\"Becs\u00fclt olvas\u00e1si id\u0151\">\n\t<meta name=\"twitter:data1\" content=\"1 perc\">\n<script type=\"application\/ld+json\" class=\"yoast-schema-graph\">{\"@context\":\"https:\/\/schema.org\",\"@graph\":[{\"@type\":\"WebSite\",\"@id\":\"https:\/\/www.novalimglutenfree.com\/de\/#website\",\"url\":\"https:\/\/www.novalimglutenfree.com\/de\/\",\"name\":\"Novalim\",\"description\":\"Bezlepkov\\u00e9 potraviny, bezlepkov\\u00e9 recepty, celiakia, PKU\",\"potentialAction\":[{\"@type\":\"SearchAction\",\"target\":\"https:\/\/www.novalimglutenfree.com\/de\/?s={search_term_string}\",\"query-input\":\"required name=search_term_string\"}],\"inLanguage\":\"hu\"},{\"@type\":\"ImageObject\",\"@id\":\"https:\/\/novalimglutenfree.com\/hu\/obchod\/liszt-hu\/glutenmentes-lisztkeverekek-hu\/promix-jol-formazhato-glutenmentes-lisztkeverek\/#primaryimage\",\"inLanguage\":\"hu\",\"url\":\"https:\/\/novalimglutenfree.com\/wp-content\/uploads\/2016\/05\/Promix_Forte.jpg\",\"width\":413,\"height\":618},{\"@type\":\"WebPage\",\"@id\":\"https:\/\/novalimglutenfree.com\/hu\/obchod\/liszt-hu\/glutenmentes-lisztkeverekek-hu\/promix-jol-formazhato-glutenmentes-lisztkeverek\/#webpage\",\"url\":\"https:\/\/novalimglutenfree.com\/hu\/obchod\/liszt-hu\/glutenmentes-lisztkeverekek-hu\/promix-jol-formazhato-glutenmentes-lisztkeverek\/\",\"name\":\"PROMIX -j\\u00f3l form\\u00e1zhat\\u00f3 glut\\u00e9nmentes lisztkever\\u00e9k - Novalim\",\"isPartOf\":{\"@id\":\"https:\/\/www.novalimglutenfree.com\/de\/#website\"},\"primaryImageOfPage\":{\"@id\":\"https:\/\/novalimglutenfree.com\/hu\/obchod\/liszt-hu\/glutenmentes-lisztkeverekek-hu\/promix-jol-formazhato-glutenmentes-lisztkeverek\/#primaryimage\"},\"datePublished\":\"2016-05-06T07:40:34+00:00\",\"dateModified\":\"2016-05-17T20:17:59+00:00\",\"inLanguage\":\"hu\",\"potentialAction\":[{\"@type\":\"ReadAction\",\"target\":[\"https:\/\/novalimglutenfree.com\/hu\/obchod\/liszt-hu\/glutenmentes-lisztkeverekek-hu\/promix-jol-formazhato-glutenmentes-lisztkeverek\/\"]}]}]}<\/script>\n<!-- \/ Yoast SEO plugin. -->","_links":{"self":[{"href":"https:\/\/novalimglutenfree.com\/hu\/wp-json\/wp\/v2\/product\/2058"}],"collection":[{"href":"https:\/\/novalimglutenfree.com\/hu\/wp-json\/wp\/v2\/product"}],"about":[{"href":"https:\/\/novalimglutenfree.com\/hu\/wp-json\/wp\/v2\/types\/product"}],"replies":[{"embeddable":true,"href":"https:\/\/novalimglutenfree.com\/hu\/wp-json\/wp\/v2\/comments?post=2058"}],"version-history":[{"count":0,"href":"https:\/\/novalimglutenfree.com\/hu\/wp-json\/wp\/v2\/product\/2058\/revisions"}],"wp:featuredmedia":[{"embeddable":true,"href":"https:\/\/novalimglutenfree.com\/hu\/wp-json\/wp\/v2\/media\/1054"}],"wp:attachment":[{"href":"https:\/\/novalimglutenfree.com\/hu\/wp-json\/wp\/v2\/media?parent=2058"}],"curies":[{"name":"wp","href":"https:\/\/api.w.org\/{rel}","templated":true}]}}