{"id":2057,"date":"2016-05-06T09:40:34","date_gmt":"2016-05-06T07:40:34","guid":{"rendered":"http:\/\/novalimglutenfree.com\/obchod\/promix-uni-komfort\/"},"modified":"2016-05-17T22:17:28","modified_gmt":"2016-05-17T20:17:28","slug":"promix-uni-komfort-glutenmentes-kenyer-lisztkeverek","status":"publish","type":"product","link":"https:\/\/novalimglutenfree.com\/hu\/obchod\/liszt-hu\/glutenmentes-lisztkeverekek-hu\/promix-uni-komfort-glutenmentes-kenyer-lisztkeverek\/","title":{"rendered":"PROMIX-UNI KOMFORT, glut\u00e9nmentes keny\u00e9r lisztkever\u00e9k"},"content":{"rendered":"<p><strong>PROMIX<sup>\u00ae<\/sup>-UNI KOMFORT \u2013 univerz\u00e1lis glut\u00e9nmentes kever\u00e9k s\u00fct\u00e9s sz\u00e1m\u00e1ra automatikus p\u00e9ks\u00e9gekben. El\u00e9g hozz\u00e1adni vizet \u00e9s sz\u00e1r\u00edtott \u00e9leszt\u0151t \u00e9s elind\u00edtani a 2 \u00f3r\u00e1s programot. \u00cdzl\u00e9s szerint lehet hozz\u00e1adni keny\u00e9rf\u0171szert, magokat \u00e9s hasonl\u00f3kat. A kever\u00e9k tartalmaz n\u00f6v\u00e9nyi zs\u00edrt is. A kever\u00e9khez (1 keny\u00e9rre val\u00f3 adag) l hozz\u00e1 ehet adni 1-2 leveseskan\u00e1l amarant vagy poh\u00e1nkalisztet vagy amarant gy\u00f6ngy\u00f6ket.<\/strong><\/p>\n<p>\u00a0<\/p>\n<p>Csomagol\u00e1s: 400 g\/1 keny\u00e9r<\/p>\n<p><strong>INFORM\u00c1CI\u00d3K A TERM\u00c9KR\u0150L <\/strong><\/p>\n<p>\u00a0<\/p>\n<p><strong>\u00d6sszet\u00e9tel:<\/strong><\/p>\n<p>burgonyakem\u00e9ny\u00edt\u0151,kukoricakem\u00e9ny\u00edt\u0151, \u00a0 \u00a0 \u00a0 \u00a0 \u00a0 \u00a0 \u00a0 \u00a0 \u00a0 \u00a0 \u00a0 \u00a0 \u00a0 \u00a0 \u00a0 \u00a0 \u00a0 \u00a0 \u00a0 \u00a0 \u00a0 \u00a0 \u00a0 \u00a0 \u00a0 \u00a0 \u00a0 \u00a0 \u00a0 \u00a0 \u00a0 \u00a0 \u00a0 \u00a0 \u00a0 \u00a0 \u00a0 \u00a0 \u00a0 \u00a0 \u00a0 \u00a0 \u00a0 \u00a0 \u00a0 \u00a0 \u00a0 \u00a0 \u00a0 \u00a0 \u00a0 \u00a0 \u00a0 \u00a0 \u00a0 \u00a0 \u00a0 \u00a0 \u00a0 \u00a0 \u00a0 \u00a0 \u00a0 \u00a0 \u00a0 \u00a0 \u00a0 \u00a0 \u00a0 \u00a0 \u00a0 \u00a0 \u00a0 \u00a0 \u00a0 \u00a0 \u00a0 \u00a0 \u00a0 \u00a0 \u00a0 \u00a0 \u00a0 \u00a0 \u00a0 \u00a0 \u00a0 \u00a0 \u00a0 \u00a0 \u00a0 \u00a0 \u00a0 \u00a0 \u00a0 \u00a0 \u00a0 \u00a0 \u00a0 \u00a0 \u00a0 \u00a0 \u00a0 \u00a0 \u00a0 \u00a0 \u00a0 \u00a0 \u00a0 \u00a0 \u00a0 \u00a0 \u00a0 \u00a0 \u00a0 \u00a0 \u00a0 \u00a0 \u00a0 \u00a0 \u00a0 \u00a0 \u00a0 \u00a0 \u00a0 \u00a0 \u00a0 \u00a0 \u00a0 \u00a0 \u00a0 \u00a0 \u00a0 \u00a0 \u00a0 \u00a0 \u00a0 \u00a0 \u00a0 \u00a0 \u00a0 \u00a0 \u00a0 \u00a0 \u00a0 \u00a0 \u00a0 \u00a0 \u00a0 \u00a0 \u00a0 \u00a0 \u00a0 \u00a0 \u00a0 \u00a0 \u00a0 \u00a0 \u00a0 \u00a0 \u00a0 \u00a0 \u00a0 \u00a0 \u00a0 \u00a0 \u00a0 \u00a0 \u00a0 \u00a0 \u00a0 \u00a0 \u00a0 \u00a0 \u00a0 \u00a0 \u00a0 \u00a0 \u00a0 \u00a0 \u00a0 \u00a0 \u00a0 \u00a0 \u00a0 \u00a0 \u00a0 \u00a0 \u00a0 \u00a0 \u00a0 \u00a0 \u00a0 \u00a0 \u00a0 \u00a0 \u00a0 \u00a0 \u00a0 \u00a0 \u00a0 \u00a0 \u00a0 \u00a0 \u00a0 \u00a0 \u00a0 \u00a0 \u00a0 \u00a0 \u00a0 \u00a0 \u00a0 \u00a0 \u00a0 \u00a0 \u00a0 \u00a0 \u00a0 \u00a0 \u00a0 \u00a0 \u00a0 \u00a0 \u00a0 \u00a0 \u00a0 \u00a0 \u00a0 \u00a0 \u00a0 \u00a0 \u00a0 \u00a0 \u00a0 \u00a0 \u00a0 \u00a0 \u00a0 \u00a0 \u00a0 \u00a0 \u00a0 \u00a0 \u00a0 \u00a0 \u00a0 \u00a0 \u00a0 \u00a0 \u00a0 \u00a0 \u00a0 \u00a0 \u00a0 \u00a0 \u00a0 \u00a0 \u00a0 \u00a0 \u00a0 \u00a0 \u00a0 \u00a0 \u00a0 \u00a0 \u00a0 \u00a0 \u00a0 \u00a0 \u00a0 \u00a0 \u00a0 \u00a0 \u00a0 rizsliszt, m\u00f3dos\u00edtott kukoricakem\u00e9ny\u00edt\u0151, sz\u00f3jaliszt, n\u00f6v\u00e9nyi zs\u00edr, burgonyaliszt, s\u0171r\u00edt\u0151anyagok: gu\u00e1rliszt \u00e9s E466;<\/p>\n<p>emulg\u00e1l\u00f3szer E471, citromsav.<\/p>\n<p>\u00a0<\/p>\n<p><strong>100 g<\/strong><strong> term\u00e9k \u00e1tlagosan tartalmaz:<\/strong><\/p>\n<p>2,0 g feh\u00e9rj\u00e9t, 85,3 g sz\u00e9nhidr\u00e1tot \u00e9s 3,7 g zs\u00edrt.<\/p>\n<p>\u00a0<\/p>\n<p><strong>Enegia\u00e9rt\u00e9k:<\/strong><\/p>\n<p>1635 kJ; 391 kcal<\/p>\n","protected":false},"excerpt":{"rendered":"<p>univerz\u00e1lis glut\u00e9nmentes kever\u00e9k s\u00fct\u00e9s sz\u00e1m\u00e1ra automatikus p\u00e9ks\u00e9gekben. El\u00e9g hozz\u00e1adni vizet \u00e9s sz\u00e1r\u00edtott \u00e9leszt\u0151t \u00e9s elind\u00edtani a 2 \u00f3r\u00e1s programot. \u00cdzl\u00e9s szerint lehet hozz\u00e1adni keny\u00e9rf\u0171szert, magokat \u00e9s hasonl\u00f3kat. A kever\u00e9k tartalmaz n\u00f6v\u00e9nyi zs\u00edrt is. A kever\u00e9khez (1 keny\u00e9rre val\u00f3 adag) l hozz\u00e1 ehet adni 1-2 leveseskan\u00e1l amarant vagy poh\u00e1nkalisztet vagy amarant gy\u00f6ngy\u00f6ket.<\/p>\n","protected":false},"featured_media":2290,"comment_status":"closed","ping_status":"closed","template":"","meta":[],"yoast_head":"<!-- This site is optimized with the Yoast SEO plugin v15.7 - https:\/\/yoast.com\/wordpress\/plugins\/seo\/ -->\n<title>PROMIX-UNI KOMFORT, glut\u00e9nmentes keny\u00e9r lisztkever\u00e9k - Novalim<\/title>\n<meta name=\"robots\" content=\"index, follow, max-snippet:-1, max-image-preview:large, max-video-preview:-1\" \/>\n<link rel=\"canonical\" href=\"https:\/\/novalimglutenfree.com\/hu\/obchod\/liszt-hu\/glutenmentes-lisztkeverekek-hu\/promix-uni-komfort-glutenmentes-kenyer-lisztkeverek\/\" \/>\n<meta property=\"og:locale\" content=\"hu_HU\" \/>\n<meta property=\"og:type\" content=\"article\" \/>\n<meta property=\"og:title\" content=\"PROMIX-UNI KOMFORT, glut\u00e9nmentes keny\u00e9r lisztkever\u00e9k - Novalim\" \/>\n<meta property=\"og:description\" content=\"univerz\u00e1lis glut\u00e9nmentes kever\u00e9k s\u00fct\u00e9s sz\u00e1m\u00e1ra automatikus p\u00e9ks\u00e9gekben. El\u00e9g hozz\u00e1adni vizet \u00e9s sz\u00e1r\u00edtott \u00e9leszt\u0151t \u00e9s elind\u00edtani a 2 \u00f3r\u00e1s programot. \u00cdzl\u00e9s szerint lehet hozz\u00e1adni keny\u00e9rf\u0171szert, magokat \u00e9s hasonl\u00f3kat. A kever\u00e9k tartalmaz n\u00f6v\u00e9nyi zs\u00edrt is. A kever\u00e9khez (1 keny\u00e9rre val\u00f3 adag) l hozz\u00e1 ehet adni 1-2 leveseskan\u00e1l amarant vagy poh\u00e1nkalisztet vagy amarant gy\u00f6ngy\u00f6ket.\" \/>\n<meta property=\"og:url\" content=\"https:\/\/novalimglutenfree.com\/hu\/obchod\/liszt-hu\/glutenmentes-lisztkeverekek-hu\/promix-uni-komfort-glutenmentes-kenyer-lisztkeverek\/\" \/>\n<meta property=\"og:site_name\" content=\"Novalim\" \/>\n<meta property=\"article:modified_time\" content=\"2016-05-17T20:17:28+00:00\" \/>\n<meta property=\"og:image\" content=\"https:\/\/novalimglutenfree.com\/wp-content\/uploads\/2016\/05\/Uni-Komfort.jpg\" \/>\n\t<meta property=\"og:image:width\" content=\"413\" \/>\n\t<meta property=\"og:image:height\" content=\"618\" \/>\n<meta name=\"twitter:card\" content=\"summary\" \/>\n<meta name=\"twitter:label1\" content=\"Becs\u00fclt olvas\u00e1si id\u0151\">\n\t<meta name=\"twitter:data1\" content=\"1 perc\">\n<script type=\"application\/ld+json\" class=\"yoast-schema-graph\">{\"@context\":\"https:\/\/schema.org\",\"@graph\":[{\"@type\":\"WebSite\",\"@id\":\"https:\/\/www.novalimglutenfree.com\/de\/#website\",\"url\":\"https:\/\/www.novalimglutenfree.com\/de\/\",\"name\":\"Novalim\",\"description\":\"Bezlepkov\\u00e9 potraviny, bezlepkov\\u00e9 recepty, celiakia, PKU\",\"potentialAction\":[{\"@type\":\"SearchAction\",\"target\":\"https:\/\/www.novalimglutenfree.com\/de\/?s={search_term_string}\",\"query-input\":\"required name=search_term_string\"}],\"inLanguage\":\"hu\"},{\"@type\":\"ImageObject\",\"@id\":\"https:\/\/novalimglutenfree.com\/hu\/obchod\/liszt-hu\/glutenmentes-lisztkeverekek-hu\/promix-uni-komfort-glutenmentes-kenyer-lisztkeverek\/#primaryimage\",\"inLanguage\":\"hu\",\"url\":\"https:\/\/novalimglutenfree.com\/wp-content\/uploads\/2016\/05\/Uni-Komfort.jpg\",\"width\":413,\"height\":618},{\"@type\":\"WebPage\",\"@id\":\"https:\/\/novalimglutenfree.com\/hu\/obchod\/liszt-hu\/glutenmentes-lisztkeverekek-hu\/promix-uni-komfort-glutenmentes-kenyer-lisztkeverek\/#webpage\",\"url\":\"https:\/\/novalimglutenfree.com\/hu\/obchod\/liszt-hu\/glutenmentes-lisztkeverekek-hu\/promix-uni-komfort-glutenmentes-kenyer-lisztkeverek\/\",\"name\":\"PROMIX-UNI KOMFORT, glut\\u00e9nmentes keny\\u00e9r lisztkever\\u00e9k - Novalim\",\"isPartOf\":{\"@id\":\"https:\/\/www.novalimglutenfree.com\/de\/#website\"},\"primaryImageOfPage\":{\"@id\":\"https:\/\/novalimglutenfree.com\/hu\/obchod\/liszt-hu\/glutenmentes-lisztkeverekek-hu\/promix-uni-komfort-glutenmentes-kenyer-lisztkeverek\/#primaryimage\"},\"datePublished\":\"2016-05-06T07:40:34+00:00\",\"dateModified\":\"2016-05-17T20:17:28+00:00\",\"inLanguage\":\"hu\",\"potentialAction\":[{\"@type\":\"ReadAction\",\"target\":[\"https:\/\/novalimglutenfree.com\/hu\/obchod\/liszt-hu\/glutenmentes-lisztkeverekek-hu\/promix-uni-komfort-glutenmentes-kenyer-lisztkeverek\/\"]}]}]}<\/script>\n<!-- \/ Yoast SEO plugin. -->","_links":{"self":[{"href":"https:\/\/novalimglutenfree.com\/hu\/wp-json\/wp\/v2\/product\/2057"}],"collection":[{"href":"https:\/\/novalimglutenfree.com\/hu\/wp-json\/wp\/v2\/product"}],"about":[{"href":"https:\/\/novalimglutenfree.com\/hu\/wp-json\/wp\/v2\/types\/product"}],"replies":[{"embeddable":true,"href":"https:\/\/novalimglutenfree.com\/hu\/wp-json\/wp\/v2\/comments?post=2057"}],"version-history":[{"count":0,"href":"https:\/\/novalimglutenfree.com\/hu\/wp-json\/wp\/v2\/product\/2057\/revisions"}],"wp:featuredmedia":[{"embeddable":true,"href":"https:\/\/novalimglutenfree.com\/hu\/wp-json\/wp\/v2\/media\/2290"}],"wp:attachment":[{"href":"https:\/\/novalimglutenfree.com\/hu\/wp-json\/wp\/v2\/media?parent=2057"}],"curies":[{"name":"wp","href":"https:\/\/api.w.org\/{rel}","templated":true}]}}