{"id":2045,"date":"2016-05-06T09:41:13","date_gmt":"2016-05-06T07:41:13","guid":{"rendered":"http:\/\/novalimglutenfree.com\/obchod\/promix-alfa\/"},"modified":"2016-05-17T22:14:21","modified_gmt":"2016-05-17T20:14:21","slug":"promix-alfa-univerzalis-asvanyianyag-tartalmu-glutenmentes-liszt","status":"publish","type":"product","link":"https:\/\/novalimglutenfree.com\/hu\/obchod\/liszt-hu\/glutenmentes-lisztkeverekek-hu\/promix-alfa-univerzalis-asvanyianyag-tartalmu-glutenmentes-liszt\/","title":{"rendered":"PROMIX- Alfa, univerz\u00e1lis \u00e1sv\u00e1nyianyag-tartalm\u00fa glut\u00e9nmentes liszt"},"content":{"rendered":"<p>Sokoldal\u00fa glut\u00e9nmentes liszt el\u0151\u00e1ll\u00edt\u00e1s\u00e1ra alkalmas cukr\u00e1szati term\u00e9kek (keny\u00e9r, p\u00e9k\u00e1ru). El\u0151\u00e1ll\u00edt\u00e1s\u00e1ra k\u00fcl\u00f6n\u00f6sen alkalmas g\u0151zgomb\u00f3c \u00e9s f\u00e1nk, s\u00fctem\u00e9nyek, pizz\u00e1k \u00e9s kis s\u00f3s \u00e9s \u00e9des s\u00fctem\u00e9nyek.<\/p>\n<p><strong>Term\u00e9k inform\u00e1ci\u00f3:\u00a0<\/strong>Hozz\u00e1val\u00f3k: kukoricakem\u00e9ny\u00edt\u0151, burgonyakem\u00e9ny\u00edt\u0151, rizsliszt, sz\u00f3jaliszt, bors\u00f3 feh\u00e9rje, a guargumi, a psyllium n\u00f6v\u00e9nyi rost, s\u0171r\u00edt\u0151: hidroxi-propil-metil-cellul\u00f3z, egy emulge\u00e1l\u00f3szer, n\u00e1trium-sztearoil-laktil\u00e1t, egy \u00e1sv\u00e1nyi komplex h\u00edn\u00e1r.<\/p>\n<p><strong>100 g term\u00e9k tartalmaz \u00e1tlagban:<\/strong><br \/>\u00a0 3,1 gramm feh\u00e9rje; 84,8 g sz\u00e9nhidr\u00e1tot, 3,6 g zs\u00edr; 3,0 g rost\u00a0180 mg kalcium; 12 mg magn\u00e9zium \u00e9s 72 nyomelemek<\/p>\n<p><strong>energia:<\/strong>\u00a0 1606 kJ; 384 kcal<\/p>\n","protected":false},"excerpt":{"rendered":"<p>Sokoldal\u00fa glut\u00e9nmentes liszt el\u0151\u00e1ll\u00edt\u00e1s\u00e1ra alkalmas cukr\u00e1szati term\u00e9kek (keny\u00e9r, p\u00e9k\u00e1ru). El\u0151\u00e1ll\u00edt\u00e1s\u00e1ra k\u00fcl\u00f6n\u00f6sen alkalmas g\u0151zgomb\u00f3c \u00e9s f\u00e1nk, s\u00fctem\u00e9nyek, pizz\u00e1k \u00e9s kis s\u00f3s \u00e9s \u00e9des s\u00fctem\u00e9nyek.<\/p>\n","protected":false},"featured_media":1018,"comment_status":"closed","ping_status":"closed","template":"","meta":[],"yoast_head":"<!-- This site is optimized with the Yoast SEO plugin v15.7 - https:\/\/yoast.com\/wordpress\/plugins\/seo\/ -->\n<title>PROMIX- Alfa, univerz\u00e1lis \u00e1sv\u00e1nyianyag-tartalm\u00fa glut\u00e9nmentes liszt - Novalim<\/title>\n<meta name=\"robots\" content=\"index, follow, max-snippet:-1, max-image-preview:large, max-video-preview:-1\" \/>\n<link rel=\"canonical\" href=\"https:\/\/novalimglutenfree.com\/hu\/obchod\/liszt-hu\/glutenmentes-lisztkeverekek-hu\/promix-alfa-univerzalis-asvanyianyag-tartalmu-glutenmentes-liszt\/\" \/>\n<meta property=\"og:locale\" content=\"hu_HU\" \/>\n<meta property=\"og:type\" content=\"article\" \/>\n<meta property=\"og:title\" content=\"PROMIX- Alfa, univerz\u00e1lis \u00e1sv\u00e1nyianyag-tartalm\u00fa glut\u00e9nmentes liszt - Novalim\" \/>\n<meta property=\"og:description\" content=\"Sokoldal\u00fa glut\u00e9nmentes liszt el\u0151\u00e1ll\u00edt\u00e1s\u00e1ra alkalmas cukr\u00e1szati term\u00e9kek (keny\u00e9r, p\u00e9k\u00e1ru). El\u0151\u00e1ll\u00edt\u00e1s\u00e1ra k\u00fcl\u00f6n\u00f6sen alkalmas g\u0151zgomb\u00f3c \u00e9s f\u00e1nk, s\u00fctem\u00e9nyek, pizz\u00e1k \u00e9s kis s\u00f3s \u00e9s \u00e9des s\u00fctem\u00e9nyek.\" \/>\n<meta property=\"og:url\" content=\"https:\/\/novalimglutenfree.com\/hu\/obchod\/liszt-hu\/glutenmentes-lisztkeverekek-hu\/promix-alfa-univerzalis-asvanyianyag-tartalmu-glutenmentes-liszt\/\" \/>\n<meta property=\"og:site_name\" content=\"Novalim\" \/>\n<meta property=\"article:modified_time\" content=\"2016-05-17T20:14:21+00:00\" \/>\n<meta property=\"og:image\" content=\"https:\/\/novalimglutenfree.com\/wp-content\/uploads\/2016\/05\/Promix_Alfa.jpg\" \/>\n\t<meta property=\"og:image:width\" content=\"413\" \/>\n\t<meta property=\"og:image:height\" content=\"618\" \/>\n<meta name=\"twitter:card\" content=\"summary\" \/>\n<meta name=\"twitter:label1\" content=\"Becs\u00fclt olvas\u00e1si id\u0151\">\n\t<meta name=\"twitter:data1\" content=\"1 perc\">\n<script type=\"application\/ld+json\" class=\"yoast-schema-graph\">{\"@context\":\"https:\/\/schema.org\",\"@graph\":[{\"@type\":\"WebSite\",\"@id\":\"https:\/\/www.novalimglutenfree.com\/de\/#website\",\"url\":\"https:\/\/www.novalimglutenfree.com\/de\/\",\"name\":\"Novalim\",\"description\":\"Bezlepkov\\u00e9 potraviny, bezlepkov\\u00e9 recepty, celiakia, PKU\",\"potentialAction\":[{\"@type\":\"SearchAction\",\"target\":\"https:\/\/www.novalimglutenfree.com\/de\/?s={search_term_string}\",\"query-input\":\"required name=search_term_string\"}],\"inLanguage\":\"hu\"},{\"@type\":\"ImageObject\",\"@id\":\"https:\/\/novalimglutenfree.com\/hu\/obchod\/liszt-hu\/glutenmentes-lisztkeverekek-hu\/promix-alfa-univerzalis-asvanyianyag-tartalmu-glutenmentes-liszt\/#primaryimage\",\"inLanguage\":\"hu\",\"url\":\"https:\/\/novalimglutenfree.com\/wp-content\/uploads\/2016\/05\/Promix_Alfa.jpg\",\"width\":413,\"height\":618},{\"@type\":\"WebPage\",\"@id\":\"https:\/\/novalimglutenfree.com\/hu\/obchod\/liszt-hu\/glutenmentes-lisztkeverekek-hu\/promix-alfa-univerzalis-asvanyianyag-tartalmu-glutenmentes-liszt\/#webpage\",\"url\":\"https:\/\/novalimglutenfree.com\/hu\/obchod\/liszt-hu\/glutenmentes-lisztkeverekek-hu\/promix-alfa-univerzalis-asvanyianyag-tartalmu-glutenmentes-liszt\/\",\"name\":\"PROMIX- Alfa, univerz\\u00e1lis \\u00e1sv\\u00e1nyianyag-tartalm\\u00fa glut\\u00e9nmentes liszt - Novalim\",\"isPartOf\":{\"@id\":\"https:\/\/www.novalimglutenfree.com\/de\/#website\"},\"primaryImageOfPage\":{\"@id\":\"https:\/\/novalimglutenfree.com\/hu\/obchod\/liszt-hu\/glutenmentes-lisztkeverekek-hu\/promix-alfa-univerzalis-asvanyianyag-tartalmu-glutenmentes-liszt\/#primaryimage\"},\"datePublished\":\"2016-05-06T07:41:13+00:00\",\"dateModified\":\"2016-05-17T20:14:21+00:00\",\"inLanguage\":\"hu\",\"potentialAction\":[{\"@type\":\"ReadAction\",\"target\":[\"https:\/\/novalimglutenfree.com\/hu\/obchod\/liszt-hu\/glutenmentes-lisztkeverekek-hu\/promix-alfa-univerzalis-asvanyianyag-tartalmu-glutenmentes-liszt\/\"]}]}]}<\/script>\n<!-- \/ Yoast SEO plugin. -->","_links":{"self":[{"href":"https:\/\/novalimglutenfree.com\/hu\/wp-json\/wp\/v2\/product\/2045"}],"collection":[{"href":"https:\/\/novalimglutenfree.com\/hu\/wp-json\/wp\/v2\/product"}],"about":[{"href":"https:\/\/novalimglutenfree.com\/hu\/wp-json\/wp\/v2\/types\/product"}],"replies":[{"embeddable":true,"href":"https:\/\/novalimglutenfree.com\/hu\/wp-json\/wp\/v2\/comments?post=2045"}],"version-history":[{"count":0,"href":"https:\/\/novalimglutenfree.com\/hu\/wp-json\/wp\/v2\/product\/2045\/revisions"}],"wp:featuredmedia":[{"embeddable":true,"href":"https:\/\/novalimglutenfree.com\/hu\/wp-json\/wp\/v2\/media\/1018"}],"wp:attachment":[{"href":"https:\/\/novalimglutenfree.com\/hu\/wp-json\/wp\/v2\/media?parent=2045"}],"curies":[{"name":"wp","href":"https:\/\/api.w.org\/{rel}","templated":true}]}}