{"id":2032,"date":"2016-05-06T09:40:46","date_gmt":"2016-05-06T07:40:46","guid":{"rendered":"http:\/\/novalimglutenfree.com\/hu\/obchod\/limky-bezlepkove-keksy-kakaove\/"},"modified":"2016-05-31T10:56:40","modified_gmt":"2016-05-31T08:56:40","slug":"limky-glutenmentes-kakao-kekszek-toeltve","status":"publish","type":"product","link":"https:\/\/novalimglutenfree.com\/hu\/obchod\/kekszek-csemegek-inyenc-falatokhu\/glutenmentes-kekszek-hu\/limky-glutenmentes-kakao-kekszek-toeltve\/","title":{"rendered":"LIMKY-glut\u00e9nmentes kaka\u00f3 kekszek, t\u00f6ltve"},"content":{"rendered":"<p>KAKA\u00d3 moustache teljes &#8211; glut\u00e9nmentes keksz, jellemz\u0151je a finom \u00edzl\u00e9s \u00e9s \u00e9rz\u00e9kenys\u00e9g. Finom csokol\u00e1d\u00e9 kr\u00e9m s\u00f6t\u00e9t csokol\u00e1d\u00e9 t\u00f6meges haszn\u00e1lata.<br \/>\nCsomagol\u00e1s: 150 g<\/p>\n<p>Term\u00e9k inform\u00e1ci\u00f3:<\/p>\n<p>Hozz\u00e1val\u00f3k:<br \/>\n kukoricakem\u00e9ny\u00edt\u0151, rizsliszt, n\u00f6v\u00e9nyi olaj, m\u00f3dos\u00edtott kukorica-kem\u00e9ny\u00edt\u0151, cukor, sz\u00f3jaliszt, kaka\u00f3, gl\u00fck\u00f3zszirup, friss toj\u00e1s kever\u00e9ket, s\u00f3, emulge\u00e1l\u00f3szer: lecitin, t\u00e9rfogatn\u00f6vel\u0151 szerek E450, E500. Kit\u00f6lt\u00e9se (csokol\u00e1d\u00e9kr\u00e9m): cukor, hidrog\u00e9nezett n\u00f6v\u00e9nyi zs\u00edr, csokol\u00e1d\u00e9, kaka\u00f3por, n\u00f6v\u00e9nyi olaj, emulge\u00e1l\u00f3szer lecitin)<br \/>\n100 g term\u00e9k tartalmaz \u00e1tlagban:<br \/>\n 4,50 g feh\u00e9rje, 68,60 g sz\u00e9nhidr\u00e1t, \u00e9s 20,50 gramm zs\u00edrt<\/p>\n<p>Energia:<br \/>\n 2005 kJ, 479,6 kcal<\/p>\n","protected":false},"excerpt":{"rendered":"<p>KAKA\u00d3 moustache teljes &#8211; glut\u00e9nmentes keksz, jellemz\u0151je a finom \u00edzl\u00e9s \u00e9s \u00e9rz\u00e9kenys\u00e9g. Finom csokol\u00e1d\u00e9 kr\u00e9m s\u00f6t\u00e9t csokol\u00e1d\u00e9 t\u00f6meges haszn\u00e1lata. <\/p>\n","protected":false},"featured_media":2025,"comment_status":"closed","ping_status":"closed","template":"","meta":[],"yoast_head":"<!-- This site is optimized with the Yoast SEO plugin v15.7 - https:\/\/yoast.com\/wordpress\/plugins\/seo\/ -->\n<title>LIMKY-glut\u00e9nmentes kaka\u00f3 kekszek, t\u00f6ltve - Novalim<\/title>\n<meta name=\"robots\" content=\"index, follow, max-snippet:-1, max-image-preview:large, max-video-preview:-1\" \/>\n<link rel=\"canonical\" href=\"https:\/\/novalimglutenfree.com\/hu\/obchod\/kekszek-csemegek-inyenc-falatokhu\/glutenmentes-kekszek-hu\/limky-glutenmentes-kakao-kekszek-toeltve\/\" \/>\n<meta property=\"og:locale\" content=\"hu_HU\" \/>\n<meta property=\"og:type\" content=\"article\" \/>\n<meta property=\"og:title\" content=\"LIMKY-glut\u00e9nmentes kaka\u00f3 kekszek, t\u00f6ltve - Novalim\" \/>\n<meta property=\"og:description\" content=\"KAKA\u00d3 moustache teljes - glut\u00e9nmentes keksz, jellemz\u0151je a finom \u00edzl\u00e9s \u00e9s \u00e9rz\u00e9kenys\u00e9g. Finom csokol\u00e1d\u00e9 kr\u00e9m s\u00f6t\u00e9t csokol\u00e1d\u00e9 t\u00f6meges haszn\u00e1lata.\" \/>\n<meta property=\"og:url\" content=\"https:\/\/novalimglutenfree.com\/hu\/obchod\/kekszek-csemegek-inyenc-falatokhu\/glutenmentes-kekszek-hu\/limky-glutenmentes-kakao-kekszek-toeltve\/\" \/>\n<meta property=\"og:site_name\" content=\"Novalim\" \/>\n<meta property=\"article:modified_time\" content=\"2016-05-31T08:56:40+00:00\" \/>\n<meta property=\"og:image\" content=\"https:\/\/novalimglutenfree.com\/wp-content\/uploads\/2016\/05\/LimkyChoc.jpg\" \/>\n\t<meta property=\"og:image:width\" content=\"926\" \/>\n\t<meta property=\"og:image:height\" content=\"618\" \/>\n<meta name=\"twitter:card\" content=\"summary\" \/>\n<meta name=\"twitter:label1\" content=\"Becs\u00fclt olvas\u00e1si id\u0151\">\n\t<meta name=\"twitter:data1\" content=\"1 perc\">\n<script type=\"application\/ld+json\" class=\"yoast-schema-graph\">{\"@context\":\"https:\/\/schema.org\",\"@graph\":[{\"@type\":\"WebSite\",\"@id\":\"https:\/\/www.novalimglutenfree.com\/de\/#website\",\"url\":\"https:\/\/www.novalimglutenfree.com\/de\/\",\"name\":\"Novalim\",\"description\":\"Bezlepkov\\u00e9 potraviny, bezlepkov\\u00e9 recepty, celiakia, PKU\",\"potentialAction\":[{\"@type\":\"SearchAction\",\"target\":\"https:\/\/www.novalimglutenfree.com\/de\/?s={search_term_string}\",\"query-input\":\"required name=search_term_string\"}],\"inLanguage\":\"hu\"},{\"@type\":\"ImageObject\",\"@id\":\"https:\/\/novalimglutenfree.com\/hu\/obchod\/kekszek-csemegek-inyenc-falatokhu\/glutenmentes-kekszek-hu\/limky-glutenmentes-kakao-kekszek-toeltve\/#primaryimage\",\"inLanguage\":\"hu\",\"url\":\"https:\/\/novalimglutenfree.com\/wp-content\/uploads\/2016\/05\/LimkyChoc.jpg\",\"width\":926,\"height\":618},{\"@type\":\"WebPage\",\"@id\":\"https:\/\/novalimglutenfree.com\/hu\/obchod\/kekszek-csemegek-inyenc-falatokhu\/glutenmentes-kekszek-hu\/limky-glutenmentes-kakao-kekszek-toeltve\/#webpage\",\"url\":\"https:\/\/novalimglutenfree.com\/hu\/obchod\/kekszek-csemegek-inyenc-falatokhu\/glutenmentes-kekszek-hu\/limky-glutenmentes-kakao-kekszek-toeltve\/\",\"name\":\"LIMKY-glut\\u00e9nmentes kaka\\u00f3 kekszek, t\\u00f6ltve - Novalim\",\"isPartOf\":{\"@id\":\"https:\/\/www.novalimglutenfree.com\/de\/#website\"},\"primaryImageOfPage\":{\"@id\":\"https:\/\/novalimglutenfree.com\/hu\/obchod\/kekszek-csemegek-inyenc-falatokhu\/glutenmentes-kekszek-hu\/limky-glutenmentes-kakao-kekszek-toeltve\/#primaryimage\"},\"datePublished\":\"2016-05-06T07:40:46+00:00\",\"dateModified\":\"2016-05-31T08:56:40+00:00\",\"inLanguage\":\"hu\",\"potentialAction\":[{\"@type\":\"ReadAction\",\"target\":[\"https:\/\/novalimglutenfree.com\/hu\/obchod\/kekszek-csemegek-inyenc-falatokhu\/glutenmentes-kekszek-hu\/limky-glutenmentes-kakao-kekszek-toeltve\/\"]}]}]}<\/script>\n<!-- \/ Yoast SEO plugin. -->","_links":{"self":[{"href":"https:\/\/novalimglutenfree.com\/hu\/wp-json\/wp\/v2\/product\/2032"}],"collection":[{"href":"https:\/\/novalimglutenfree.com\/hu\/wp-json\/wp\/v2\/product"}],"about":[{"href":"https:\/\/novalimglutenfree.com\/hu\/wp-json\/wp\/v2\/types\/product"}],"replies":[{"embeddable":true,"href":"https:\/\/novalimglutenfree.com\/hu\/wp-json\/wp\/v2\/comments?post=2032"}],"version-history":[{"count":0,"href":"https:\/\/novalimglutenfree.com\/hu\/wp-json\/wp\/v2\/product\/2032\/revisions"}],"wp:featuredmedia":[{"embeddable":true,"href":"https:\/\/novalimglutenfree.com\/hu\/wp-json\/wp\/v2\/media\/2025"}],"wp:attachment":[{"href":"https:\/\/novalimglutenfree.com\/hu\/wp-json\/wp\/v2\/media?parent=2032"}],"curies":[{"name":"wp","href":"https:\/\/api.w.org\/{rel}","templated":true}]}}