{"id":2010,"date":"2016-05-06T09:41:00","date_gmt":"2016-05-06T07:41:00","guid":{"rendered":"http:\/\/novalimglutenfree.com\/hu\/obchod\/bezlepkove-granulovane-musli-s-hrozienkami\/"},"modified":"2016-05-17T22:02:24","modified_gmt":"2016-05-17T20:02:24","slug":"glutenmentes-granulalt-muezli-mazsolaval","status":"publish","type":"product","link":"https:\/\/novalimglutenfree.com\/hu\/obchod\/kekszek-csemegek-inyenc-falatokhu\/glutenmentes-kekszek-hu\/glutenmentes-granulalt-muezli-mazsolaval\/","title":{"rendered":"Glut\u00e9nmentes granul\u00e1lt m\u00fczli mazsol\u00e1val"},"content":{"rendered":"<p><strong>PIR\u00cdTOTT M\u00dcZLI MAZSOL\u00c1VAL<\/strong> \u2013k\u00f6zvetlen fogyaszt\u00e1sra sz\u00e1raz \u00e1llapotban, vagy be\u00f6ntve meleg vagy hideg tejjel, gy\u00fcm\u00f6lcsl\u00e9vel, komp\u00f3ttal \u00e9s hasonl\u00f3val sz\u00e1nt term\u00e9k.<\/p>\n<p><strong>Csomagol\u00e1s<\/strong>: 200 g<\/p>\n<p><strong>INFORM\u00c1CI\u00d3K A TERM\u00c9KR\u0150L<\/strong> \u00d6sszet\u00e9tel: nyerscukor, rizsliszt, extrud\u00e1lt kukorica, mazsola, napraforg\u00f3, n\u00f6v\u00e9nyolaj, amarant-gy\u00f6ngy\u00f6k, k\u00f3kusz, s\u00f6t\u00e9t rizsliszt, m\u00e9z, s\u00f3<\/p>\n<p><strong>100 g term\u00e9k \u00e1tlagosan tartalmaz:<\/strong> 6,8 g feh\u00e9rj\u00e9t, 64,0 g sz\u00e9nhidr\u00e1tot \u00e9s 24,0 g zs\u00edrt.<\/p>\n<p><strong>Enegia\u00e9rt\u00e9k<\/strong>: 2077 kJ; 496,8 kcal<\/p>\n","protected":false},"excerpt":{"rendered":"<p>k\u00f6zvetlen fogyaszt\u00e1sra sz\u00e1raz \u00e1llapotban, vagy be\u00f6ntve meleg vagy hideg tejjel, gy\u00fcm\u00f6lcsl\u00e9vel, komp\u00f3ttal \u00e9s hasonl\u00f3val sz\u00e1nt term\u00e9k.<\/p>\n","protected":false},"featured_media":2003,"comment_status":"closed","ping_status":"closed","template":"","meta":[],"yoast_head":"<!-- This site is optimized with the Yoast SEO plugin v15.7 - https:\/\/yoast.com\/wordpress\/plugins\/seo\/ -->\n<title>Glut\u00e9nmentes granul\u00e1lt m\u00fczli mazsol\u00e1val - Novalim<\/title>\n<meta name=\"robots\" content=\"index, follow, max-snippet:-1, max-image-preview:large, max-video-preview:-1\" \/>\n<link rel=\"canonical\" href=\"https:\/\/novalimglutenfree.com\/hu\/obchod\/kekszek-csemegek-inyenc-falatokhu\/glutenmentes-kekszek-hu\/glutenmentes-granulalt-muezli-mazsolaval\/\" \/>\n<meta property=\"og:locale\" content=\"hu_HU\" \/>\n<meta property=\"og:type\" content=\"article\" \/>\n<meta property=\"og:title\" content=\"Glut\u00e9nmentes granul\u00e1lt m\u00fczli mazsol\u00e1val - Novalim\" \/>\n<meta property=\"og:description\" content=\"k\u00f6zvetlen fogyaszt\u00e1sra sz\u00e1raz \u00e1llapotban, vagy be\u00f6ntve meleg vagy hideg tejjel, gy\u00fcm\u00f6lcsl\u00e9vel, komp\u00f3ttal \u00e9s hasonl\u00f3val sz\u00e1nt term\u00e9k.\" \/>\n<meta property=\"og:url\" content=\"https:\/\/novalimglutenfree.com\/hu\/obchod\/kekszek-csemegek-inyenc-falatokhu\/glutenmentes-kekszek-hu\/glutenmentes-granulalt-muezli-mazsolaval\/\" \/>\n<meta property=\"og:site_name\" content=\"Novalim\" \/>\n<meta property=\"article:modified_time\" content=\"2016-05-17T20:02:24+00:00\" \/>\n<meta property=\"og:image\" content=\"https:\/\/novalimglutenfree.com\/wp-content\/uploads\/2016\/05\/Muslie.jpg\" \/>\n\t<meta property=\"og:image:width\" content=\"413\" \/>\n\t<meta property=\"og:image:height\" content=\"618\" \/>\n<meta name=\"twitter:card\" content=\"summary\" \/>\n<script type=\"application\/ld+json\" class=\"yoast-schema-graph\">{\"@context\":\"https:\/\/schema.org\",\"@graph\":[{\"@type\":\"WebSite\",\"@id\":\"https:\/\/www.novalimglutenfree.com\/de\/#website\",\"url\":\"https:\/\/www.novalimglutenfree.com\/de\/\",\"name\":\"Novalim\",\"description\":\"Bezlepkov\\u00e9 potraviny, bezlepkov\\u00e9 recepty, celiakia, PKU\",\"potentialAction\":[{\"@type\":\"SearchAction\",\"target\":\"https:\/\/www.novalimglutenfree.com\/de\/?s={search_term_string}\",\"query-input\":\"required name=search_term_string\"}],\"inLanguage\":\"hu\"},{\"@type\":\"ImageObject\",\"@id\":\"https:\/\/novalimglutenfree.com\/hu\/obchod\/kekszek-csemegek-inyenc-falatokhu\/glutenmentes-kekszek-hu\/glutenmentes-granulalt-muezli-mazsolaval\/#primaryimage\",\"inLanguage\":\"hu\",\"url\":\"https:\/\/novalimglutenfree.com\/wp-content\/uploads\/2016\/05\/Muslie.jpg\",\"width\":413,\"height\":618},{\"@type\":\"WebPage\",\"@id\":\"https:\/\/novalimglutenfree.com\/hu\/obchod\/kekszek-csemegek-inyenc-falatokhu\/glutenmentes-kekszek-hu\/glutenmentes-granulalt-muezli-mazsolaval\/#webpage\",\"url\":\"https:\/\/novalimglutenfree.com\/hu\/obchod\/kekszek-csemegek-inyenc-falatokhu\/glutenmentes-kekszek-hu\/glutenmentes-granulalt-muezli-mazsolaval\/\",\"name\":\"Glut\\u00e9nmentes granul\\u00e1lt m\\u00fczli mazsol\\u00e1val - Novalim\",\"isPartOf\":{\"@id\":\"https:\/\/www.novalimglutenfree.com\/de\/#website\"},\"primaryImageOfPage\":{\"@id\":\"https:\/\/novalimglutenfree.com\/hu\/obchod\/kekszek-csemegek-inyenc-falatokhu\/glutenmentes-kekszek-hu\/glutenmentes-granulalt-muezli-mazsolaval\/#primaryimage\"},\"datePublished\":\"2016-05-06T07:41:00+00:00\",\"dateModified\":\"2016-05-17T20:02:24+00:00\",\"inLanguage\":\"hu\",\"potentialAction\":[{\"@type\":\"ReadAction\",\"target\":[\"https:\/\/novalimglutenfree.com\/hu\/obchod\/kekszek-csemegek-inyenc-falatokhu\/glutenmentes-kekszek-hu\/glutenmentes-granulalt-muezli-mazsolaval\/\"]}]}]}<\/script>\n<!-- \/ Yoast SEO plugin. -->","_links":{"self":[{"href":"https:\/\/novalimglutenfree.com\/hu\/wp-json\/wp\/v2\/product\/2010"}],"collection":[{"href":"https:\/\/novalimglutenfree.com\/hu\/wp-json\/wp\/v2\/product"}],"about":[{"href":"https:\/\/novalimglutenfree.com\/hu\/wp-json\/wp\/v2\/types\/product"}],"replies":[{"embeddable":true,"href":"https:\/\/novalimglutenfree.com\/hu\/wp-json\/wp\/v2\/comments?post=2010"}],"version-history":[{"count":0,"href":"https:\/\/novalimglutenfree.com\/hu\/wp-json\/wp\/v2\/product\/2010\/revisions"}],"wp:featuredmedia":[{"embeddable":true,"href":"https:\/\/novalimglutenfree.com\/hu\/wp-json\/wp\/v2\/media\/2003"}],"wp:attachment":[{"href":"https:\/\/novalimglutenfree.com\/hu\/wp-json\/wp\/v2\/media?parent=2010"}],"curies":[{"name":"wp","href":"https:\/\/api.w.org\/{rel}","templated":true}]}}