{"id":1417,"date":"2016-04-28T13:02:50","date_gmt":"2016-04-28T11:02:50","guid":{"rendered":"http:\/\/novalimglutenfree.com\/hu\/predajne\/"},"modified":"2018-06-26T14:13:03","modified_gmt":"2018-06-26T12:13:03","slug":"predajne","status":"publish","type":"page","link":"https:\/\/novalimglutenfree.com\/hu\/predajne\/","title":{"rendered":"Predajne"},"content":{"rendered":"<div id='av_section_1'  class='avia-section main_color avia-section-default avia-no-shadow  avia-bg-style-scroll  avia-builder-el-0  el_before_av_section  avia-builder-el-first   container_wrap sidebar_right' style=' '  ><div class='container' ><main  role=\"main\" itemprop=\"mainContentOfPage\"  class='template-page content  av-content-small alpha units'><div class='post-entry post-entry-type-page post-entry-1417'><div class='entry-content-wrapper clearfix'>\n<section class=\"av_textblock_section \"  itemscope=\"itemscope\" itemtype=\"https:\/\/schema.org\/CreativeWork\" ><div class='avia_textblock  '   itemprop=\"text\" ><h2>Na\u0161i partneri<\/h2>\n<\/div><\/section>\n<div   data-autoplay='false'  data-interval='5'  data-animation='slide'  class='avia-logo-element-container  avia-logo-grid avia-content-slider avia-smallarrow-slider avia-content-grid-active noHover avia-content-slider1 avia-content-slider-even  avia-builder-el-2  el_after_av_textblock  avia-builder-el-last  ' ><div class='avia-smallarrow-slider-heading  no-logo-slider-heading '><div class='new-special-heading'>&nbsp;<\/div><\/div><div class='avia-content-slider-inner'><div class='slide-entry-wrap' ><div  class='slide-entry flex_column no_margin post-entry slide-entry-overview slide-loop-1 slide-parity-odd  av_one_fourth first real-thumbnail'><span class='av-partner-fake-img' style='padding-bottom:75.4054054054%; background-image:url(https:\/\/novalimglutenfree.com\/wp-content\/uploads\/2016\/04\/billa_Logo-365.png);'><\/span><\/div><div  class='slide-entry flex_column no_margin post-entry slide-entry-overview slide-loop-2 slide-parity-even  av_one_fourth  real-thumbnail'><span class='av-partner-fake-img' style='padding-bottom:75.4054054054%; background-image:url(https:\/\/novalimglutenfree.com\/wp-content\/uploads\/2016\/04\/Terno_Logo-365.png);'><\/span><\/div><div  class='slide-entry flex_column no_margin post-entry slide-entry-overview slide-loop-3 slide-parity-odd  av_one_fourth  real-thumbnail'><a href='https:\/\/www.yeme.sk\/' data-rel='slide-1' class='slide-image' title='' target=\"_blank\" rel=\"noopener noreferrer\"><span class='av-partner-fake-img' style='padding-bottom:75.4054054054%; background-image:url(https:\/\/novalimglutenfree.com\/wp-content\/uploads\/2018\/06\/YemeLogo1.png);'><\/span><\/a><\/div><div  class='slide-entry flex_column no_margin post-entry slide-entry-overview slide-loop-4 slide-parity-even  post-entry-last  av_one_fourth  real-thumbnail'><span class='av-partner-fake-img' style='padding-bottom:75.4054054054%; background-image:url(https:\/\/novalimglutenfree.com\/wp-content\/uploads\/2016\/04\/Metro_Logo-365.png);'><\/span><\/div><\/div><\/div><\/div>\n<\/div><\/div><\/main><!-- close content main element --><\/div><\/div><div id='av_section_2'  class='avia-section main_color avia-section-default avia-no-shadow  avia-bg-style-scroll  avia-builder-el-3  el_after_av_section  avia-builder-el-last   container_wrap sidebar_right' style=' '  ><div class='container' ><div class='template-page content  av-content-small alpha units'><div class='post-entry post-entry-type-page post-entry-1417'><div class='entry-content-wrapper clearfix'>\n<section class=\"av_textblock_section \"  itemscope=\"itemscope\" itemtype=\"https:\/\/schema.org\/CreativeWork\" ><div class='avia_textblock  '   itemprop=\"text\" ><h1>Kde nakupova\u0165 Novalim v\u00fdrobky<\/h1>\n<\/div><\/section>\n<section class=\"av_textblock_section \"  itemscope=\"itemscope\" itemtype=\"https:\/\/schema.org\/CreativeWork\" ><div class='avia_textblock  '   itemprop=\"text\" ><div id=\"mpfy-map-0\" class=\"mpfy-fullwrap\" data-proprietary=\"[]\">\n\t\t\t\n\t\t<div class=\"mpfy-controls-wrap\">\n\t\t\t<div class=\"mpfy-controls mpfy-controls-all\">\n\t\t\t\t<form class=\"mpfy-search-form\" method=\"post\" action=\"\" style=\"\">\n\t\t\t\t\t<div class=\"mpfy-search-wrap\">\n\t\t\t\t\t\t<div class=\"mpfy-search-field\">\n\t\t\t\t\t\t\t<input type=\"text\" name=\"mpfy_search\" class=\"mpfy_search\" value=\"\" placeholder=\"Enter city or zip code\" \/>\n\t\t\t\t\t\t\t<a href=\"#\" class=\"mpfy-clear-search\">&nbsp;<\/a>\n\t\t\t\t\t\t<\/div>\n\t\t\t\t\t\t\t\t\t\t\t\t<input type=\"submit\" name=\"\" value=\"Search\" class=\"mpfy_search_button\" \/>\n\t\t\t\t\t<\/div>\n\t\t\t\t<\/form>\n\n\t\t\t\t<div class=\"mpfy-filter mpfy-selecter-wrap\" style=\"\">\n\t\t\t\t\t<select name=\"mpfy_tag\" class=\"mpfy_tag_select\">\n\t\t\t\t\t\t<option value=\"0\">Alap\u00e9rtelmezett n\u00e9zet<\/option>\n\t\t\t\t\t\t\t\t\t\t\t\t\t<option value=\"200\">Buchty<\/option>\n\t\t\t\t\t\t\t\t\t\t\t\t\t<option value=\"186\">Cestoviny<\/option>\n\t\t\t\t\t\t\t\t\t\t\t\t\t<option value=\"38\">Chleba<\/option>\n\t\t\t\t\t\t\t\t\t\t\t\t\t<option value=\"199\">Knedla<\/option>\n\t\t\t\t\t\t\t\t\t\t\t\t\t<option value=\"185\">M\u00faky<\/option>\n\t\t\t\t\t\t\t\t\t\t\t\t\t<option value=\"188\">Polotovary<\/option>\n\t\t\t\t\t\t\t\t\t\t\t<\/select>\n\t\t\t\t<\/div>\n\t\t\t<\/div>\n\t\t\t\n\t\t\t\t\t<\/div>\n\n\t\t<div class=\"mpfy-map-canvas mpfy-mode-google_maps with-controls\">\n\t\t\t<div style=\"display: none;\">\n\t\t\t\t\t\t\t<\/div>\n\n\t\t\t<div class=\"mpfy-map-canvas-wrap\">\n\t\t\t\t\t\t\t\t<div id=\"custom-mapping-google-map-0\" style=\"overflow: hidden; height: 400px\"><\/div>\n\t\t\t\t<span class=\"mpfy-scroll-handle\"><\/span>\n\t\t\t<\/div>\n\n\t\t\t\t\t\t\t<div class=\"mpfy-tags-list\">\n\t\t\t\t\t<div class=\"cl\">&nbsp;<\/div>\n\t\t\t\t\t<a href=\"#\" class=\"mpfy-tl-item\" data-tag-id=\"0\">\n\t\t\t\t\t\t<span class=\"mpfy-tl-i-icon\"><\/span>\n\t\t\t\t\t\tAlap\u00e9rtelmezett n\u00e9zet\t\t\t\t\t<\/a>\n\t\t\t\t\t\t\t\t\t\t\t\t\t\t\t\t\t<a href=\"#\" class=\"mpfy-tl-item\" data-tag-id=\"200\">\n\t\t\t\t\t\t\t\t\t\t\t\t\t\tBuchty\t\t\t\t\t\t<\/a>\n\t\t\t\t\t\t\t\t\t\t\t\t\t\t\t\t\t<a href=\"#\" class=\"mpfy-tl-item\" data-tag-id=\"186\">\n\t\t\t\t\t\t\t\t\t\t\t\t\t\tCestoviny\t\t\t\t\t\t<\/a>\n\t\t\t\t\t\t\t\t\t\t\t\t\t\t\t\t\t<a href=\"#\" class=\"mpfy-tl-item\" data-tag-id=\"38\">\n\t\t\t\t\t\t\t\t\t\t\t\t\t\tChleba\t\t\t\t\t\t<\/a>\n\t\t\t\t\t\t\t\t\t\t\t\t\t\t\t\t\t<a href=\"#\" class=\"mpfy-tl-item\" data-tag-id=\"199\">\n\t\t\t\t\t\t\t\t\t\t\t\t\t\tKnedla\t\t\t\t\t\t<\/a>\n\t\t\t\t\t\t\t\t\t\t\t\t\t\t\t\t\t<a href=\"#\" class=\"mpfy-tl-item\" data-tag-id=\"185\">\n\t\t\t\t\t\t\t\t\t\t\t\t\t\tM\u00faky\t\t\t\t\t\t<\/a>\n\t\t\t\t\t\t\t\t\t\t\t\t\t\t\t\t\t<a href=\"#\" class=\"mpfy-tl-item\" data-tag-id=\"188\">\n\t\t\t\t\t\t\t\t\t\t\t\t\t\tPolotovary\t\t\t\t\t\t<\/a>\n\t\t\t\t\t\t\t\t\t\t<div class=\"cl\">&nbsp;<\/div>\n\t\t\t\t<\/div>\n\t\t\t\n\t\t\t<div class=\"mpfy-mll\">\n\t<div class=\"mpfy-mll-list\">\n\t\t\t<\/div>\n\t<div class=\"mpfy-mll-paging\" data-number=\"500\">\n\t\t<a href=\"#\" class=\"mpfy-mll-button mpfy-mll-button-prev\">Previous<\/a>\n\t\t<a href=\"#\" class=\"mpfy-mll-button mpfy-mll-button-next\" style=\"float: right;\">Next<\/a>\n\t\t<div class=\"mpfy-mll-paging-status\">Page <span class=\"mpfy-mll-paging-current-page\">1<\/span> of <span class=\"mpfy-mll-paging-max-page\">1<\/span><\/div>\n\t<\/div>\n<\/div>\t\t<\/div>\n\t<\/div>\n<\/div><\/section>\n<\/div><\/div><\/div><!-- close content main div --><\/div><\/div><div id='after_section_2'  class='main_color av_default_container_wrap container_wrap sidebar_right' style=' '  ><div class='container' ><div class='template-page content  av-content-small alpha units'><div class='post-entry post-entry-type-page post-entry-1417'><div class='entry-content-wrapper clearfix'><\/p>\n","protected":false},"excerpt":{"rendered":"","protected":false},"author":1,"featured_media":0,"parent":0,"menu_order":0,"comment_status":"closed","ping_status":"closed","template":"","meta":[],"yoast_head":"<!-- This site is optimized with the Yoast SEO plugin v15.7 - https:\/\/yoast.com\/wordpress\/plugins\/seo\/ -->\n<title>Predajne s bezlepkov\u00fdmi a n\u00edzkobielkovinov\u00fdmi produktami Novalim<\/title>\n<meta name=\"description\" content=\"Zoznam predajn\u00ed, v ktor\u00fdch k\u00fapite bezlepkov\u00e9 a n\u00edzkobielkovinov\u00e9 v\u00fdrobky Novalim.\" \/>\n<meta name=\"robots\" content=\"index, follow, max-snippet:-1, max-image-preview:large, max-video-preview:-1\" \/>\n<link rel=\"canonical\" href=\"https:\/\/www.novalimglutenfree.com\/hu\/predajne\/\" \/>\n<meta property=\"og:locale\" content=\"hu_HU\" \/>\n<meta property=\"og:type\" content=\"article\" \/>\n<meta property=\"og:title\" content=\"Predajne s bezlepkov\u00fdmi a n\u00edzkobielkovinov\u00fdmi produktami Novalim\" \/>\n<meta property=\"og:description\" content=\"Zoznam predajn\u00ed, v ktor\u00fdch k\u00fapite bezlepkov\u00e9 a n\u00edzkobielkovinov\u00e9 v\u00fdrobky Novalim.\" \/>\n<meta property=\"og:url\" content=\"https:\/\/www.novalimglutenfree.com\/hu\/predajne\/\" \/>\n<meta property=\"og:site_name\" content=\"Novalim\" \/>\n<meta property=\"article:modified_time\" content=\"2018-06-26T12:13:03+00:00\" \/>\n<meta property=\"og:image\" content=\"http:\/\/novalimglutenfree.com\/wp-content\/uploads\/2016\/04\/Novalim_BANNER_B1_b.png\" \/>\n<meta name=\"twitter:card\" content=\"summary\" \/>\n<meta name=\"twitter:label1\" content=\"Becs\u00fclt olvas\u00e1si id\u0151\">\n\t<meta name=\"twitter:data1\" content=\"1 perc\">\n<script type=\"application\/ld+json\" class=\"yoast-schema-graph\">{\"@context\":\"https:\/\/schema.org\",\"@graph\":[{\"@type\":\"WebSite\",\"@id\":\"https:\/\/www.novalimglutenfree.com\/de\/#website\",\"url\":\"https:\/\/www.novalimglutenfree.com\/de\/\",\"name\":\"Novalim\",\"description\":\"Bezlepkov\\u00e9 potraviny, bezlepkov\\u00e9 recepty, celiakia, PKU\",\"potentialAction\":[{\"@type\":\"SearchAction\",\"target\":\"https:\/\/www.novalimglutenfree.com\/de\/?s={search_term_string}\",\"query-input\":\"required name=search_term_string\"}],\"inLanguage\":\"hu\"},{\"@type\":\"WebPage\",\"@id\":\"https:\/\/www.novalimglutenfree.com\/hu\/predajne\/#webpage\",\"url\":\"https:\/\/www.novalimglutenfree.com\/hu\/predajne\/\",\"name\":\"Predajne s bezlepkov\\u00fdmi a n\\u00edzkobielkovinov\\u00fdmi produktami Novalim\",\"isPartOf\":{\"@id\":\"https:\/\/www.novalimglutenfree.com\/de\/#website\"},\"datePublished\":\"2016-04-28T11:02:50+00:00\",\"dateModified\":\"2018-06-26T12:13:03+00:00\",\"description\":\"Zoznam predajn\\u00ed, v ktor\\u00fdch k\\u00fapite bezlepkov\\u00e9 a n\\u00edzkobielkovinov\\u00e9 v\\u00fdrobky Novalim.\",\"inLanguage\":\"hu\",\"potentialAction\":[{\"@type\":\"ReadAction\",\"target\":[\"https:\/\/www.novalimglutenfree.com\/hu\/predajne\/\"]}]}]}<\/script>\n<!-- \/ Yoast SEO plugin. -->","_links":{"self":[{"href":"https:\/\/novalimglutenfree.com\/hu\/wp-json\/wp\/v2\/pages\/1417"}],"collection":[{"href":"https:\/\/novalimglutenfree.com\/hu\/wp-json\/wp\/v2\/pages"}],"about":[{"href":"https:\/\/novalimglutenfree.com\/hu\/wp-json\/wp\/v2\/types\/page"}],"author":[{"embeddable":true,"href":"https:\/\/novalimglutenfree.com\/hu\/wp-json\/wp\/v2\/users\/1"}],"replies":[{"embeddable":true,"href":"https:\/\/novalimglutenfree.com\/hu\/wp-json\/wp\/v2\/comments?post=1417"}],"version-history":[{"count":6,"href":"https:\/\/novalimglutenfree.com\/hu\/wp-json\/wp\/v2\/pages\/1417\/revisions"}],"predecessor-version":[{"id":9214,"href":"https:\/\/novalimglutenfree.com\/hu\/wp-json\/wp\/v2\/pages\/1417\/revisions\/9214"}],"wp:attachment":[{"href":"https:\/\/novalimglutenfree.com\/hu\/wp-json\/wp\/v2\/media?parent=1417"}],"curies":[{"name":"wp","href":"https:\/\/api.w.org\/{rel}","templated":true}]}}