{"id":1866,"date":"2016-05-07T21:06:43","date_gmt":"2016-05-07T19:06:43","guid":{"rendered":"http:\/\/novalimglutenfree.com\/en\/o-novalim\/"},"modified":"2019-02-04T11:35:51","modified_gmt":"2019-02-04T09:35:51","slug":"about-novalim","status":"publish","type":"page","link":"https:\/\/novalimglutenfree.com\/en\/about-novalim\/","title":{"rendered":"About Novalim"},"content":{"rendered":"<div id='av_section_1'  class='avia-section main_color avia-section-default avia-no-shadow  avia-bg-style-scroll  avia-builder-el-0  el_before_av_section  avia-builder-el-first   container_wrap sidebar_right' style=' '  ><div class='container' ><main  role=\"main\" itemprop=\"mainContentOfPage\"  class='template-page content  av-content-small alpha units'><div class='post-entry post-entry-type-page post-entry-1866'><div class='entry-content-wrapper clearfix'>\n<section class=\"av_textblock_section \"  itemscope=\"itemscope\" itemtype=\"https:\/\/schema.org\/CreativeWork\" ><div class='avia_textblock  '   itemprop=\"text\" ><h1>About Novalim<\/h1>\n<\/div><\/section>\n<div class=\"flex_column av_one_half  flex_column_div av-zero-column-padding first  avia-builder-el-2  el_after_av_textblock  el_before_av_one_half  column-top-margin\" style='border-radius:0px; '><div  class='avia-image-container  av-styling-  noHover  av-overlay-on-hover   avia-builder-el-3  avia-builder-el-no-sibling  avia-align-center '  itemprop=\"image\" itemscope=\"itemscope\" itemtype=\"https:\/\/schema.org\/ImageObject\"  ><div class='avia-image-container-inner'><div class='avia-image-overlay-wrap'><div class='av-image-caption-overlay'><div class='av-caption-image-overlay-bg' style='opacity:0.4; background-color:#000000; '><\/div><div class='av-image-caption-overlay-position'><div class='av-image-caption-overlay-center' style='color:#ffffff; '><p>Ing. J. Poprac, Csc., majite\u013e a zakladate\u013e spolo\u010dnosti<\/p>\n<\/div><\/div><\/div><img class='wp-image-1652 avia-img-lazy-loading-not-1652 avia_image' src=\"https:\/\/novalimglutenfree.com\/wp-content\/uploads\/2016\/05\/D75_2387_resize.jpg\" alt='' title='D75_2387_resize' height=\"430\" width=\"644\"  itemprop=\"thumbnailUrl\" srcset=\"https:\/\/novalimglutenfree.com\/wp-content\/uploads\/2016\/05\/D75_2387_resize.jpg 926w, https:\/\/novalimglutenfree.com\/wp-content\/uploads\/2016\/05\/D75_2387_resize-450x300.jpg 450w\" sizes=\"(max-width: 644px) 100vw, 644px\" \/><\/div><\/div><\/div><\/div><div class=\"flex_column av_one_half  flex_column_div av-zero-column-padding   avia-builder-el-4  el_after_av_one_half  avia-builder-el-last  column-top-margin\" style='border-radius:0px; '><section class=\"av_textblock_section \"  itemscope=\"itemscope\" itemtype=\"https:\/\/schema.org\/CreativeWork\" ><div class='avia_textblock  '   itemprop=\"text\" ><h3>Our Philosophy<\/h3>\n<\/div><\/section><br \/>\n<section class=\"av_textblock_section \"  itemscope=\"itemscope\" itemtype=\"https:\/\/schema.org\/CreativeWork\" ><div class='avia_textblock  '   itemprop=\"text\" ><p>&#8220;Quality\u00a0and expanding\u00a0range of foods, tasty and the best for your health.&#8221;<\/p>\n<p>This is the motto of our company, which since 1991 has specialized in the production of gluten-free and low protein foods. We have purpose built facilities where we manufacture \u00a0gluten-free products exclusively. The staff of our company have many years of experience in food technology, microbiology and related fields. Continuous research and development is managed both independently and in collaboration with major research centers. Thereby we are ensuring constant production innovation and dynamic development of the company.<\/p>\n<\/div><\/section><\/p><\/div><\/div><\/div><\/main><!-- close content main element --><\/div><\/div><div id='av_section_2'  class='avia-section main_color avia-section-default avia-no-shadow  avia-bg-style-scroll  avia-builder-el-7  el_after_av_section  el_before_av_section   container_wrap sidebar_right' style=' '  ><div class='container' ><div class='template-page content  av-content-small alpha units'><div class='post-entry post-entry-type-page post-entry-1866'><div class='entry-content-wrapper clearfix'>\n<div class=\"flex_column av_one_half  flex_column_div av-zero-column-padding first  avia-builder-el-8  el_before_av_one_half  avia-builder-el-first  \" style='border-radius:0px; '><section class=\"av_textblock_section \"  itemscope=\"itemscope\" itemtype=\"https:\/\/schema.org\/CreativeWork\" ><div class='avia_textblock  '   itemprop=\"text\" ><h3>Our Story<\/h3>\n<\/div><\/section><br \/>\n<section class=\"av_textblock_section \"  itemscope=\"itemscope\" itemtype=\"https:\/\/schema.org\/CreativeWork\" ><div class='avia_textblock  '   itemprop=\"text\" ><p>NOVALIM was founded in 1991 and specializes in the development and production of gluten-free and low protein products. The founder, Ing. Jozef Poprac, PhD., has\u00a0many years of experience working in research and development of food products, resulting in a diverse range of quality gluten-free and low protein products. Novalim\u00a0products are available to\u00a0the customers via e-commerce, in retail stores and most pharmacies. The position of Slovakia in the heart of Europe enables the company to efficiently supply the European market.<\/p>\n<\/div><\/section><\/p><\/div><div class=\"flex_column av_one_half  flex_column_div av-zero-column-padding   avia-builder-el-11  el_after_av_one_half  avia-builder-el-last  \" style='border-radius:0px; '><div  class='avia-image-container  av-styling-  noHover  av-overlay-on-hover   avia-builder-el-12  avia-builder-el-no-sibling  avia-align-center '  itemprop=\"image\" itemscope=\"itemscope\" itemtype=\"https:\/\/schema.org\/ImageObject\"  ><div class='avia-image-container-inner'><div class='avia-image-overlay-wrap'><div class='av-image-caption-overlay'><div class='av-caption-image-overlay-bg' style='opacity:0.4; background-color:#000000; '><\/div><div class='av-image-caption-overlay-position'><div class='av-image-caption-overlay-center' style='color:#ffffff; '><p>Par ludi od Novalim<\/p>\n<\/div><\/div><\/div><img class='wp-image-1648 avia-img-lazy-loading-not-1648 avia_image' src=\"https:\/\/novalimglutenfree.com\/wp-content\/uploads\/2016\/05\/Novalim_Team.jpg\" alt='' title='Novalim_Team' height=\"430\" width=\"644\"  itemprop=\"thumbnailUrl\" srcset=\"https:\/\/novalimglutenfree.com\/wp-content\/uploads\/2016\/05\/Novalim_Team.jpg 926w, https:\/\/novalimglutenfree.com\/wp-content\/uploads\/2016\/05\/Novalim_Team-450x300.jpg 450w\" sizes=\"(max-width: 644px) 100vw, 644px\" \/><\/div><\/div><\/div><\/div><\/div><\/div><\/div><!-- close content main div --><\/div><\/div><div id='av_section_3'  class='avia-section main_color avia-section-default avia-no-shadow  avia-bg-style-scroll  avia-builder-el-13  el_after_av_section  avia-builder-el-last   container_wrap sidebar_right' style=' '  ><div class='container' ><div class='template-page content  av-content-small alpha units'><div class='post-entry post-entry-type-page post-entry-1866'><div class='entry-content-wrapper clearfix'>\n<div class=\"flex_column av_one_half  flex_column_div av-zero-column-padding first  avia-builder-el-14  el_before_av_one_half  avia-builder-el-first  \" style='border-radius:0px; '><div  class='avia-image-container  av-styling-    avia-builder-el-15  avia-builder-el-no-sibling  avia-align-center '  itemprop=\"image\" itemscope=\"itemscope\" itemtype=\"https:\/\/schema.org\/ImageObject\"  ><div class='avia-image-container-inner'><div class='avia-image-overlay-wrap'><img class='wp-image-1658 avia-img-lazy-loading-not-1658 avia_image' src=\"https:\/\/novalimglutenfree.com\/wp-content\/uploads\/2016\/05\/Rolls.jpg\" alt='' title='Rolls' height=\"430\" width=\"645\"  itemprop=\"thumbnailUrl\" srcset=\"https:\/\/novalimglutenfree.com\/wp-content\/uploads\/2016\/05\/Rolls.jpg 927w, https:\/\/novalimglutenfree.com\/wp-content\/uploads\/2016\/05\/Rolls-450x300.jpg 450w\" sizes=\"(max-width: 645px) 100vw, 645px\" \/><\/div><\/div><\/div><\/div><div class=\"flex_column av_one_half  flex_column_div av-zero-column-padding   avia-builder-el-16  el_after_av_one_half  avia-builder-el-last  \" style='border-radius:0px; '><section class=\"av_textblock_section \"  itemscope=\"itemscope\" itemtype=\"https:\/\/schema.org\/CreativeWork\" ><div class='avia_textblock  '   itemprop=\"text\" ><h3>Quality Ingredients<\/h3>\n<\/div><\/section><br \/>\n<section class=\"av_textblock_section \"  itemscope=\"itemscope\" itemtype=\"https:\/\/schema.org\/CreativeWork\" ><div class='avia_textblock  '   itemprop=\"text\" ><p>The safety of our products is one of our main priorities, and therefore we do not use wheat starch, which can be a carrier of residual gluten. Also, to the extent possible we use natural resources. The primary ingredient in our products is corn and potato starch and rice, corn and soy flour.<\/p>\n<p>For regular monitoring of the safety of products NOVALIM has implemented\u00a0\u00a0the HACCP certification audited by the\u00a0company Bel-Novamann International. Raw materials and products, moreover, are also subject to constant review by the Public Health of the Slovak Republic.<\/p>\n<ul>\n<li>Our operations are specialized to produce only gluten-free products.<\/li>\n<li>All our products are made from naturally gluten-free ingredients .<\/li>\n<\/ul>\n<\/div><\/section><\/p><\/div><\/div><\/div><\/div><!-- close content main div --><\/div><\/div><div id='after_section_3'  class='main_color av_default_container_wrap container_wrap sidebar_right' style=' '  ><div class='container' ><div class='template-page content  av-content-small alpha units'><div class='post-entry post-entry-type-page post-entry-1866'><div class='entry-content-wrapper clearfix'><\/p>\n","protected":false},"excerpt":{"rendered":"","protected":false},"author":3,"featured_media":0,"parent":0,"menu_order":0,"comment_status":"closed","ping_status":"closed","template":"","meta":[],"yoast_head":"<!-- This site is optimized with the Yoast SEO plugin v15.7 - https:\/\/yoast.com\/wordpress\/plugins\/seo\/ -->\n<title>About Novalim - Novalim<\/title>\n<meta name=\"robots\" content=\"index, follow, max-snippet:-1, max-image-preview:large, max-video-preview:-1\" \/>\n<link rel=\"canonical\" href=\"https:\/\/www.novalimglutenfree.com\/en\/about-novalim\/\" \/>\n<meta property=\"og:locale\" content=\"en_US\" \/>\n<meta property=\"og:type\" content=\"article\" \/>\n<meta property=\"og:title\" content=\"About Novalim - Novalim\" \/>\n<meta property=\"og:url\" content=\"https:\/\/www.novalimglutenfree.com\/en\/about-novalim\/\" \/>\n<meta property=\"og:site_name\" content=\"Novalim\" \/>\n<meta property=\"article:modified_time\" content=\"2019-02-04T09:35:51+00:00\" \/>\n<meta property=\"og:image\" content=\"http:\/\/novalimglutenfree.com\/wp-content\/uploads\/2016\/04\/Novalim_BANNER_B1_b.png\" \/>\n<meta name=\"twitter:card\" content=\"summary\" \/>\n<meta name=\"twitter:label1\" content=\"Est. reading time\">\n\t<meta name=\"twitter:data1\" content=\"5 minutes\">\n<script type=\"application\/ld+json\" class=\"yoast-schema-graph\">{\"@context\":\"https:\/\/schema.org\",\"@graph\":[{\"@type\":\"WebSite\",\"@id\":\"https:\/\/www.novalimglutenfree.com\/de\/#website\",\"url\":\"https:\/\/www.novalimglutenfree.com\/de\/\",\"name\":\"Novalim\",\"description\":\"Bezlepkov\\u00e9 potraviny, bezlepkov\\u00e9 recepty, celiakia, PKU\",\"potentialAction\":[{\"@type\":\"SearchAction\",\"target\":\"https:\/\/www.novalimglutenfree.com\/de\/?s={search_term_string}\",\"query-input\":\"required name=search_term_string\"}],\"inLanguage\":\"en-US\"},{\"@type\":\"WebPage\",\"@id\":\"https:\/\/www.novalimglutenfree.com\/en\/about-novalim\/#webpage\",\"url\":\"https:\/\/www.novalimglutenfree.com\/en\/about-novalim\/\",\"name\":\"About Novalim - Novalim\",\"isPartOf\":{\"@id\":\"https:\/\/www.novalimglutenfree.com\/de\/#website\"},\"datePublished\":\"2016-05-07T19:06:43+00:00\",\"dateModified\":\"2019-02-04T09:35:51+00:00\",\"inLanguage\":\"en-US\",\"potentialAction\":[{\"@type\":\"ReadAction\",\"target\":[\"https:\/\/www.novalimglutenfree.com\/en\/about-novalim\/\"]}]}]}<\/script>\n<!-- \/ Yoast SEO plugin. -->","_links":{"self":[{"href":"https:\/\/novalimglutenfree.com\/en\/wp-json\/wp\/v2\/pages\/1866"}],"collection":[{"href":"https:\/\/novalimglutenfree.com\/en\/wp-json\/wp\/v2\/pages"}],"about":[{"href":"https:\/\/novalimglutenfree.com\/en\/wp-json\/wp\/v2\/types\/page"}],"author":[{"embeddable":true,"href":"https:\/\/novalimglutenfree.com\/en\/wp-json\/wp\/v2\/users\/3"}],"replies":[{"embeddable":true,"href":"https:\/\/novalimglutenfree.com\/en\/wp-json\/wp\/v2\/comments?post=1866"}],"version-history":[{"count":6,"href":"https:\/\/novalimglutenfree.com\/en\/wp-json\/wp\/v2\/pages\/1866\/revisions"}],"predecessor-version":[{"id":10258,"href":"https:\/\/novalimglutenfree.com\/en\/wp-json\/wp\/v2\/pages\/1866\/revisions\/10258"}],"wp:attachment":[{"href":"https:\/\/novalimglutenfree.com\/en\/wp-json\/wp\/v2\/media?parent=1866"}],"curies":[{"name":"wp","href":"https:\/\/api.w.org\/{rel}","templated":true}]}}