{"id":1453,"date":"2016-05-06T20:18:20","date_gmt":"2016-05-06T18:18:20","guid":{"rendered":"http:\/\/novalimglutenfree.com\/en\/novinky\/kvalitne-suroviny\/"},"modified":"2016-05-07T20:57:46","modified_gmt":"2016-05-07T18:57:46","slug":"kvalitne-suroviny","status":"publish","type":"page","link":"https:\/\/novalimglutenfree.com\/en\/novinky\/kvalitne-suroviny\/","title":{"rendered":"Kvalitn\u00e9 suroviny"},"content":{"rendered":"<div  style='padding-bottom:10px; ' class='av-special-heading av-special-heading-h4    avia-builder-el-0  el_before_av_image  avia-builder-el-first  '><h4 class='av-special-heading-tag '  itemprop=\"headline\"  >Kvalitn\u00e9 suroviny<\/h4><div class='special-heading-border'><div class='special-heading-inner-border' ><\/div><\/div><\/div>\n<div  class='avia-image-container  av-styling-    avia-builder-el-1  el_after_av_heading  el_before_av_textblock  avia-align-center '  itemprop=\"image\" itemscope=\"itemscope\" itemtype=\"https:\/\/schema.org\/ImageObject\"  ><div class='avia-image-container-inner'><div class='avia-image-overlay-wrap'><img class='wp-image-1443 avia-img-lazy-loading-not-1443 avia_image' src=\"https:\/\/novalimglutenfree.com\/wp-content\/uploads\/2016\/05\/Brno2.jpg\" alt='' title='Brno2' height=\"430\" width=\"764\"  itemprop=\"thumbnailUrl\" srcset=\"https:\/\/novalimglutenfree.com\/wp-content\/uploads\/2016\/05\/Brno2.jpg 960w, https:\/\/novalimglutenfree.com\/wp-content\/uploads\/2016\/05\/Brno2-450x253.jpg 450w\" sizes=\"(max-width: 764px) 100vw, 764px\" \/><\/div><\/div><\/div>\n<section class=\"av_textblock_section \"  itemscope=\"itemscope\" itemtype=\"https:\/\/schema.org\/CreativeWork\" ><div class='avia_textblock  '   itemprop=\"text\" ><p>Kladieme d\u00f4raz na bezpe\u010dnos\u0165 na\u0161ich v\u00fdrobkov, a\u00a0preto nepou\u017e\u00edvame p\u0161eni\u010dn\u00fd \u0161krob, ktor\u00fd m\u00f4\u017ee by\u0165 nosi\u010dom zvy\u0161kov\u00e9ho glut\u00e9nu (lepku). Takisto v najv\u00e4\u010d\u0161om mo\u017enom rozsahu vyu\u017e\u00edvame pr\u00edrodn\u00e9 suroviny. Z\u00e1kladn\u00fdmi ingredienciami v\u00a0na\u0161ich produktoch s\u00fa kukuri\u010dn\u00fd a zemiakov\u00fd \u0161krob a ry\u017eov\u00e1, kukuri\u010dn\u00e1 a s\u00f3jov\u00e1 m\u00faka.<\/p>\n<p>Pre pravideln\u00e9 monitorovanie bezpe\u010dnosti v\u00fdrobkov m\u00e1 spolo\u010dnos\u0165 NOVALIM zaveden\u00fd tzv. syst\u00e9m HACCP a\u00a0certifik\u00e1ciu spolo\u010dnos\u0165ou Bel-Novamann International. Suroviny a\u00a0produkty navy\u0161e podliehaj\u00fa st\u00e1lej kontrole \u00daradom verejn\u00e9ho zdravotn\u00edctva Slovenskej republiky.<\/p>\n<\/div><\/section>\n","protected":false},"excerpt":{"rendered":"","protected":false},"author":3,"featured_media":1443,"parent":1342,"menu_order":0,"comment_status":"closed","ping_status":"closed","template":"","meta":[],"yoast_head":"<!-- This site is optimized with the Yoast SEO plugin v15.7 - https:\/\/yoast.com\/wordpress\/plugins\/seo\/ -->\n<title>Kvalitn\u00e9 suroviny - Novalim<\/title>\n<meta name=\"robots\" content=\"index, follow, max-snippet:-1, max-image-preview:large, max-video-preview:-1\" \/>\n<link rel=\"canonical\" href=\"https:\/\/novalimglutenfree.com\/en\/novinky\/kvalitne-suroviny\/\" \/>\n<meta property=\"og:locale\" content=\"en_US\" \/>\n<meta property=\"og:type\" content=\"article\" \/>\n<meta property=\"og:title\" content=\"Kvalitn\u00e9 suroviny - Novalim\" \/>\n<meta property=\"og:url\" content=\"https:\/\/novalimglutenfree.com\/en\/novinky\/kvalitne-suroviny\/\" \/>\n<meta property=\"og:site_name\" content=\"Novalim\" \/>\n<meta property=\"article:modified_time\" content=\"2016-05-07T18:57:46+00:00\" \/>\n<meta property=\"og:image\" content=\"https:\/\/novalimglutenfree.com\/wp-content\/uploads\/2016\/05\/Brno2.jpg\" \/>\n\t<meta property=\"og:image:width\" content=\"960\" \/>\n\t<meta property=\"og:image:height\" content=\"540\" \/>\n<meta name=\"twitter:card\" content=\"summary\" \/>\n<meta name=\"twitter:label1\" content=\"Est. reading time\">\n\t<meta name=\"twitter:data1\" content=\"1 minute\">\n<script type=\"application\/ld+json\" class=\"yoast-schema-graph\">{\"@context\":\"https:\/\/schema.org\",\"@graph\":[{\"@type\":\"WebSite\",\"@id\":\"https:\/\/www.novalimglutenfree.com\/de\/#website\",\"url\":\"https:\/\/www.novalimglutenfree.com\/de\/\",\"name\":\"Novalim\",\"description\":\"Bezlepkov\\u00e9 potraviny, bezlepkov\\u00e9 recepty, celiakia, PKU\",\"potentialAction\":[{\"@type\":\"SearchAction\",\"target\":\"https:\/\/www.novalimglutenfree.com\/de\/?s={search_term_string}\",\"query-input\":\"required name=search_term_string\"}],\"inLanguage\":\"en-US\"},{\"@type\":\"ImageObject\",\"@id\":\"https:\/\/novalimglutenfree.com\/en\/novinky\/kvalitne-suroviny\/#primaryimage\",\"inLanguage\":\"en-US\",\"url\":\"https:\/\/novalimglutenfree.com\/wp-content\/uploads\/2016\/05\/Brno2.jpg\",\"width\":960,\"height\":540},{\"@type\":\"WebPage\",\"@id\":\"https:\/\/novalimglutenfree.com\/en\/novinky\/kvalitne-suroviny\/#webpage\",\"url\":\"https:\/\/novalimglutenfree.com\/en\/novinky\/kvalitne-suroviny\/\",\"name\":\"Kvalitn\\u00e9 suroviny - Novalim\",\"isPartOf\":{\"@id\":\"https:\/\/www.novalimglutenfree.com\/de\/#website\"},\"primaryImageOfPage\":{\"@id\":\"https:\/\/novalimglutenfree.com\/en\/novinky\/kvalitne-suroviny\/#primaryimage\"},\"datePublished\":\"2016-05-06T18:18:20+00:00\",\"dateModified\":\"2016-05-07T18:57:46+00:00\",\"inLanguage\":\"en-US\",\"potentialAction\":[{\"@type\":\"ReadAction\",\"target\":[\"https:\/\/novalimglutenfree.com\/en\/novinky\/kvalitne-suroviny\/\"]}]}]}<\/script>\n<!-- \/ Yoast SEO plugin. -->","_links":{"self":[{"href":"https:\/\/novalimglutenfree.com\/en\/wp-json\/wp\/v2\/pages\/1453"}],"collection":[{"href":"https:\/\/novalimglutenfree.com\/en\/wp-json\/wp\/v2\/pages"}],"about":[{"href":"https:\/\/novalimglutenfree.com\/en\/wp-json\/wp\/v2\/types\/page"}],"author":[{"embeddable":true,"href":"https:\/\/novalimglutenfree.com\/en\/wp-json\/wp\/v2\/users\/3"}],"replies":[{"embeddable":true,"href":"https:\/\/novalimglutenfree.com\/en\/wp-json\/wp\/v2\/comments?post=1453"}],"version-history":[{"count":4,"href":"https:\/\/novalimglutenfree.com\/en\/wp-json\/wp\/v2\/pages\/1453\/revisions"}],"predecessor-version":[{"id":1531,"href":"https:\/\/novalimglutenfree.com\/en\/wp-json\/wp\/v2\/pages\/1453\/revisions\/1531"}],"up":[{"embeddable":true,"href":"https:\/\/novalimglutenfree.com\/en\/wp-json\/wp\/v2\/pages\/1342"}],"wp:featuredmedia":[{"embeddable":true,"href":"https:\/\/novalimglutenfree.com\/en\/wp-json\/wp\/v2\/media\/1443"}],"wp:attachment":[{"href":"https:\/\/novalimglutenfree.com\/en\/wp-json\/wp\/v2\/media?parent=1453"}],"curies":[{"name":"wp","href":"https:\/\/api.w.org\/{rel}","templated":true}]}}