{"id":3118,"date":"2016-05-06T09:41:00","date_gmt":"2016-05-06T07:41:00","guid":{"rendered":"http:\/\/novalimglutenfree.com\/de\/obchod\/uncategorized\/nizkobielkovinove-oblatkove-rezy-citronove\/"},"modified":"2018-09-19T17:12:21","modified_gmt":"2018-09-19T15:12:21","slug":"nizkobielkovinove-oblatkove-rezy-citronove","status":"publish","type":"product","link":"https:\/\/novalimglutenfree.com\/de\/obchod\/keksy-muesli-sneky-de\/eiweissarme-dauerbackware-de\/nizkobielkovinove-oblatkove-rezy-citronove\/","title":{"rendered":"N\u00edzkobielkovinov\u00e9 obl\u00e1tkov\u00e9 rezy citr\u00f3nov\u00e9"},"content":{"rendered":"<p>N\u00edzkobielkovinov\u00e9 bezglut\u00e9nov\u00e9 obl\u00e1tkov\u00e9 rezy citr\u00f3nov\u00e9- klasick\u00e9 obl\u00e1tkov\u00e9 rezy , plnen\u00e9 citr\u00f3novou plnkou<br \/>\nPotravina vyroben\u00e1 <strong>z prirodzene bezlepkov\u00fdch<\/strong> a nep\u0161eni\u010dn\u00fdch surov\u00edn. Ur\u010den\u00e1 pre osobitn\u00e9 v\u00fd\u017eivov\u00e9 \u00fa\u010dely. <strong>Di\u00e9ta pri celiakii a fenylketon\u00farii (PKU).<br \/>\nObsah fenylalan\u00ednu 20 mg\/100g.<\/strong><\/p>\n<p>Balenie: 40g<\/p>\n<p><strong>Inform\u00e1cie o v\u00fdrobku:<\/strong><br \/>\nZlo\u017eenie: kukuri\u010dn\u00fd \u0161krob, stu\u017een\u00fd palmov\u00fd tuk, cukor, rastlinn\u00fd repkov\u00fd olej, zahus\u0165ovadlo: gu\u00e1rova m\u00faka, emulg\u00e1tor lecit\u00edn, kyselina citr\u00f3nov\u00e1, jedl\u00e1 s\u00f3da, so\u013e, citr\u00f3nov\u00e1 ar\u00f3ma<br \/>\n(glut\u00e9n < 20 mg\/kg)\n\n\n\n<div class=\"bodystyle\">100 g v\u00fdrobku priemerne obsahuje:<br \/>\n<b>Energetick\u00e1 hodnota:<\/b> 2229 kJ, 533 kcal; <strong>Tuky:<\/strong> 29 g z toho 19 g nas\u00fdten\u00e9 mastn\u00e9 kyseliny; <strong>Sacharidy:<\/strong> 67,5 g z toho 14 g cukry; <strong>Vl\u00e1knina:<\/strong> 0,4 g; <strong>Bielkoviny:<\/strong> 0,4 g; <strong>So\u013e:<\/strong> 0,3 g; Bielkoviny v su\u0161ine: 0,41%, <b>Fenylalan\u00edn:<\/b> 20 mg\/100g;<\/div>\n","protected":false},"excerpt":{"rendered":"<p>N\u00edzkobielkovinov\u00e9 bezglut\u00e9nov\u00e9 obl\u00e1tkov\u00e9 rezy citr\u00f3nov\u00e9- klasick\u00e9 obl\u00e1tkov\u00e9 rezy , plnen\u00e9 citr\u00f3novou plnkou<br \/>\nPotravina vyroben\u00e1 <strong>z prirodzene bezlepkov\u00fdch<\/strong> a nep\u0161eni\u010dn\u00fdch surov\u00edn. Ur\u010den\u00e1 pre osobitn\u00e9 v\u00fd\u017eivov\u00e9 \u00fa\u010dely. <strong>Di\u00e9ta pri celiakii a fenylketon\u00farii (PKU).<br \/>\nObsah fenylalan\u00ednu 20 mg\/100g.<\/strong><\/p>\n","protected":false},"featured_media":3119,"comment_status":"closed","ping_status":"closed","template":"","meta":[],"yoast_head":"<!-- This site is optimized with the Yoast SEO plugin v15.7 - https:\/\/yoast.com\/wordpress\/plugins\/seo\/ -->\n<title>N\u00edzkobielkovinov\u00e9 obl\u00e1tkov\u00e9 rezy citr\u00f3nov\u00e9 - Novalim<\/title>\n<meta name=\"robots\" content=\"index, follow, max-snippet:-1, max-image-preview:large, max-video-preview:-1\" \/>\n<link rel=\"canonical\" href=\"https:\/\/novalimglutenfree.com\/de\/obchod\/keksy-muesli-sneky-de\/eiweissarme-dauerbackware-de\/nizkobielkovinove-oblatkove-rezy-citronove\/\" \/>\n<meta property=\"og:locale\" content=\"de_DE\" \/>\n<meta property=\"og:type\" content=\"article\" \/>\n<meta property=\"og:title\" content=\"N\u00edzkobielkovinov\u00e9 obl\u00e1tkov\u00e9 rezy citr\u00f3nov\u00e9 - Novalim\" \/>\n<meta property=\"og:description\" content=\"N\u00edzkobielkovinov\u00e9 bezglut\u00e9nov\u00e9 obl\u00e1tkov\u00e9 rezy citr\u00f3nov\u00e9- klasick\u00e9 obl\u00e1tkov\u00e9 rezy , plnen\u00e9 citr\u00f3novou plnkou Potravina vyroben\u00e1 z prirodzene bezlepkov\u00fdch a nep\u0161eni\u010dn\u00fdch surov\u00edn. Ur\u010den\u00e1 pre osobitn\u00e9 v\u00fd\u017eivov\u00e9 \u00fa\u010dely. Di\u00e9ta pri celiakii a fenylketon\u00farii (PKU). Obsah fenylalan\u00ednu 20 mg\/100g.\" \/>\n<meta property=\"og:url\" content=\"https:\/\/novalimglutenfree.com\/de\/obchod\/keksy-muesli-sneky-de\/eiweissarme-dauerbackware-de\/nizkobielkovinove-oblatkove-rezy-citronove\/\" \/>\n<meta property=\"og:site_name\" content=\"Novalim\" \/>\n<meta property=\"article:modified_time\" content=\"2018-09-19T15:12:21+00:00\" \/>\n<meta property=\"og:image\" content=\"https:\/\/novalimglutenfree.com\/wp-content\/uploads\/2016\/05\/nizkobielkovinove-oblatkove-rezy-citronove-60.jpg\" \/>\n\t<meta property=\"og:image:width\" content=\"314\" \/>\n\t<meta property=\"og:image:height\" content=\"275\" \/>\n<meta name=\"twitter:card\" content=\"summary\" \/>\n<meta name=\"twitter:label1\" content=\"Est. reading time\">\n\t<meta name=\"twitter:data1\" content=\"1 minute\">\n<script type=\"application\/ld+json\" class=\"yoast-schema-graph\">{\"@context\":\"https:\/\/schema.org\",\"@graph\":[{\"@type\":\"WebSite\",\"@id\":\"https:\/\/www.novalimglutenfree.com\/de\/#website\",\"url\":\"https:\/\/www.novalimglutenfree.com\/de\/\",\"name\":\"Novalim\",\"description\":\"Bezlepkov\\u00e9 potraviny, bezlepkov\\u00e9 recepty, celiakia, PKU\",\"potentialAction\":[{\"@type\":\"SearchAction\",\"target\":\"https:\/\/www.novalimglutenfree.com\/de\/?s={search_term_string}\",\"query-input\":\"required name=search_term_string\"}],\"inLanguage\":\"de-DE\"},{\"@type\":\"ImageObject\",\"@id\":\"https:\/\/novalimglutenfree.com\/de\/obchod\/keksy-muesli-sneky-de\/eiweissarme-dauerbackware-de\/nizkobielkovinove-oblatkove-rezy-citronove\/#primaryimage\",\"inLanguage\":\"de-DE\",\"url\":\"https:\/\/novalimglutenfree.com\/wp-content\/uploads\/2016\/05\/nizkobielkovinove-oblatkove-rezy-citronove-60.jpg\",\"width\":314,\"height\":275},{\"@type\":\"WebPage\",\"@id\":\"https:\/\/novalimglutenfree.com\/de\/obchod\/keksy-muesli-sneky-de\/eiweissarme-dauerbackware-de\/nizkobielkovinove-oblatkove-rezy-citronove\/#webpage\",\"url\":\"https:\/\/novalimglutenfree.com\/de\/obchod\/keksy-muesli-sneky-de\/eiweissarme-dauerbackware-de\/nizkobielkovinove-oblatkove-rezy-citronove\/\",\"name\":\"N\\u00edzkobielkovinov\\u00e9 obl\\u00e1tkov\\u00e9 rezy citr\\u00f3nov\\u00e9 - Novalim\",\"isPartOf\":{\"@id\":\"https:\/\/www.novalimglutenfree.com\/de\/#website\"},\"primaryImageOfPage\":{\"@id\":\"https:\/\/novalimglutenfree.com\/de\/obchod\/keksy-muesli-sneky-de\/eiweissarme-dauerbackware-de\/nizkobielkovinove-oblatkove-rezy-citronove\/#primaryimage\"},\"datePublished\":\"2016-05-06T07:41:00+00:00\",\"dateModified\":\"2018-09-19T15:12:21+00:00\",\"inLanguage\":\"de-DE\",\"potentialAction\":[{\"@type\":\"ReadAction\",\"target\":[\"https:\/\/novalimglutenfree.com\/de\/obchod\/keksy-muesli-sneky-de\/eiweissarme-dauerbackware-de\/nizkobielkovinove-oblatkove-rezy-citronove\/\"]}]}]}<\/script>\n<!-- \/ Yoast SEO plugin. -->","_links":{"self":[{"href":"https:\/\/novalimglutenfree.com\/de\/wp-json\/wp\/v2\/product\/3118"}],"collection":[{"href":"https:\/\/novalimglutenfree.com\/de\/wp-json\/wp\/v2\/product"}],"about":[{"href":"https:\/\/novalimglutenfree.com\/de\/wp-json\/wp\/v2\/types\/product"}],"replies":[{"embeddable":true,"href":"https:\/\/novalimglutenfree.com\/de\/wp-json\/wp\/v2\/comments?post=3118"}],"version-history":[{"count":0,"href":"https:\/\/novalimglutenfree.com\/de\/wp-json\/wp\/v2\/product\/3118\/revisions"}],"wp:featuredmedia":[{"embeddable":true,"href":"https:\/\/novalimglutenfree.com\/de\/wp-json\/wp\/v2\/media\/3119"}],"wp:attachment":[{"href":"https:\/\/novalimglutenfree.com\/de\/wp-json\/wp\/v2\/media?parent=3118"}],"curies":[{"name":"wp","href":"https:\/\/api.w.org\/{rel}","templated":true}]}}