{"id":3114,"date":"2016-05-06T09:41:00","date_gmt":"2016-05-06T07:41:00","guid":{"rendered":"http:\/\/novalimglutenfree.com\/de\/obchod\/uncategorized\/nizkobielkovinove-oblatky\/"},"modified":"2018-09-19T17:30:48","modified_gmt":"2018-09-19T15:30:48","slug":"nizkobielkovinove-oblatky","status":"publish","type":"product","link":"https:\/\/novalimglutenfree.com\/de\/obchod\/keksy-muesli-sneky-de\/eiweissarme-dauerbackware-de\/nizkobielkovinove-oblatky\/","title":{"rendered":"N\u00edzkobielkovinov\u00e9 obl\u00e1tky"},"content":{"rendered":"<p><strong>OBL\u00c1TKY n\u00edzkobielkovinov\u00e9 &#8211; <\/strong> s\u00fa vhodn\u00e9 tak pre n\u00edzkobielkovinov\u00fa, ako aj pre bezlepkov\u00fa di\u00e9tu. Krehk\u00e9 a chutn\u00e9 v\u00fdrobky vhodn\u00e9 na priamu konzum\u00e1ciu alebo na pr\u00edpravu plnen\u00fdch obl\u00e1tkov\u00fdch z\u00e1kuskov.<\/p>\n<p>Dietenick\u00e1 potravina na osobitn\u00e9 medic\u00ednske \u00fa\u010dely. Potravina nie je vhodn\u00e1 na pou\u017e\u00edvanie ako jedin\u00fd zdroj v\u00fd\u017eivy. Prirodzene bezglut\u00e9nov\u00fd produkt. <strong>Di\u00e9ta pri celiakii a fenylketon\u00farii (PKU). <\/strong>Obsah fenylalan\u00ednu 19 mg\/100 g.<\/p>\n<p>Balenie: 100 g<\/p>\n<h4>Inform\u00e1cie o v\u00fdrobku:<\/h4>\n<div id=\"Layer1\" class=\"bodystyle\"><strong>Zlo\u017e\u009eenie:<\/strong><br \/>\nkukuri\u010dn\u00fd \u009a\u0161krob, rastlinn\u00fd olej &#8211; palmov\u00fd, cukor, zahus\u0165ovadlo gu\u00e1rov\u00e1 m\u00faka, so\u013e, emulg\u00e1tor lecit\u00edn.<br \/>\n(glut\u00e9n &lt; 20 mg\/kg)100 g v\u00fdrobku priemerne obsahuje:<br \/>\n<strong>Energetick\u00e1 hodnota: <\/strong>1733 kJ, 409 kcal; <strong>Tuky:<\/strong> 3,8 g z toho 1,8 g nas\u00fdten\u00e9 mastn\u00e9 kyseliny; <strong>Sacharidy:<\/strong> 92,8 g z toho 4,0 g cukry; <strong>Vl\u00e1knina:<\/strong> 1 g; <strong>Bielkoviny:<\/strong> 0,4 g; <strong>So\u013e:<\/strong> 0,75 g; <strong>Fenylalan\u00edn: <\/strong>19 mg;<\/p>\n","protected":false},"excerpt":{"rendered":"<p><strong>OBL\u00c1TKY n\u00edzkobielkovinov\u00e9 &#8211; <\/strong> s\u00fa vhodn\u00e9 tak pre n\u00edzkobielkovinov\u00fa, ako aj pre bezlepkov\u00fa di\u00e9tu. Krehk\u00e9 a chutn\u00e9 v\u00fdrobky vhodn\u00e9 na priamu konzum\u00e1ciu alebo na pr\u00edpravu plnen\u00fdch obl\u00e1tkov\u00fdch z\u00e1kuskov.<\/p>\n<p>Dietenick\u00e1 potravina na osobitn\u00e9 \u00fa\u010dely. Potravina nie je vhodn\u00e1 na pou\u017e\u00edvanie ako jedin\u00fd zdroj v\u00fd\u017eivy. Prirodzene bezglut\u00e9nov\u00fd produkt. <strong>Di\u00e9ta pri celiakii a fenylketon\u00farii (PKU). <\/strong>Obsah fenylalan\u00ednu 19 mg\/100 g.<\/p>\n","protected":false},"featured_media":3115,"comment_status":"closed","ping_status":"closed","template":"","meta":[],"yoast_head":"<!-- This site is optimized with the Yoast SEO plugin v15.7 - https:\/\/yoast.com\/wordpress\/plugins\/seo\/ -->\n<title>N\u00edzkobielkovinov\u00e9 obl\u00e1tky - Novalim<\/title>\n<meta name=\"robots\" content=\"index, follow, max-snippet:-1, max-image-preview:large, max-video-preview:-1\" \/>\n<link rel=\"canonical\" href=\"https:\/\/novalimglutenfree.com\/de\/obchod\/keksy-muesli-sneky-de\/eiweissarme-dauerbackware-de\/nizkobielkovinove-oblatky\/\" \/>\n<meta property=\"og:locale\" content=\"de_DE\" \/>\n<meta property=\"og:type\" content=\"article\" \/>\n<meta property=\"og:title\" content=\"N\u00edzkobielkovinov\u00e9 obl\u00e1tky - Novalim\" \/>\n<meta property=\"og:description\" content=\"OBL\u00c1TKY n\u00edzkobielkovinov\u00e9 - s\u00fa vhodn\u00e9 tak pre n\u00edzkobielkovinov\u00fa, ako aj pre bezlepkov\u00fa di\u00e9tu. Krehk\u00e9 a chutn\u00e9 v\u00fdrobky vhodn\u00e9 na priamu konzum\u00e1ciu alebo na pr\u00edpravu plnen\u00fdch obl\u00e1tkov\u00fdch z\u00e1kuskov.  Dietenick\u00e1 potravina na osobitn\u00e9 \u00fa\u010dely. Potravina nie je vhodn\u00e1 na pou\u017e\u00edvanie ako jedin\u00fd zdroj v\u00fd\u017eivy. Prirodzene bezglut\u00e9nov\u00fd produkt. Di\u00e9ta pri celiakii a fenylketon\u00farii (PKU). Obsah fenylalan\u00ednu 19 mg\/100 g.\" \/>\n<meta property=\"og:url\" content=\"https:\/\/novalimglutenfree.com\/de\/obchod\/keksy-muesli-sneky-de\/eiweissarme-dauerbackware-de\/nizkobielkovinove-oblatky\/\" \/>\n<meta property=\"og:site_name\" content=\"Novalim\" \/>\n<meta property=\"article:modified_time\" content=\"2018-09-19T15:30:48+00:00\" \/>\n<meta property=\"og:image\" content=\"https:\/\/novalimglutenfree.com\/wp-content\/uploads\/2016\/05\/nizkobielkovinove-oblatky-59.jpg\" \/>\n\t<meta property=\"og:image:width\" content=\"314\" \/>\n\t<meta property=\"og:image:height\" content=\"275\" \/>\n<meta name=\"twitter:card\" content=\"summary\" \/>\n<meta name=\"twitter:label1\" content=\"Est. reading time\">\n\t<meta name=\"twitter:data1\" content=\"1 minute\">\n<script type=\"application\/ld+json\" class=\"yoast-schema-graph\">{\"@context\":\"https:\/\/schema.org\",\"@graph\":[{\"@type\":\"WebSite\",\"@id\":\"https:\/\/www.novalimglutenfree.com\/de\/#website\",\"url\":\"https:\/\/www.novalimglutenfree.com\/de\/\",\"name\":\"Novalim\",\"description\":\"Bezlepkov\\u00e9 potraviny, bezlepkov\\u00e9 recepty, celiakia, PKU\",\"potentialAction\":[{\"@type\":\"SearchAction\",\"target\":\"https:\/\/www.novalimglutenfree.com\/de\/?s={search_term_string}\",\"query-input\":\"required name=search_term_string\"}],\"inLanguage\":\"de-DE\"},{\"@type\":\"ImageObject\",\"@id\":\"https:\/\/novalimglutenfree.com\/de\/obchod\/keksy-muesli-sneky-de\/eiweissarme-dauerbackware-de\/nizkobielkovinove-oblatky\/#primaryimage\",\"inLanguage\":\"de-DE\",\"url\":\"https:\/\/novalimglutenfree.com\/wp-content\/uploads\/2016\/05\/nizkobielkovinove-oblatky-59.jpg\",\"width\":314,\"height\":275},{\"@type\":\"WebPage\",\"@id\":\"https:\/\/novalimglutenfree.com\/de\/obchod\/keksy-muesli-sneky-de\/eiweissarme-dauerbackware-de\/nizkobielkovinove-oblatky\/#webpage\",\"url\":\"https:\/\/novalimglutenfree.com\/de\/obchod\/keksy-muesli-sneky-de\/eiweissarme-dauerbackware-de\/nizkobielkovinove-oblatky\/\",\"name\":\"N\\u00edzkobielkovinov\\u00e9 obl\\u00e1tky - Novalim\",\"isPartOf\":{\"@id\":\"https:\/\/www.novalimglutenfree.com\/de\/#website\"},\"primaryImageOfPage\":{\"@id\":\"https:\/\/novalimglutenfree.com\/de\/obchod\/keksy-muesli-sneky-de\/eiweissarme-dauerbackware-de\/nizkobielkovinove-oblatky\/#primaryimage\"},\"datePublished\":\"2016-05-06T07:41:00+00:00\",\"dateModified\":\"2018-09-19T15:30:48+00:00\",\"inLanguage\":\"de-DE\",\"potentialAction\":[{\"@type\":\"ReadAction\",\"target\":[\"https:\/\/novalimglutenfree.com\/de\/obchod\/keksy-muesli-sneky-de\/eiweissarme-dauerbackware-de\/nizkobielkovinove-oblatky\/\"]}]}]}<\/script>\n<!-- \/ Yoast SEO plugin. -->","_links":{"self":[{"href":"https:\/\/novalimglutenfree.com\/de\/wp-json\/wp\/v2\/product\/3114"}],"collection":[{"href":"https:\/\/novalimglutenfree.com\/de\/wp-json\/wp\/v2\/product"}],"about":[{"href":"https:\/\/novalimglutenfree.com\/de\/wp-json\/wp\/v2\/types\/product"}],"replies":[{"embeddable":true,"href":"https:\/\/novalimglutenfree.com\/de\/wp-json\/wp\/v2\/comments?post=3114"}],"version-history":[{"count":0,"href":"https:\/\/novalimglutenfree.com\/de\/wp-json\/wp\/v2\/product\/3114\/revisions"}],"wp:featuredmedia":[{"embeddable":true,"href":"https:\/\/novalimglutenfree.com\/de\/wp-json\/wp\/v2\/media\/3115"}],"wp:attachment":[{"href":"https:\/\/novalimglutenfree.com\/de\/wp-json\/wp\/v2\/media?parent=3114"}],"curies":[{"name":"wp","href":"https:\/\/api.w.org\/{rel}","templated":true}]}}