{"id":3102,"date":"2016-05-06T09:41:00","date_gmt":"2016-05-06T07:41:00","guid":{"rendered":"http:\/\/novalimglutenfree.com\/de\/obchod\/uncategorized\/nizkobielkovinova-mucna-zmes-apromix-plus\/"},"modified":"2018-09-25T11:49:34","modified_gmt":"2018-09-25T09:49:34","slug":"nizkobielkovinova-mucna-zmes-apromix-plus","status":"publish","type":"product","link":"https:\/\/novalimglutenfree.com\/de\/obchod\/mehl-de\/eiweissarme-mehlmischungen-de\/nizkobielkovinova-mucna-zmes-apromix-plus\/","title":{"rendered":"N\u00edzkobielkovinov\u00e1 m\u00fa\u010dna zmes APROMIX &#8211; PLUS"},"content":{"rendered":"<p>APROMIX\u00ae &#8211; PLUS &#8211; n\u00edzkobielkovinov\u00e1 m\u00faka s obsahom fenylalaninu 6 mg\/ 100 g. Je ur\u010den\u00e1 na pr\u00edpravu chleba a pe\u010diva vo forme, ako aj bez formy (\u017eemle, ro\u017eky ap.)<br \/>\nDietenick\u00e1 potravina na osobitn\u00e9 medic\u00ednske \u00fa\u010dely. Vhodn\u00e1 pre n\u00edzkobielkovinov\u00fa a bezlepkov\u00fa di\u00e9tu. Potravina nie je vhodn\u00e1 na pou\u017e\u00edvanie ako jedin\u00fd zdroj v\u00fd\u017eivy. Prirodzene bezglut\u00e9nov\u00fd produkt.<\/p>\n<p>Balenie: 1 kg<\/p>\n<p><strong>Inform\u00e1cie o v\u00fdrobku:<\/strong><\/p>\n<p>Zlo\u017eenie: kukuri\u010dn\u00fd \u0161krob, zemiakov\u00fd \u0161krob, modifikovan\u00fd tapiokov\u00fd \u0161krob, kukuri\u010dn\u00fd maltodextr\u00edn, bambusov\u00e1 vl\u00e1knina, zahus\u0165ovadlo: gu\u00e1rov\u00e1 m\u00faka a karboxymetylcelul\u00f3za E466, emulg\u00e1tor monodiacyglycerol E471.<\/p>\n<p>100 g v\u00fdrobku priemerne obsahuje:<br \/>\n0,23 g bielkov\u00edn, 88,80 g sacharidov a 0,9 g tukov<\/p>\n<p><strong>Energetick\u00e1 hodnota:<\/strong><br \/>\n1555 kJ; 367,2 kcal<\/p>\n","protected":false},"excerpt":{"rendered":"<p>APROMIX\u00ae &#8211; PLUS &#8211; n\u00edzkobielkovinov\u00e1 m\u00faka s obsahom fenylalaninu 6 mg\/ 100 g. Je ur\u010den\u00e1 na pr\u00edpravu chleba a pe\u010diva vo forme, ako aj bez formy (\u017eemle, ro\u017eky ap.)<br \/>\nDietenick\u00e1 potravina na osobitn\u00e9 medic\u00ednske \u00fa\u010dely. Vhodn\u00e1 pre n\u00edzkobielkovinov\u00fa a bezlepkov\u00fa di\u00e9tu. Potravina nie je vhodn\u00e1 na pou\u017e\u00edvanie ako jedin\u00fd zdroj v\u00fd\u017eivy. Prirodzene bezglut\u00e9nov\u00fd produkt.<\/p>\n","protected":false},"featured_media":3051,"comment_status":"closed","ping_status":"closed","template":"","meta":[],"yoast_head":"<!-- This site is optimized with the Yoast SEO plugin v15.7 - https:\/\/yoast.com\/wordpress\/plugins\/seo\/ -->\n<title>N\u00edzkobielkovinov\u00e1 m\u00fa\u010dna zmes APROMIX - PLUS - Novalim<\/title>\n<meta name=\"robots\" content=\"index, follow, max-snippet:-1, max-image-preview:large, max-video-preview:-1\" \/>\n<link rel=\"canonical\" href=\"https:\/\/novalimglutenfree.com\/de\/obchod\/mehl-de\/eiweissarme-mehlmischungen-de\/nizkobielkovinova-mucna-zmes-apromix-plus\/\" \/>\n<meta property=\"og:locale\" content=\"de_DE\" \/>\n<meta property=\"og:type\" content=\"article\" \/>\n<meta property=\"og:title\" content=\"N\u00edzkobielkovinov\u00e1 m\u00fa\u010dna zmes APROMIX - PLUS - Novalim\" \/>\n<meta property=\"og:description\" content=\"APROMIX\u00ae - PLUS - n\u00edzkobielkovinov\u00e1 m\u00faka s obsahom fenylalaninu 6 mg\/ 100 g. Je ur\u010den\u00e1 na pr\u00edpravu chleba a pe\u010diva vo forme, ako aj bez formy (\u017eemle, ro\u017eky ap.) Dietenick\u00e1 potravina na osobitn\u00e9 medic\u00ednske \u00fa\u010dely. Vhodn\u00e1 pre n\u00edzkobielkovinov\u00fa a bezlepkov\u00fa di\u00e9tu. Potravina nie je vhodn\u00e1 na pou\u017e\u00edvanie ako jedin\u00fd zdroj v\u00fd\u017eivy. Prirodzene bezglut\u00e9nov\u00fd produkt.\" \/>\n<meta property=\"og:url\" content=\"https:\/\/novalimglutenfree.com\/de\/obchod\/mehl-de\/eiweissarme-mehlmischungen-de\/nizkobielkovinova-mucna-zmes-apromix-plus\/\" \/>\n<meta property=\"og:site_name\" content=\"Novalim\" \/>\n<meta property=\"article:modified_time\" content=\"2018-09-25T09:49:34+00:00\" \/>\n<meta property=\"og:image\" content=\"https:\/\/novalimglutenfree.com\/wp-content\/uploads\/2016\/05\/Apromix-Plus.jpg\" \/>\n\t<meta property=\"og:image:width\" content=\"413\" \/>\n\t<meta property=\"og:image:height\" content=\"618\" \/>\n<meta name=\"twitter:card\" content=\"summary\" \/>\n<meta name=\"twitter:label1\" content=\"Est. reading time\">\n\t<meta name=\"twitter:data1\" content=\"1 minute\">\n<script type=\"application\/ld+json\" class=\"yoast-schema-graph\">{\"@context\":\"https:\/\/schema.org\",\"@graph\":[{\"@type\":\"WebSite\",\"@id\":\"https:\/\/www.novalimglutenfree.com\/de\/#website\",\"url\":\"https:\/\/www.novalimglutenfree.com\/de\/\",\"name\":\"Novalim\",\"description\":\"Bezlepkov\\u00e9 potraviny, bezlepkov\\u00e9 recepty, celiakia, PKU\",\"potentialAction\":[{\"@type\":\"SearchAction\",\"target\":\"https:\/\/www.novalimglutenfree.com\/de\/?s={search_term_string}\",\"query-input\":\"required name=search_term_string\"}],\"inLanguage\":\"de-DE\"},{\"@type\":\"ImageObject\",\"@id\":\"https:\/\/novalimglutenfree.com\/de\/obchod\/mehl-de\/eiweissarme-mehlmischungen-de\/nizkobielkovinova-mucna-zmes-apromix-plus\/#primaryimage\",\"inLanguage\":\"de-DE\",\"url\":\"https:\/\/novalimglutenfree.com\/wp-content\/uploads\/2016\/05\/Apromix-Plus.jpg\",\"width\":413,\"height\":618},{\"@type\":\"WebPage\",\"@id\":\"https:\/\/novalimglutenfree.com\/de\/obchod\/mehl-de\/eiweissarme-mehlmischungen-de\/nizkobielkovinova-mucna-zmes-apromix-plus\/#webpage\",\"url\":\"https:\/\/novalimglutenfree.com\/de\/obchod\/mehl-de\/eiweissarme-mehlmischungen-de\/nizkobielkovinova-mucna-zmes-apromix-plus\/\",\"name\":\"N\\u00edzkobielkovinov\\u00e1 m\\u00fa\\u010dna zmes APROMIX - PLUS - Novalim\",\"isPartOf\":{\"@id\":\"https:\/\/www.novalimglutenfree.com\/de\/#website\"},\"primaryImageOfPage\":{\"@id\":\"https:\/\/novalimglutenfree.com\/de\/obchod\/mehl-de\/eiweissarme-mehlmischungen-de\/nizkobielkovinova-mucna-zmes-apromix-plus\/#primaryimage\"},\"datePublished\":\"2016-05-06T07:41:00+00:00\",\"dateModified\":\"2018-09-25T09:49:34+00:00\",\"inLanguage\":\"de-DE\",\"potentialAction\":[{\"@type\":\"ReadAction\",\"target\":[\"https:\/\/novalimglutenfree.com\/de\/obchod\/mehl-de\/eiweissarme-mehlmischungen-de\/nizkobielkovinova-mucna-zmes-apromix-plus\/\"]}]}]}<\/script>\n<!-- \/ Yoast SEO plugin. -->","_links":{"self":[{"href":"https:\/\/novalimglutenfree.com\/de\/wp-json\/wp\/v2\/product\/3102"}],"collection":[{"href":"https:\/\/novalimglutenfree.com\/de\/wp-json\/wp\/v2\/product"}],"about":[{"href":"https:\/\/novalimglutenfree.com\/de\/wp-json\/wp\/v2\/types\/product"}],"replies":[{"embeddable":true,"href":"https:\/\/novalimglutenfree.com\/de\/wp-json\/wp\/v2\/comments?post=3102"}],"version-history":[{"count":0,"href":"https:\/\/novalimglutenfree.com\/de\/wp-json\/wp\/v2\/product\/3102\/revisions"}],"wp:featuredmedia":[{"embeddable":true,"href":"https:\/\/novalimglutenfree.com\/de\/wp-json\/wp\/v2\/media\/3051"}],"wp:attachment":[{"href":"https:\/\/novalimglutenfree.com\/de\/wp-json\/wp\/v2\/media?parent=3102"}],"curies":[{"name":"wp","href":"https:\/\/api.w.org\/{rel}","templated":true}]}}