{"id":2078,"date":"2017-02-22T23:48:48","date_gmt":"2016-05-06T07:40:34","guid":{"rendered":"http:\/\/novalimglutenfree.com\/obchod\/promix-ch\/"},"modified":"2016-05-17T22:20:15","modified_gmt":"2016-05-17T20:20:15","slug":"promix-ch-glutenfreie-brotmehlmischung","status":"publish","type":"product","link":"https:\/\/novalimglutenfree.com\/de\/obchod\/mehl-de\/glutenfreie-mehlmischungen-de\/promix-ch-glutenfreie-brotmehlmischung\/","title":{"rendered":"PROMIX -CH, glutenfreie Brotmehlmischung"},"content":{"rendered":"<div id=\"Layer5\" class=\"bodystyle\">\n<div id=\"Layer5\" class=\"bodystyle\">\n<div id=\"Layer5\" class=\"bodystyle\"><strong>PROMIX \u00ae-CH<\/strong> &#8211; glutenfreie Mehlmischung\u00a0 aus nat\u00fcrlich gluten- und weizenfreien\u00a0 Rohstoffen gemacht.<br \/> Entwickelt, um ein helles K\u00fcmmelbrot vorzubereiten. Die Mischung enth\u00e4lt schon Zucker, Salz und K\u00fcmmel. Brauchen Sie, um Hefe-und Fett-(Wasser) hinzuf\u00fcgen. Der Teig wird\u00a0 mit einem elektrischen Mixer oder von Hand verarbeitet, bis es sieht glatt und gl\u00e4nzend .<\/p>\n<p>Verpackung: 1 kg<\/p>\n<\/div>\n<\/div>\n<\/div>\n<p>\u00a0<\/p>\n<h4>Produktinformation:<\/h4>\n<div id=\"Layer1\" class=\"bodystyle\">\n<div id=\"Layer1\" class=\"bodystyle\">\n<div id=\"Layer1\" class=\"bodystyle\"><strong>Zutaten:<\/strong><br \/> Kartoffelst\u00e4rke, Maisst\u00e4rke, Kartoffelmehl, modifizierte Maisst\u00e4rke, Sojamehl, Molkenpulver, Verdickungsmittel: Guarkernmehl und E466;Zucker, Salz, Emulgator E471, Kreuzk\u00fcmmel.<\/p>\n<p><strong>100 g des Produktes enthalten durchschnittlich:<\/strong><br \/> 1,4 g Protein, 87,5 Gramm Kohlenhydrate und 1,0 Gramm Fett.<\/p>\n<p><strong>Energie:<\/strong><br \/> 1561 kJ, 373,4 kcal<\/p>\n<\/div>\n<\/div>\n<\/div>\n","protected":false},"excerpt":{"rendered":"<p>glutenfreie Mehlmischung\u00a0 aus nat\u00fcrlich gluten- und weizenfreien\u00a0 Rohstoffen gemacht.<br \/> Entwickelt, um ein helles K\u00fcmmelbrot vorzubereiten. Die Mischung enth\u00e4lt schon Zucker, Salz und K\u00fcmmel. Brauchen Sie, um Hefe-und Fett-(Wasser) hinzuf\u00fcgen. Der Teig wird\u00a0 mit einem elektrischen Mixer oder von Hand verarbeitet, bis es sieht glatt und gl\u00e4nzend .<\/p>\n","protected":false},"featured_media":2079,"comment_status":"open","ping_status":"closed","template":"","meta":[],"yoast_head":"<!-- This site is optimized with the Yoast SEO plugin v15.7 - https:\/\/yoast.com\/wordpress\/plugins\/seo\/ -->\n<title>PROMIX -CH, glutenfreie Brotmehlmischung - Novalim<\/title>\n<meta name=\"robots\" content=\"index, follow, max-snippet:-1, max-image-preview:large, max-video-preview:-1\" \/>\n<link rel=\"canonical\" href=\"https:\/\/novalimglutenfree.com\/de\/obchod\/mehl-de\/glutenfreie-mehlmischungen-de\/promix-ch-glutenfreie-brotmehlmischung\/\" \/>\n<meta property=\"og:locale\" content=\"de_DE\" \/>\n<meta property=\"og:type\" content=\"article\" \/>\n<meta property=\"og:title\" content=\"PROMIX -CH, glutenfreie Brotmehlmischung - Novalim\" \/>\n<meta property=\"og:description\" content=\"glutenfreie Mehlmischung\u00a0 aus nat\u00fcrlich gluten- und weizenfreien\u00a0 Rohstoffen gemacht. Entwickelt, um ein helles K\u00fcmmelbrot vorzubereiten. Die Mischung enth\u00e4lt schon Zucker, Salz und K\u00fcmmel. Brauchen Sie, um Hefe-und Fett-(Wasser) hinzuf\u00fcgen. Der Teig wird\u00a0 mit einem elektrischen Mixer oder von Hand verarbeitet, bis es sieht glatt und gl\u00e4nzend .\" \/>\n<meta property=\"og:url\" content=\"https:\/\/novalimglutenfree.com\/de\/obchod\/mehl-de\/glutenfreie-mehlmischungen-de\/promix-ch-glutenfreie-brotmehlmischung\/\" \/>\n<meta property=\"og:site_name\" content=\"Novalim\" \/>\n<meta property=\"article:modified_time\" content=\"2016-05-17T20:20:15+00:00\" \/>\n<meta property=\"og:image\" content=\"https:\/\/novalimglutenfree.com\/wp-content\/uploads\/2016\/05\/Promix_CH.jpg\" \/>\n\t<meta property=\"og:image:width\" content=\"413\" \/>\n\t<meta property=\"og:image:height\" content=\"618\" \/>\n<meta name=\"twitter:card\" content=\"summary\" \/>\n<script type=\"application\/ld+json\" class=\"yoast-schema-graph\">{\"@context\":\"https:\/\/schema.org\",\"@graph\":[{\"@type\":\"WebSite\",\"@id\":\"https:\/\/www.novalimglutenfree.com\/de\/#website\",\"url\":\"https:\/\/www.novalimglutenfree.com\/de\/\",\"name\":\"Novalim\",\"description\":\"Bezlepkov\\u00e9 potraviny, bezlepkov\\u00e9 recepty, celiakia, PKU\",\"potentialAction\":[{\"@type\":\"SearchAction\",\"target\":\"https:\/\/www.novalimglutenfree.com\/de\/?s={search_term_string}\",\"query-input\":\"required name=search_term_string\"}],\"inLanguage\":\"de-DE\"},{\"@type\":\"ImageObject\",\"@id\":\"https:\/\/novalimglutenfree.com\/de\/obchod\/mehl-de\/glutenfreie-mehlmischungen-de\/promix-ch-glutenfreie-brotmehlmischung\/#primaryimage\",\"inLanguage\":\"de-DE\",\"url\":\"https:\/\/novalimglutenfree.com\/wp-content\/uploads\/2016\/05\/Promix_CH.jpg\",\"width\":413,\"height\":618},{\"@type\":\"WebPage\",\"@id\":\"https:\/\/novalimglutenfree.com\/de\/obchod\/mehl-de\/glutenfreie-mehlmischungen-de\/promix-ch-glutenfreie-brotmehlmischung\/#webpage\",\"url\":\"https:\/\/novalimglutenfree.com\/de\/obchod\/mehl-de\/glutenfreie-mehlmischungen-de\/promix-ch-glutenfreie-brotmehlmischung\/\",\"name\":\"PROMIX -CH, glutenfreie Brotmehlmischung - Novalim\",\"isPartOf\":{\"@id\":\"https:\/\/www.novalimglutenfree.com\/de\/#website\"},\"primaryImageOfPage\":{\"@id\":\"https:\/\/novalimglutenfree.com\/de\/obchod\/mehl-de\/glutenfreie-mehlmischungen-de\/promix-ch-glutenfreie-brotmehlmischung\/#primaryimage\"},\"datePublished\":\"2016-05-06T07:40:34+00:00\",\"dateModified\":\"2016-05-17T20:20:15+00:00\",\"inLanguage\":\"de-DE\",\"potentialAction\":[{\"@type\":\"ReadAction\",\"target\":[\"https:\/\/novalimglutenfree.com\/de\/obchod\/mehl-de\/glutenfreie-mehlmischungen-de\/promix-ch-glutenfreie-brotmehlmischung\/\"]}]}]}<\/script>\n<!-- \/ Yoast SEO plugin. -->","_links":{"self":[{"href":"https:\/\/novalimglutenfree.com\/de\/wp-json\/wp\/v2\/product\/2078"}],"collection":[{"href":"https:\/\/novalimglutenfree.com\/de\/wp-json\/wp\/v2\/product"}],"about":[{"href":"https:\/\/novalimglutenfree.com\/de\/wp-json\/wp\/v2\/types\/product"}],"replies":[{"embeddable":true,"href":"https:\/\/novalimglutenfree.com\/de\/wp-json\/wp\/v2\/comments?post=2078"}],"version-history":[{"count":0,"href":"https:\/\/novalimglutenfree.com\/de\/wp-json\/wp\/v2\/product\/2078\/revisions"}],"wp:featuredmedia":[{"embeddable":true,"href":"https:\/\/novalimglutenfree.com\/de\/wp-json\/wp\/v2\/media\/2079"}],"wp:attachment":[{"href":"https:\/\/novalimglutenfree.com\/de\/wp-json\/wp\/v2\/media?parent=2078"}],"curies":[{"name":"wp","href":"https:\/\/api.w.org\/{rel}","templated":true}]}}