{"id":2069,"date":"2016-05-06T09:40:34","date_gmt":"2016-05-06T07:40:34","guid":{"rendered":"http:\/\/novalimglutenfree.com\/obchod\/promix-uni\/"},"modified":"2016-05-17T22:19:04","modified_gmt":"2016-05-17T20:19:04","slug":"promix-uni-universale-glutenfreie-mehlmischung","status":"publish","type":"product","link":"https:\/\/novalimglutenfree.com\/de\/obchod\/mehl-de\/glutenfreie-mehlmischungen-de\/promix-uni-universale-glutenfreie-mehlmischung\/","title":{"rendered":"PROMIX UNI, universale glutenfreie mehlmischung"},"content":{"rendered":"<div id=\"Layer5\" class=\"bodystyle\">\n<div id=\"Layer5\" class=\"bodystyle\">\n<div id=\"Layer5\" class=\"bodystyle\">\n<div id=\"Layer5\" class=\"bodystyle\"><strong>PROMIX \u00ae UNI<\/strong> &#8211; Universale glutenfreie Mehlmischung eignet sich f\u00fcr fast alle glutenfreien Di\u00e4t &#8211; kein Milcheiwei\u00df, Lactose, Salz oder R\u00fcbenzucker. Es eignet sich zum Backen in kasten sowie f\u00fcr freien Formen auf backbleche. Mehl-Gemisch ist geeignet f\u00fcr die Zubereitung von Brot, Kuchen, Geb\u00e4ck, Kuchen sowie f\u00fcr den allgemeinen Gebrauch in der K\u00fcche-Verdickungsmittel, Bechamel, etc.<\/p>\n<p>Verpackung: 1 kg<\/p>\n<\/div>\n<\/div>\n<\/div>\n<\/div>\n<p>\u00a0<\/p>\n<h4>Product Information:<\/h4>\n<div id=\"Layer1\" class=\"bodystyle\">\n<div id=\"Layer1\" class=\"bodystyle\">\n<div id=\"Layer1\" class=\"bodystyle\">\n<div id=\"Layer1\" class=\"bodystyle\">\n<div id=\"Layer1\" class=\"bodystyle\"><strong>Zutaten:<\/strong><br \/> Kartoffelst\u00e4rke, Maisst\u00e4rke, Reismehl, modifizierte Maisst\u00e4rke, Sojamehl, Verdickungsmittel: Guarkernmehl und E466, Emulgator E471<\/p>\n<p><strong>100 g des Produktes enthalten durchschnittlich:<\/strong><br \/> 2,0 g Protein, 88,0 Gramm Kohlenhydrate und 1,0 Gramm Fett.<\/p>\n<p><strong>Energie:<\/strong><br \/> 1579 kJ; 377,8 kcal<\/p>\n<\/div>\n<\/div>\n<\/div>\n<\/div>\n<\/div>\n","protected":false},"excerpt":{"rendered":"<p>Universale glutenfreie Mehlmischung eignet sich f\u00fcr fast alle glutenfreien Di\u00e4t &#8211; kein Milcheiwei\u00df, Lactose, Salz oder R\u00fcbenzucker. Es eignet sich zum Backen in kasten sowie f\u00fcr freien Formen auf backbleche. Mehl-Gemisch ist geeignet f\u00fcr die Zubereitung von Brot, Kuchen, Geb\u00e4ck, Kuchen sowie f\u00fcr den allgemeinen Gebrauch in der K\u00fcche-Verdickungsmittel, Bechamel, etc.<\/p>\n","protected":false},"featured_media":2070,"comment_status":"closed","ping_status":"closed","template":"","meta":[],"yoast_head":"<!-- This site is optimized with the Yoast SEO plugin v15.7 - https:\/\/yoast.com\/wordpress\/plugins\/seo\/ -->\n<title>PROMIX UNI, universale glutenfreie mehlmischung - Novalim<\/title>\n<meta name=\"robots\" content=\"index, follow, max-snippet:-1, max-image-preview:large, max-video-preview:-1\" \/>\n<link rel=\"canonical\" href=\"https:\/\/www.novalimglutenfree.com\/de\/obchod\/mehl-de\/glutenfreie-mehlmischungen-de\/promix-uni-universale-glutenfreie-mehlmischung\/\" \/>\n<meta property=\"og:locale\" content=\"de_DE\" \/>\n<meta property=\"og:type\" content=\"article\" \/>\n<meta property=\"og:title\" content=\"PROMIX UNI, universale glutenfreie mehlmischung - Novalim\" \/>\n<meta property=\"og:description\" content=\"Universale glutenfreie Mehlmischung eignet sich f\u00fcr fast alle glutenfreien Di\u00e4t - kein Milcheiwei\u00df, Lactose, Salz oder R\u00fcbenzucker. Es eignet sich zum Backen in kasten sowie f\u00fcr freien Formen auf backbleche. Mehl-Gemisch ist geeignet f\u00fcr die Zubereitung von Brot, Kuchen, Geb\u00e4ck, Kuchen sowie f\u00fcr den allgemeinen Gebrauch in der K\u00fcche-Verdickungsmittel, Bechamel, etc.\" \/>\n<meta property=\"og:url\" content=\"https:\/\/www.novalimglutenfree.com\/de\/obchod\/mehl-de\/glutenfreie-mehlmischungen-de\/promix-uni-universale-glutenfreie-mehlmischung\/\" \/>\n<meta property=\"og:site_name\" content=\"Novalim\" \/>\n<meta property=\"article:modified_time\" content=\"2016-05-17T20:19:04+00:00\" \/>\n<meta property=\"og:image\" content=\"https:\/\/novalimglutenfree.com\/wp-content\/uploads\/2016\/05\/Promix_Uni.jpg\" \/>\n\t<meta property=\"og:image:width\" content=\"413\" \/>\n\t<meta property=\"og:image:height\" content=\"618\" \/>\n<meta name=\"twitter:card\" content=\"summary\" \/>\n<script type=\"application\/ld+json\" class=\"yoast-schema-graph\">{\"@context\":\"https:\/\/schema.org\",\"@graph\":[{\"@type\":\"WebSite\",\"@id\":\"https:\/\/www.novalimglutenfree.com\/de\/#website\",\"url\":\"https:\/\/www.novalimglutenfree.com\/de\/\",\"name\":\"Novalim\",\"description\":\"Bezlepkov\\u00e9 potraviny, bezlepkov\\u00e9 recepty, celiakia, PKU\",\"potentialAction\":[{\"@type\":\"SearchAction\",\"target\":\"https:\/\/www.novalimglutenfree.com\/de\/?s={search_term_string}\",\"query-input\":\"required name=search_term_string\"}],\"inLanguage\":\"de-DE\"},{\"@type\":\"ImageObject\",\"@id\":\"https:\/\/www.novalimglutenfree.com\/de\/obchod\/mehl-de\/glutenfreie-mehlmischungen-de\/promix-uni-universale-glutenfreie-mehlmischung\/#primaryimage\",\"inLanguage\":\"de-DE\",\"url\":\"https:\/\/novalimglutenfree.com\/wp-content\/uploads\/2016\/05\/Promix_Uni.jpg\",\"width\":413,\"height\":618},{\"@type\":\"WebPage\",\"@id\":\"https:\/\/www.novalimglutenfree.com\/de\/obchod\/mehl-de\/glutenfreie-mehlmischungen-de\/promix-uni-universale-glutenfreie-mehlmischung\/#webpage\",\"url\":\"https:\/\/www.novalimglutenfree.com\/de\/obchod\/mehl-de\/glutenfreie-mehlmischungen-de\/promix-uni-universale-glutenfreie-mehlmischung\/\",\"name\":\"PROMIX UNI, universale glutenfreie mehlmischung - Novalim\",\"isPartOf\":{\"@id\":\"https:\/\/www.novalimglutenfree.com\/de\/#website\"},\"primaryImageOfPage\":{\"@id\":\"https:\/\/www.novalimglutenfree.com\/de\/obchod\/mehl-de\/glutenfreie-mehlmischungen-de\/promix-uni-universale-glutenfreie-mehlmischung\/#primaryimage\"},\"datePublished\":\"2016-05-06T07:40:34+00:00\",\"dateModified\":\"2016-05-17T20:19:04+00:00\",\"inLanguage\":\"de-DE\",\"potentialAction\":[{\"@type\":\"ReadAction\",\"target\":[\"https:\/\/www.novalimglutenfree.com\/de\/obchod\/mehl-de\/glutenfreie-mehlmischungen-de\/promix-uni-universale-glutenfreie-mehlmischung\/\"]}]}]}<\/script>\n<!-- \/ Yoast SEO plugin. -->","_links":{"self":[{"href":"https:\/\/novalimglutenfree.com\/de\/wp-json\/wp\/v2\/product\/2069"}],"collection":[{"href":"https:\/\/novalimglutenfree.com\/de\/wp-json\/wp\/v2\/product"}],"about":[{"href":"https:\/\/novalimglutenfree.com\/de\/wp-json\/wp\/v2\/types\/product"}],"replies":[{"embeddable":true,"href":"https:\/\/novalimglutenfree.com\/de\/wp-json\/wp\/v2\/comments?post=2069"}],"version-history":[{"count":0,"href":"https:\/\/novalimglutenfree.com\/de\/wp-json\/wp\/v2\/product\/2069\/revisions"}],"wp:featuredmedia":[{"embeddable":true,"href":"https:\/\/novalimglutenfree.com\/de\/wp-json\/wp\/v2\/media\/2070"}],"wp:attachment":[{"href":"https:\/\/novalimglutenfree.com\/de\/wp-json\/wp\/v2\/media?parent=2069"}],"curies":[{"name":"wp","href":"https:\/\/api.w.org\/{rel}","templated":true}]}}