{"id":2055,"date":"2016-05-06T09:40:34","date_gmt":"2016-05-06T07:40:34","guid":{"rendered":"http:\/\/novalimglutenfree.com\/obchod\/promix-uni-komfort\/"},"modified":"2016-05-17T22:17:33","modified_gmt":"2016-05-17T20:17:33","slug":"promix-uni-komfort-glutenfreie-brotmehlmischung","status":"publish","type":"product","link":"https:\/\/novalimglutenfree.com\/de\/obchod\/mehl-de\/glutenfreie-mehlmischungen-de\/promix-uni-komfort-glutenfreie-brotmehlmischung\/","title":{"rendered":"PROMIX-UNI KOMFORT, glutenfreie Brotmehlmischung"},"content":{"rendered":"<div id=\"Layer5\" class=\"bodystyle\">\n<div id=\"Layer5\" class=\"bodystyle\">\n<div id=\"Layer5\" class=\"bodystyle\">\n<div id=\"Layer5\" class=\"bodystyle\">\n<div id=\"Layer5\" class=\"bodystyle\"><strong>PROMIX \u00ae UNI-COMFORT<\/strong> &#8211; universal glutenfreie Backmischung f\u00fcr die automatishe Brotmaschine. F\u00fcgen Sie einfach Wasser, Hefe und starten Sie die 2-Stunden-Programm. Nach dem Geschmack des Brotes hinzuf\u00fcgen k\u00f6nnen Gew\u00fcrze, Samen und so weiter. Die Mischung enth\u00e4lt auch pflanzliches Fett. Zu einer Mischung kann man noch weitere 1-2 Essl. von\u00a0 Amaranth oder Buchweizenmehl oder Amaranth Perlen zugeben.<\/p>\n<p>Verpackung: 400 g \/ 1 Brot<\/p>\n<\/div>\n<\/div>\n<\/div>\n<\/div>\n<\/div>\n<p>\u00a0<\/p>\n<h4>Produkt Information:<\/h4>\n<div id=\"Layer1\" class=\"bodystyle\">\n<div id=\"Layer1\" class=\"bodystyle\">\n<div id=\"Layer1\" class=\"bodystyle\">\n<div id=\"Layer1\" class=\"bodystyle\">\n<div id=\"Layer1\" class=\"bodystyle\">\n<div id=\"Layer1\" class=\"bodystyle\">\n<div id=\"Layer1\" class=\"bodystyle\">\n<div id=\"Layer1\" class=\"bodystyle\"><strong>Zutaten:<\/strong><br \/> Kartoffelst\u00e4rke, Maisst\u00e4rke, Reismehl, modifizierte Maisst\u00e4rke, Sojamehl, pflanzliches \u00d6l, Kartoffelmehl, Verdickungsmittel: Guarkernmehl und E466, Zucker, Salz, Emulgator E471, Zitronens\u00e4ure<\/p>\n<p><strong>100 g des Produktes enthalten durchschnittlich:<\/strong><br \/> 2,0 g Eiwei\u00df, 85,3 g Kohlenhydrate und 3,7 g Fett<\/p>\n<p><strong>Energie:<\/strong><br \/> 1635 kJ; 391 kcal<\/p>\n<\/div>\n<\/div>\n<\/div>\n<\/div>\n<\/div>\n<\/div>\n<\/div>\n<\/div>\n","protected":false},"excerpt":{"rendered":"<p>universal glutenfreie Backmischung f\u00fcr die automatishe Brotmaschine. F\u00fcgen Sie einfach Wasser, Hefe und starten Sie die 2-Stunden-Programm. Nach dem Geschmack des Brotes hinzuf\u00fcgen k\u00f6nnen Gew\u00fcrze, Samen und so weiter. Die Mischung enth\u00e4lt auch pflanzliches Fett. Zu einer Mischung kann man noch weitere 1-2 Essl. von\u00a0 Amaranth oder Buchweizenmehl oder Amaranth Perlen zugeben.<\/p>\n","protected":false},"featured_media":2289,"comment_status":"closed","ping_status":"closed","template":"","meta":[],"yoast_head":"<!-- This site is optimized with the Yoast SEO plugin v15.7 - https:\/\/yoast.com\/wordpress\/plugins\/seo\/ -->\n<title>PROMIX-UNI KOMFORT, glutenfreie Brotmehlmischung - Novalim<\/title>\n<meta name=\"robots\" content=\"index, follow, max-snippet:-1, max-image-preview:large, max-video-preview:-1\" \/>\n<link rel=\"canonical\" href=\"https:\/\/novalimglutenfree.com\/de\/obchod\/mehl-de\/glutenfreie-mehlmischungen-de\/promix-uni-komfort-glutenfreie-brotmehlmischung\/\" \/>\n<meta property=\"og:locale\" content=\"de_DE\" \/>\n<meta property=\"og:type\" content=\"article\" \/>\n<meta property=\"og:title\" content=\"PROMIX-UNI KOMFORT, glutenfreie Brotmehlmischung - Novalim\" \/>\n<meta property=\"og:description\" content=\"universal glutenfreie Backmischung f\u00fcr die automatishe Brotmaschine. F\u00fcgen Sie einfach Wasser, Hefe und starten Sie die 2-Stunden-Programm. Nach dem Geschmack des Brotes hinzuf\u00fcgen k\u00f6nnen Gew\u00fcrze, Samen und so weiter. Die Mischung enth\u00e4lt auch pflanzliches Fett. Zu einer Mischung kann man noch weitere 1-2 Essl. von\u00a0 Amaranth oder Buchweizenmehl oder Amaranth Perlen zugeben.\" \/>\n<meta property=\"og:url\" content=\"https:\/\/novalimglutenfree.com\/de\/obchod\/mehl-de\/glutenfreie-mehlmischungen-de\/promix-uni-komfort-glutenfreie-brotmehlmischung\/\" \/>\n<meta property=\"og:site_name\" content=\"Novalim\" \/>\n<meta property=\"article:modified_time\" content=\"2016-05-17T20:17:33+00:00\" \/>\n<meta property=\"og:image\" content=\"https:\/\/novalimglutenfree.com\/wp-content\/uploads\/2016\/05\/Uni-Komfort.jpg\" \/>\n\t<meta property=\"og:image:width\" content=\"413\" \/>\n\t<meta property=\"og:image:height\" content=\"618\" \/>\n<meta name=\"twitter:card\" content=\"summary\" \/>\n<meta name=\"twitter:label1\" content=\"Est. reading time\">\n\t<meta name=\"twitter:data1\" content=\"1 minute\">\n<script type=\"application\/ld+json\" class=\"yoast-schema-graph\">{\"@context\":\"https:\/\/schema.org\",\"@graph\":[{\"@type\":\"WebSite\",\"@id\":\"https:\/\/www.novalimglutenfree.com\/de\/#website\",\"url\":\"https:\/\/www.novalimglutenfree.com\/de\/\",\"name\":\"Novalim\",\"description\":\"Bezlepkov\\u00e9 potraviny, bezlepkov\\u00e9 recepty, celiakia, PKU\",\"potentialAction\":[{\"@type\":\"SearchAction\",\"target\":\"https:\/\/www.novalimglutenfree.com\/de\/?s={search_term_string}\",\"query-input\":\"required name=search_term_string\"}],\"inLanguage\":\"de-DE\"},{\"@type\":\"ImageObject\",\"@id\":\"https:\/\/novalimglutenfree.com\/de\/obchod\/mehl-de\/glutenfreie-mehlmischungen-de\/promix-uni-komfort-glutenfreie-brotmehlmischung\/#primaryimage\",\"inLanguage\":\"de-DE\",\"url\":\"https:\/\/novalimglutenfree.com\/wp-content\/uploads\/2016\/05\/Uni-Komfort.jpg\",\"width\":413,\"height\":618},{\"@type\":\"WebPage\",\"@id\":\"https:\/\/novalimglutenfree.com\/de\/obchod\/mehl-de\/glutenfreie-mehlmischungen-de\/promix-uni-komfort-glutenfreie-brotmehlmischung\/#webpage\",\"url\":\"https:\/\/novalimglutenfree.com\/de\/obchod\/mehl-de\/glutenfreie-mehlmischungen-de\/promix-uni-komfort-glutenfreie-brotmehlmischung\/\",\"name\":\"PROMIX-UNI KOMFORT, glutenfreie Brotmehlmischung - Novalim\",\"isPartOf\":{\"@id\":\"https:\/\/www.novalimglutenfree.com\/de\/#website\"},\"primaryImageOfPage\":{\"@id\":\"https:\/\/novalimglutenfree.com\/de\/obchod\/mehl-de\/glutenfreie-mehlmischungen-de\/promix-uni-komfort-glutenfreie-brotmehlmischung\/#primaryimage\"},\"datePublished\":\"2016-05-06T07:40:34+00:00\",\"dateModified\":\"2016-05-17T20:17:33+00:00\",\"inLanguage\":\"de-DE\",\"potentialAction\":[{\"@type\":\"ReadAction\",\"target\":[\"https:\/\/novalimglutenfree.com\/de\/obchod\/mehl-de\/glutenfreie-mehlmischungen-de\/promix-uni-komfort-glutenfreie-brotmehlmischung\/\"]}]}]}<\/script>\n<!-- \/ Yoast SEO plugin. -->","_links":{"self":[{"href":"https:\/\/novalimglutenfree.com\/de\/wp-json\/wp\/v2\/product\/2055"}],"collection":[{"href":"https:\/\/novalimglutenfree.com\/de\/wp-json\/wp\/v2\/product"}],"about":[{"href":"https:\/\/novalimglutenfree.com\/de\/wp-json\/wp\/v2\/types\/product"}],"replies":[{"embeddable":true,"href":"https:\/\/novalimglutenfree.com\/de\/wp-json\/wp\/v2\/comments?post=2055"}],"version-history":[{"count":0,"href":"https:\/\/novalimglutenfree.com\/de\/wp-json\/wp\/v2\/product\/2055\/revisions"}],"wp:featuredmedia":[{"embeddable":true,"href":"https:\/\/novalimglutenfree.com\/de\/wp-json\/wp\/v2\/media\/2289"}],"wp:attachment":[{"href":"https:\/\/novalimglutenfree.com\/de\/wp-json\/wp\/v2\/media?parent=2055"}],"curies":[{"name":"wp","href":"https:\/\/api.w.org\/{rel}","templated":true}]}}