{"id":2018,"date":"2016-05-06T09:40:46","date_gmt":"2016-05-06T07:40:46","guid":{"rendered":"http:\/\/novalimglutenfree.com\/de\/obchod\/limky-bezlepkove-keksy-vanilkove-plnene\/"},"modified":"2016-05-31T10:52:21","modified_gmt":"2016-05-31T08:52:21","slug":"limky-glutenfreie-gefuellte-vanillekekse","status":"publish","type":"product","link":"https:\/\/novalimglutenfree.com\/de\/obchod\/keksy-muesli-sneky-de\/bezlepkove-trvanlive-pecivo-de\/limky-glutenfreie-gefuellte-vanillekekse\/","title":{"rendered":"LIMKY-glutenfreie gef\u00fcllte Vanillekekse"},"content":{"rendered":"<p>LIMKY  VANILLA gef\u00fcllt &#8211; glutenfreie Kekse, gekennzeichnet durch ihren k\u00f6stlichen Geschmack und Zartheit. Feine Schokoladencreme mit milchfreie  dunkler Schokolademasse.<\/p>\n<p>Verpackung: 150 g<\/p>\n<p>Product Information:<\/p>\n<p>Zutaten:<br \/>\n Maisst\u00e4rke, Reismehl, pflanzliches Fett, modifizierte Maisst\u00e4rke, Zucker, Sojamehl, Glukosesirup, frisches Ei-Mischung, Salz, Emulgator Lecithin, Backtriebmittel E450, E500. F\u00fcllung (Schokoladencreme): Zucker, geh\u00e4rtetes pflanzliches Fett, Schokolade, Kakaopulver, pflanzliches \u00d6l, Emulgator Lecithin.<br \/>\n100 g des Produktes enthalten durchschnittlich:<br \/>\n 4,80 g Eiwei\u00df, 69,0 g Kohlenhydrate und 20,0 Gramm Fett<\/p>\n<p>Energie:<br \/>\n 1995 kJ; 477,2 kcal<\/p>\n","protected":false},"excerpt":{"rendered":"<p>LIMKY  VANILLA gef\u00fcllt &#8211; glutenfreie Kekse, gekennzeichnet durch ihren k\u00f6stlichen Geschmack und Zartheit. Feine Schokoladencreme mit milchfreie  dunkler Schokolademasse.<\/p>\n","protected":false},"featured_media":2019,"comment_status":"closed","ping_status":"closed","template":"","meta":[],"yoast_head":"<!-- This site is optimized with the Yoast SEO plugin v15.7 - https:\/\/yoast.com\/wordpress\/plugins\/seo\/ -->\n<title>LIMKY-glutenfreie gef\u00fcllte Vanillekekse - Novalim<\/title>\n<meta name=\"robots\" content=\"index, follow, max-snippet:-1, max-image-preview:large, max-video-preview:-1\" \/>\n<link rel=\"canonical\" href=\"https:\/\/www.novalimglutenfree.com\/de\/obchod\/keksy-muesli-sneky-de\/bezlepkove-trvanlive-pecivo-de\/limky-glutenfreie-gefuellte-vanillekekse\/\" \/>\n<meta property=\"og:locale\" content=\"de_DE\" \/>\n<meta property=\"og:type\" content=\"article\" \/>\n<meta property=\"og:title\" content=\"LIMKY-glutenfreie gef\u00fcllte Vanillekekse - Novalim\" \/>\n<meta property=\"og:description\" content=\"LIMKY VANILLA gef\u00fcllt - glutenfreie Kekse, gekennzeichnet durch ihren k\u00f6stlichen Geschmack und Zartheit. Feine Schokoladencreme mit milchfreie dunkler Schokolademasse.\" \/>\n<meta property=\"og:url\" content=\"https:\/\/www.novalimglutenfree.com\/de\/obchod\/keksy-muesli-sneky-de\/bezlepkove-trvanlive-pecivo-de\/limky-glutenfreie-gefuellte-vanillekekse\/\" \/>\n<meta property=\"og:site_name\" content=\"Novalim\" \/>\n<meta property=\"article:modified_time\" content=\"2016-05-31T08:52:21+00:00\" \/>\n<meta property=\"og:image\" content=\"https:\/\/novalimglutenfree.com\/wp-content\/uploads\/2016\/05\/LimkyVanilla.jpg\" \/>\n\t<meta property=\"og:image:width\" content=\"926\" \/>\n\t<meta property=\"og:image:height\" content=\"618\" \/>\n<meta name=\"twitter:card\" content=\"summary\" \/>\n<script type=\"application\/ld+json\" class=\"yoast-schema-graph\">{\"@context\":\"https:\/\/schema.org\",\"@graph\":[{\"@type\":\"WebSite\",\"@id\":\"https:\/\/www.novalimglutenfree.com\/de\/#website\",\"url\":\"https:\/\/www.novalimglutenfree.com\/de\/\",\"name\":\"Novalim\",\"description\":\"Bezlepkov\\u00e9 potraviny, bezlepkov\\u00e9 recepty, celiakia, PKU\",\"potentialAction\":[{\"@type\":\"SearchAction\",\"target\":\"https:\/\/www.novalimglutenfree.com\/de\/?s={search_term_string}\",\"query-input\":\"required name=search_term_string\"}],\"inLanguage\":\"de-DE\"},{\"@type\":\"ImageObject\",\"@id\":\"https:\/\/www.novalimglutenfree.com\/de\/obchod\/keksy-muesli-sneky-de\/bezlepkove-trvanlive-pecivo-de\/limky-glutenfreie-gefuellte-vanillekekse\/#primaryimage\",\"inLanguage\":\"de-DE\",\"url\":\"https:\/\/novalimglutenfree.com\/wp-content\/uploads\/2016\/05\/LimkyVanilla.jpg\",\"width\":926,\"height\":618},{\"@type\":\"WebPage\",\"@id\":\"https:\/\/www.novalimglutenfree.com\/de\/obchod\/keksy-muesli-sneky-de\/bezlepkove-trvanlive-pecivo-de\/limky-glutenfreie-gefuellte-vanillekekse\/#webpage\",\"url\":\"https:\/\/www.novalimglutenfree.com\/de\/obchod\/keksy-muesli-sneky-de\/bezlepkove-trvanlive-pecivo-de\/limky-glutenfreie-gefuellte-vanillekekse\/\",\"name\":\"LIMKY-glutenfreie gef\\u00fcllte Vanillekekse - Novalim\",\"isPartOf\":{\"@id\":\"https:\/\/www.novalimglutenfree.com\/de\/#website\"},\"primaryImageOfPage\":{\"@id\":\"https:\/\/www.novalimglutenfree.com\/de\/obchod\/keksy-muesli-sneky-de\/bezlepkove-trvanlive-pecivo-de\/limky-glutenfreie-gefuellte-vanillekekse\/#primaryimage\"},\"datePublished\":\"2016-05-06T07:40:46+00:00\",\"dateModified\":\"2016-05-31T08:52:21+00:00\",\"inLanguage\":\"de-DE\",\"potentialAction\":[{\"@type\":\"ReadAction\",\"target\":[\"https:\/\/www.novalimglutenfree.com\/de\/obchod\/keksy-muesli-sneky-de\/bezlepkove-trvanlive-pecivo-de\/limky-glutenfreie-gefuellte-vanillekekse\/\"]}]}]}<\/script>\n<!-- \/ Yoast SEO plugin. -->","_links":{"self":[{"href":"https:\/\/novalimglutenfree.com\/de\/wp-json\/wp\/v2\/product\/2018"}],"collection":[{"href":"https:\/\/novalimglutenfree.com\/de\/wp-json\/wp\/v2\/product"}],"about":[{"href":"https:\/\/novalimglutenfree.com\/de\/wp-json\/wp\/v2\/types\/product"}],"replies":[{"embeddable":true,"href":"https:\/\/novalimglutenfree.com\/de\/wp-json\/wp\/v2\/comments?post=2018"}],"version-history":[{"count":0,"href":"https:\/\/novalimglutenfree.com\/de\/wp-json\/wp\/v2\/product\/2018\/revisions"}],"wp:featuredmedia":[{"embeddable":true,"href":"https:\/\/novalimglutenfree.com\/de\/wp-json\/wp\/v2\/media\/2019"}],"wp:attachment":[{"href":"https:\/\/novalimglutenfree.com\/de\/wp-json\/wp\/v2\/media?parent=2018"}],"curies":[{"name":"wp","href":"https:\/\/api.w.org\/{rel}","templated":true}]}}