{"id":2009,"date":"2016-05-06T09:41:00","date_gmt":"2016-05-06T07:41:00","guid":{"rendered":"http:\/\/novalimglutenfree.com\/de\/obchod\/bezlepkove-granulovane-musli-s-hrozienkami\/"},"modified":"2016-05-17T22:03:48","modified_gmt":"2016-05-17T20:03:48","slug":"glutenfreie-granulierte-muesli-mit-rosinen","status":"publish","type":"product","link":"https:\/\/novalimglutenfree.com\/de\/obchod\/keksy-muesli-sneky-de\/bezlepkove-trvanlive-pecivo-de\/glutenfreie-granulierte-muesli-mit-rosinen\/","title":{"rendered":"Glutenfreie granulierte M\u00fcsli mit Rosinen"},"content":{"rendered":"<p><strong>LUTENFREIE GRANULIERTE MUSLI<\/strong> mit Rosinen gebackt- ein Produkt f\u00fcr den direkten Verbrauch im trockenen Zustand oder nach dem Zugeben hei\u00dfer oder kalter Milch, Fruchtsaft, Kompott, etc. gedacht. Es kann auch als Streusel f\u00fcr Obstkn\u00f6del verwendet werden.<\/p>\n<p><strong>Verpackung<\/strong>: 200 g<\/p>\n<p><strong>Produkt-Information:<\/strong> Zutaten: nat\u00fcrliche Zucker, Reismehl, extrudierten Mais, Rosinen, Sonnenblumenkerne, pflanzliches \u00d6l, Amaranth Perlen, Kokosmehl, dunkles Reismehl , Honig, Salz .<\/p>\n<p><strong> 100 g des Produktes enthalten durchschnittlich<\/strong>: 5,7 g Eiwei\u00df, 81,0 g Kohlenhydrate und 4,8 Gramm Fett<\/p>\n<p><strong>Brennwert:<\/strong> 1664 kJ; 398 kcal<\/p>\n","protected":false},"excerpt":{"rendered":"<p>mit Rosinen gebackt- ein Produkt f\u00fcr den direkten Verbrauch im trockenen Zustand oder nach dem Zugeben hei\u00dfer oder kalter Milch, Fruchtsaft, Kompott, etc. gedacht. Es kann auch als Streusel f\u00fcr Obstkn\u00f6del verwendet werden.<\/p>\n","protected":false},"featured_media":2002,"comment_status":"closed","ping_status":"closed","template":"","meta":[],"yoast_head":"<!-- This site is optimized with the Yoast SEO plugin v15.7 - https:\/\/yoast.com\/wordpress\/plugins\/seo\/ -->\n<title>Glutenfreie granulierte M\u00fcsli mit Rosinen - Novalim<\/title>\n<meta name=\"robots\" content=\"index, follow, max-snippet:-1, max-image-preview:large, max-video-preview:-1\" \/>\n<link rel=\"canonical\" href=\"https:\/\/www.novalimglutenfree.com\/de\/obchod\/keksy-muesli-sneky-de\/bezlepkove-trvanlive-pecivo-de\/glutenfreie-granulierte-muesli-mit-rosinen\/\" \/>\n<meta property=\"og:locale\" content=\"de_DE\" \/>\n<meta property=\"og:type\" content=\"article\" \/>\n<meta property=\"og:title\" content=\"Glutenfreie granulierte M\u00fcsli mit Rosinen - Novalim\" \/>\n<meta property=\"og:description\" content=\"mit Rosinen gebackt- ein Produkt f\u00fcr den direkten Verbrauch im trockenen Zustand oder nach dem Zugeben hei\u00dfer oder kalter Milch, Fruchtsaft, Kompott, etc. gedacht. Es kann auch als Streusel f\u00fcr Obstkn\u00f6del verwendet werden.\" \/>\n<meta property=\"og:url\" content=\"https:\/\/www.novalimglutenfree.com\/de\/obchod\/keksy-muesli-sneky-de\/bezlepkove-trvanlive-pecivo-de\/glutenfreie-granulierte-muesli-mit-rosinen\/\" \/>\n<meta property=\"og:site_name\" content=\"Novalim\" \/>\n<meta property=\"article:modified_time\" content=\"2016-05-17T20:03:48+00:00\" \/>\n<meta property=\"og:image\" content=\"https:\/\/novalimglutenfree.com\/wp-content\/uploads\/2016\/05\/Muslie.jpg\" \/>\n\t<meta property=\"og:image:width\" content=\"413\" \/>\n\t<meta property=\"og:image:height\" content=\"618\" \/>\n<meta name=\"twitter:card\" content=\"summary\" \/>\n<script type=\"application\/ld+json\" class=\"yoast-schema-graph\">{\"@context\":\"https:\/\/schema.org\",\"@graph\":[{\"@type\":\"WebSite\",\"@id\":\"https:\/\/www.novalimglutenfree.com\/de\/#website\",\"url\":\"https:\/\/www.novalimglutenfree.com\/de\/\",\"name\":\"Novalim\",\"description\":\"Bezlepkov\\u00e9 potraviny, bezlepkov\\u00e9 recepty, celiakia, PKU\",\"potentialAction\":[{\"@type\":\"SearchAction\",\"target\":\"https:\/\/www.novalimglutenfree.com\/de\/?s={search_term_string}\",\"query-input\":\"required name=search_term_string\"}],\"inLanguage\":\"de-DE\"},{\"@type\":\"ImageObject\",\"@id\":\"https:\/\/www.novalimglutenfree.com\/de\/obchod\/keksy-muesli-sneky-de\/bezlepkove-trvanlive-pecivo-de\/glutenfreie-granulierte-muesli-mit-rosinen\/#primaryimage\",\"inLanguage\":\"de-DE\",\"url\":\"https:\/\/novalimglutenfree.com\/wp-content\/uploads\/2016\/05\/Muslie.jpg\",\"width\":413,\"height\":618},{\"@type\":\"WebPage\",\"@id\":\"https:\/\/www.novalimglutenfree.com\/de\/obchod\/keksy-muesli-sneky-de\/bezlepkove-trvanlive-pecivo-de\/glutenfreie-granulierte-muesli-mit-rosinen\/#webpage\",\"url\":\"https:\/\/www.novalimglutenfree.com\/de\/obchod\/keksy-muesli-sneky-de\/bezlepkove-trvanlive-pecivo-de\/glutenfreie-granulierte-muesli-mit-rosinen\/\",\"name\":\"Glutenfreie granulierte M\\u00fcsli mit Rosinen - Novalim\",\"isPartOf\":{\"@id\":\"https:\/\/www.novalimglutenfree.com\/de\/#website\"},\"primaryImageOfPage\":{\"@id\":\"https:\/\/www.novalimglutenfree.com\/de\/obchod\/keksy-muesli-sneky-de\/bezlepkove-trvanlive-pecivo-de\/glutenfreie-granulierte-muesli-mit-rosinen\/#primaryimage\"},\"datePublished\":\"2016-05-06T07:41:00+00:00\",\"dateModified\":\"2016-05-17T20:03:48+00:00\",\"inLanguage\":\"de-DE\",\"potentialAction\":[{\"@type\":\"ReadAction\",\"target\":[\"https:\/\/www.novalimglutenfree.com\/de\/obchod\/keksy-muesli-sneky-de\/bezlepkove-trvanlive-pecivo-de\/glutenfreie-granulierte-muesli-mit-rosinen\/\"]}]}]}<\/script>\n<!-- \/ Yoast SEO plugin. -->","_links":{"self":[{"href":"https:\/\/novalimglutenfree.com\/de\/wp-json\/wp\/v2\/product\/2009"}],"collection":[{"href":"https:\/\/novalimglutenfree.com\/de\/wp-json\/wp\/v2\/product"}],"about":[{"href":"https:\/\/novalimglutenfree.com\/de\/wp-json\/wp\/v2\/types\/product"}],"replies":[{"embeddable":true,"href":"https:\/\/novalimglutenfree.com\/de\/wp-json\/wp\/v2\/comments?post=2009"}],"version-history":[{"count":0,"href":"https:\/\/novalimglutenfree.com\/de\/wp-json\/wp\/v2\/product\/2009\/revisions"}],"wp:featuredmedia":[{"embeddable":true,"href":"https:\/\/novalimglutenfree.com\/de\/wp-json\/wp\/v2\/media\/2002"}],"wp:attachment":[{"href":"https:\/\/novalimglutenfree.com\/de\/wp-json\/wp\/v2\/media?parent=2009"}],"curies":[{"name":"wp","href":"https:\/\/api.w.org\/{rel}","templated":true}]}}