{"id":1996,"date":"2016-05-06T09:41:13","date_gmt":"2016-05-06T07:41:13","guid":{"rendered":"http:\/\/novalimglutenfree.com\/de\/obchod\/permonky-bezglutenove-keksy-pernikove\/"},"modified":"2016-05-31T09:56:18","modified_gmt":"2016-05-31T07:56:18","slug":"permonky-glutenfreie-lebkuchenkekse","status":"publish","type":"product","link":"https:\/\/novalimglutenfree.com\/de\/obchod\/keksy-muesli-sneky-de\/bezlepkove-trvanlive-pecivo-de\/permonky-glutenfreie-lebkuchenkekse\/","title":{"rendered":"PERMONKY-glutenfreie Lebkuchenkekse"},"content":{"rendered":"<p>Glutenfreie Kekse-eine  neue Serie &#8211; Lebkuchen Geschmack, Knackigkeit und Weichheit von Cracker und ansprechende Form. Hergestellt aus nat\u00fcrlich glutenfreie Zutaten, mit dem Zusatz von frischen Eiern, Honig und traditionelle Lebkuchengew\u00fcrz. Nicht enthalten Milch oder Milchzucker.                                                                                                                                                                                                                                                                                                           Verpackung : 150 g                                                                                                                                                                                                                                                                      Produktinformationen                                                                                                                                                                                           Zutaten : Maisst\u00e4rke, Zucker, Reismehl, Pflanzenfett (Raps, Sonnenblumen), Maismehl, Glukosesirup, getrocknetes Eipulver, frische Eier , Soja Mehl Vollfett-, Soja- Mehl entfettet, Honig, Zucker mit Vanillin, Lebkuchengew\u00fcrze, Backtriebmittel E450, E500, Salz, Emulgator Lecithin .                                                                                                                                                                                                                                                      N\u00e4hrwerte pro 100g  durchschnittlich : 17,3 Fett (davon ges\u00e4ttigte Fetts\u00e4uren 4,1 g) &#8211; 74,2 g Kohlenhydrate (davon 28,3 g Zucker; 1,3 g Ballaststoffe) &#8211; Protein 4,5 g                                                                                                                                                                                                                                                                                Energie (Brennwert):     1968 kJ \/ 100 g; 470,5 kcal \/ 100 g          <\/p>\n","protected":false},"excerpt":{"rendered":"<p>Glutenfreie Kekse-eine  neue Serie &#8211; Lebkuchen Geschmack, Knackigkeit und Weichheit von Cracker und ansprechende Form. Hergestellt aus nat\u00fcrlich glutenfreie Zutaten, mit dem Zusatz von frischen Eiern, Honig und traditionelle Lebkuchengew\u00fcrz. Nicht enthalten Milch oder Milchzucker.     <\/p>\n","protected":false},"featured_media":1997,"comment_status":"closed","ping_status":"closed","template":"","meta":[],"yoast_head":"<!-- This site is optimized with the Yoast SEO plugin v15.7 - https:\/\/yoast.com\/wordpress\/plugins\/seo\/ -->\n<title>PERMONKY-glutenfreie Lebkuchenkekse - Novalim<\/title>\n<meta name=\"robots\" content=\"index, follow, max-snippet:-1, max-image-preview:large, max-video-preview:-1\" \/>\n<link rel=\"canonical\" href=\"https:\/\/www.novalimglutenfree.com\/de\/obchod\/keksy-muesli-sneky-de\/bezlepkove-trvanlive-pecivo-de\/permonky-glutenfreie-lebkuchenkekse\/\" \/>\n<meta property=\"og:locale\" content=\"de_DE\" \/>\n<meta property=\"og:type\" content=\"article\" \/>\n<meta property=\"og:title\" content=\"PERMONKY-glutenfreie Lebkuchenkekse - Novalim\" \/>\n<meta property=\"og:description\" content=\"Glutenfreie Kekse-eine neue Serie - Lebkuchen Geschmack, Knackigkeit und Weichheit von Cracker und ansprechende Form. Hergestellt aus nat\u00fcrlich glutenfreie Zutaten, mit dem Zusatz von frischen Eiern, Honig und traditionelle Lebkuchengew\u00fcrz. Nicht enthalten Milch oder Milchzucker.\" \/>\n<meta property=\"og:url\" content=\"https:\/\/www.novalimglutenfree.com\/de\/obchod\/keksy-muesli-sneky-de\/bezlepkove-trvanlive-pecivo-de\/permonky-glutenfreie-lebkuchenkekse\/\" \/>\n<meta property=\"og:site_name\" content=\"Novalim\" \/>\n<meta property=\"article:modified_time\" content=\"2016-05-31T07:56:18+00:00\" \/>\n<meta property=\"og:image\" content=\"https:\/\/novalimglutenfree.com\/wp-content\/uploads\/2016\/05\/Permonky.jpg\" \/>\n\t<meta property=\"og:image:width\" content=\"413\" \/>\n\t<meta property=\"og:image:height\" content=\"618\" \/>\n<meta name=\"twitter:card\" content=\"summary\" \/>\n<meta name=\"twitter:label1\" content=\"Est. reading time\">\n\t<meta name=\"twitter:data1\" content=\"1 minute\">\n<script type=\"application\/ld+json\" class=\"yoast-schema-graph\">{\"@context\":\"https:\/\/schema.org\",\"@graph\":[{\"@type\":\"WebSite\",\"@id\":\"https:\/\/www.novalimglutenfree.com\/de\/#website\",\"url\":\"https:\/\/www.novalimglutenfree.com\/de\/\",\"name\":\"Novalim\",\"description\":\"Bezlepkov\\u00e9 potraviny, bezlepkov\\u00e9 recepty, celiakia, PKU\",\"potentialAction\":[{\"@type\":\"SearchAction\",\"target\":\"https:\/\/www.novalimglutenfree.com\/de\/?s={search_term_string}\",\"query-input\":\"required name=search_term_string\"}],\"inLanguage\":\"de-DE\"},{\"@type\":\"ImageObject\",\"@id\":\"https:\/\/www.novalimglutenfree.com\/de\/obchod\/keksy-muesli-sneky-de\/bezlepkove-trvanlive-pecivo-de\/permonky-glutenfreie-lebkuchenkekse\/#primaryimage\",\"inLanguage\":\"de-DE\",\"url\":\"https:\/\/novalimglutenfree.com\/wp-content\/uploads\/2016\/05\/Permonky.jpg\",\"width\":413,\"height\":618},{\"@type\":\"WebPage\",\"@id\":\"https:\/\/www.novalimglutenfree.com\/de\/obchod\/keksy-muesli-sneky-de\/bezlepkove-trvanlive-pecivo-de\/permonky-glutenfreie-lebkuchenkekse\/#webpage\",\"url\":\"https:\/\/www.novalimglutenfree.com\/de\/obchod\/keksy-muesli-sneky-de\/bezlepkove-trvanlive-pecivo-de\/permonky-glutenfreie-lebkuchenkekse\/\",\"name\":\"PERMONKY-glutenfreie Lebkuchenkekse - Novalim\",\"isPartOf\":{\"@id\":\"https:\/\/www.novalimglutenfree.com\/de\/#website\"},\"primaryImageOfPage\":{\"@id\":\"https:\/\/www.novalimglutenfree.com\/de\/obchod\/keksy-muesli-sneky-de\/bezlepkove-trvanlive-pecivo-de\/permonky-glutenfreie-lebkuchenkekse\/#primaryimage\"},\"datePublished\":\"2016-05-06T07:41:13+00:00\",\"dateModified\":\"2016-05-31T07:56:18+00:00\",\"inLanguage\":\"de-DE\",\"potentialAction\":[{\"@type\":\"ReadAction\",\"target\":[\"https:\/\/www.novalimglutenfree.com\/de\/obchod\/keksy-muesli-sneky-de\/bezlepkove-trvanlive-pecivo-de\/permonky-glutenfreie-lebkuchenkekse\/\"]}]}]}<\/script>\n<!-- \/ Yoast SEO plugin. -->","_links":{"self":[{"href":"https:\/\/novalimglutenfree.com\/de\/wp-json\/wp\/v2\/product\/1996"}],"collection":[{"href":"https:\/\/novalimglutenfree.com\/de\/wp-json\/wp\/v2\/product"}],"about":[{"href":"https:\/\/novalimglutenfree.com\/de\/wp-json\/wp\/v2\/types\/product"}],"replies":[{"embeddable":true,"href":"https:\/\/novalimglutenfree.com\/de\/wp-json\/wp\/v2\/comments?post=1996"}],"version-history":[{"count":0,"href":"https:\/\/novalimglutenfree.com\/de\/wp-json\/wp\/v2\/product\/1996\/revisions"}],"wp:featuredmedia":[{"embeddable":true,"href":"https:\/\/novalimglutenfree.com\/de\/wp-json\/wp\/v2\/media\/1997"}],"wp:attachment":[{"href":"https:\/\/novalimglutenfree.com\/de\/wp-json\/wp\/v2\/media?parent=1996"}],"curies":[{"name":"wp","href":"https:\/\/api.w.org\/{rel}","templated":true}]}}