{"id":1859,"date":"2016-05-06T09:40:34","date_gmt":"2016-05-06T07:40:34","guid":{"rendered":"http:\/\/novalimglutenfree.com\/de\/obchod\/bezlepkova-krupica\/"},"modified":"2016-05-17T21:46:24","modified_gmt":"2016-05-17T19:46:24","slug":"glutenfreies-griess","status":"publish","type":"product","link":"https:\/\/novalimglutenfree.com\/de\/obchod\/mehl-de\/glutenfreie-fertige-backmischungen-de\/glutenfreies-griess\/","title":{"rendered":"Glutenfreies GRIESS"},"content":{"rendered":"<p>Glutenfreies GRIESS &#8211; geeignet zur Vorbereitung von Babybrei, Griessgnocchi und Suppenfeinteigware.Ein  Spezielles granulierte Produkt.<\/p>\n<p>Verpackung: 500 g<\/p>\n<p>Produkt-Information:<\/p>\n<p>Zutaten:<br \/>\n Maisst\u00e4rke, modifizierte Maisst\u00e4rke, getrocknet Eiwei\u00df, Emulgator E471, E100 nat\u00fcrliches Farbstoff Kurkumin.<\/p>\n<p>100 g des Produktes enthalten durchschnittlich:<br \/>\n 1,8 g Protein, 84,0 g Kohlenhydrate und 1,2 g Fett<\/p>\n<p>Energie:<br \/>\n 1515 kJ, 382,4 kcal<\/p>\n","protected":false},"excerpt":{"rendered":"<p>geeignet zur Vorbereitung von Babybrei, Griessgnocchi und Suppenfeinteigware.Ein  Spezielles granulierte Produkt.<\/p>\n","protected":false},"featured_media":11108,"comment_status":"closed","ping_status":"closed","template":"","meta":[],"yoast_head":"<!-- This site is optimized with the Yoast SEO plugin v15.7 - https:\/\/yoast.com\/wordpress\/plugins\/seo\/ -->\n<title>Glutenfreies GRIESS - Novalim<\/title>\n<meta name=\"robots\" content=\"index, follow, max-snippet:-1, max-image-preview:large, max-video-preview:-1\" \/>\n<link rel=\"canonical\" href=\"https:\/\/novalimglutenfree.com\/de\/obchod\/mehl-de\/glutenfreie-fertige-backmischungen-de\/glutenfreies-griess\/\" \/>\n<meta property=\"og:locale\" content=\"de_DE\" \/>\n<meta property=\"og:type\" content=\"article\" \/>\n<meta property=\"og:title\" content=\"Glutenfreies GRIESS - Novalim\" \/>\n<meta property=\"og:description\" content=\"geeignet zur Vorbereitung von Babybrei, Griessgnocchi und Suppenfeinteigware.Ein Spezielles granulierte Produkt.\" \/>\n<meta property=\"og:url\" content=\"https:\/\/novalimglutenfree.com\/de\/obchod\/mehl-de\/glutenfreie-fertige-backmischungen-de\/glutenfreies-griess\/\" \/>\n<meta property=\"og:site_name\" content=\"Novalim\" \/>\n<meta property=\"article:modified_time\" content=\"2016-05-17T19:46:24+00:00\" \/>\n<meta property=\"og:image\" content=\"https:\/\/novalimglutenfree.com\/wp-content\/uploads\/2016\/05\/krupica_m.png\" \/>\n\t<meta property=\"og:image:width\" content=\"603\" \/>\n\t<meta property=\"og:image:height\" content=\"796\" \/>\n<meta name=\"twitter:card\" content=\"summary\" \/>\n<script type=\"application\/ld+json\" class=\"yoast-schema-graph\">{\"@context\":\"https:\/\/schema.org\",\"@graph\":[{\"@type\":\"WebSite\",\"@id\":\"https:\/\/www.novalimglutenfree.com\/de\/#website\",\"url\":\"https:\/\/www.novalimglutenfree.com\/de\/\",\"name\":\"Novalim\",\"description\":\"Bezlepkov\\u00e9 potraviny, bezlepkov\\u00e9 recepty, celiakia, PKU\",\"potentialAction\":[{\"@type\":\"SearchAction\",\"target\":\"https:\/\/www.novalimglutenfree.com\/de\/?s={search_term_string}\",\"query-input\":\"required name=search_term_string\"}],\"inLanguage\":\"de-DE\"},{\"@type\":\"ImageObject\",\"@id\":\"https:\/\/novalimglutenfree.com\/de\/obchod\/mehl-de\/glutenfreie-fertige-backmischungen-de\/glutenfreies-griess\/#primaryimage\",\"inLanguage\":\"de-DE\",\"url\":\"https:\/\/novalimglutenfree.com\/wp-content\/uploads\/2016\/05\/krupica_m.png\",\"width\":603,\"height\":796},{\"@type\":\"WebPage\",\"@id\":\"https:\/\/novalimglutenfree.com\/de\/obchod\/mehl-de\/glutenfreie-fertige-backmischungen-de\/glutenfreies-griess\/#webpage\",\"url\":\"https:\/\/novalimglutenfree.com\/de\/obchod\/mehl-de\/glutenfreie-fertige-backmischungen-de\/glutenfreies-griess\/\",\"name\":\"Glutenfreies GRIESS - Novalim\",\"isPartOf\":{\"@id\":\"https:\/\/www.novalimglutenfree.com\/de\/#website\"},\"primaryImageOfPage\":{\"@id\":\"https:\/\/novalimglutenfree.com\/de\/obchod\/mehl-de\/glutenfreie-fertige-backmischungen-de\/glutenfreies-griess\/#primaryimage\"},\"datePublished\":\"2016-05-06T07:40:34+00:00\",\"dateModified\":\"2016-05-17T19:46:24+00:00\",\"inLanguage\":\"de-DE\",\"potentialAction\":[{\"@type\":\"ReadAction\",\"target\":[\"https:\/\/novalimglutenfree.com\/de\/obchod\/mehl-de\/glutenfreie-fertige-backmischungen-de\/glutenfreies-griess\/\"]}]}]}<\/script>\n<!-- \/ Yoast SEO plugin. -->","_links":{"self":[{"href":"https:\/\/novalimglutenfree.com\/de\/wp-json\/wp\/v2\/product\/1859"}],"collection":[{"href":"https:\/\/novalimglutenfree.com\/de\/wp-json\/wp\/v2\/product"}],"about":[{"href":"https:\/\/novalimglutenfree.com\/de\/wp-json\/wp\/v2\/types\/product"}],"replies":[{"embeddable":true,"href":"https:\/\/novalimglutenfree.com\/de\/wp-json\/wp\/v2\/comments?post=1859"}],"version-history":[{"count":0,"href":"https:\/\/novalimglutenfree.com\/de\/wp-json\/wp\/v2\/product\/1859\/revisions"}],"wp:featuredmedia":[{"embeddable":true,"href":"https:\/\/novalimglutenfree.com\/de\/wp-json\/wp\/v2\/media\/11108"}],"wp:attachment":[{"href":"https:\/\/novalimglutenfree.com\/de\/wp-json\/wp\/v2\/media?parent=1859"}],"curies":[{"name":"wp","href":"https:\/\/api.w.org\/{rel}","templated":true}]}}