{"id":1847,"date":"2016-05-06T09:40:34","date_gmt":"2016-05-06T07:40:34","guid":{"rendered":"http:\/\/novalimglutenfree.com\/de\/obchod\/bezlepkova-knedza-v-pra%c2%9aku\/"},"modified":"2024-01-26T14:37:23","modified_gmt":"2024-01-26T12:37:23","slug":"bezlepkova-knedza-v-pra%c2%9aku","status":"publish","type":"product","link":"https:\/\/novalimglutenfree.com\/de\/obchod\/mehl-de\/glutenfreie-fertige-backmischungen-de\/bezlepkova-knedza-v-pra%c2%9aku\/","title":{"rendered":"Glutenfreie KN\u00d6DEL Mehlmischung"},"content":{"rendered":"<p><strong>Glutenfreie KN\u00d6DEL Mehlmischung<\/strong> &#8211; ungegarte schnelle Kn\u00f6del als Beilage zu dem Fleischgericht geeignet. Die Mischung wird mit Wasser gemischt, geformt zu einem Laib und gekocht.<\/p>\n<p><strong>Verpackung:<\/strong> 250 g<\/p>\n<p><strong>Produkt-Information:<\/strong> Zutaten: Maisst\u00e4rke, Kartoffelst\u00e4rke, Reismehl, Maismehl, modifizierte Maisst\u00e4rke, Kartoffelmehl, Amaranth Perlen, Sojamehl, E412 Guarkernmehl, Salz, Emulgator E471, Sauerteig E450, E500<\/p>\n<p><strong>100 g des Produktes enthalten durchschnittlich:<\/strong> 3,1 g Protein, 81,6 g Kohlenhydrate und 1,3 g Fett<\/p>\n<p><strong>Energie<\/strong>: 1499 kJ, 358,7 kcal<\/p>\n<p>\u00a0<\/p>\n","protected":false},"excerpt":{"rendered":"<p>ungegarte schnelle Kn\u00f6del als Beilage zu dem Fleischgericht geeignet. Die Mischung wird mit Wasser gemischt, geformt zu einem Laib und gekocht.<\/p>\n","protected":false},"featured_media":11093,"comment_status":"closed","ping_status":"closed","template":"","meta":[],"yoast_head":"<!-- This site is optimized with the Yoast SEO plugin v15.7 - https:\/\/yoast.com\/wordpress\/plugins\/seo\/ -->\n<title>Glutenfreie KN\u00d6DEL Mehlmischung - Novalim<\/title>\n<meta name=\"robots\" content=\"index, follow, max-snippet:-1, max-image-preview:large, max-video-preview:-1\" \/>\n<link rel=\"canonical\" href=\"https:\/\/www.novalimglutenfree.com\/de\/obchod\/mehl-de\/glutenfreie-fertige-backmischungen-de\/bezlepkova-knedza-v-pra\u009aku\/\" \/>\n<meta property=\"og:locale\" content=\"de_DE\" \/>\n<meta property=\"og:type\" content=\"article\" \/>\n<meta property=\"og:title\" content=\"Glutenfreie KN\u00d6DEL Mehlmischung - Novalim\" \/>\n<meta property=\"og:description\" content=\"ungegarte schnelle Kn\u00f6del als Beilage zu dem Fleischgericht geeignet. Die Mischung wird mit Wasser gemischt, geformt zu einem Laib und gekocht.\" \/>\n<meta property=\"og:url\" content=\"https:\/\/www.novalimglutenfree.com\/de\/obchod\/mehl-de\/glutenfreie-fertige-backmischungen-de\/bezlepkova-knedza-v-pra\u009aku\/\" \/>\n<meta property=\"og:site_name\" content=\"Novalim\" \/>\n<meta property=\"article:modified_time\" content=\"2024-01-26T12:37:23+00:00\" \/>\n<meta property=\"og:image\" content=\"https:\/\/novalimglutenfree.com\/wp-content\/uploads\/2016\/05\/knedla_m.png\" \/>\n\t<meta property=\"og:image:width\" content=\"603\" \/>\n\t<meta property=\"og:image:height\" content=\"796\" \/>\n<meta name=\"twitter:card\" content=\"summary\" \/>\n<script type=\"application\/ld+json\" class=\"yoast-schema-graph\">{\"@context\":\"https:\/\/schema.org\",\"@graph\":[{\"@type\":\"WebSite\",\"@id\":\"https:\/\/www.novalimglutenfree.com\/de\/#website\",\"url\":\"https:\/\/www.novalimglutenfree.com\/de\/\",\"name\":\"Novalim\",\"description\":\"Bezlepkov\\u00e9 potraviny, bezlepkov\\u00e9 recepty, celiakia, PKU\",\"potentialAction\":[{\"@type\":\"SearchAction\",\"target\":\"https:\/\/www.novalimglutenfree.com\/de\/?s={search_term_string}\",\"query-input\":\"required name=search_term_string\"}],\"inLanguage\":\"de-DE\"},{\"@type\":\"ImageObject\",\"@id\":\"https:\/\/www.novalimglutenfree.com\/de\/obchod\/mehl-de\/glutenfreie-fertige-backmischungen-de\/bezlepkova-knedza-v-pra%c2%9aku\/#primaryimage\",\"inLanguage\":\"de-DE\",\"url\":\"https:\/\/novalimglutenfree.com\/wp-content\/uploads\/2016\/05\/knedla_m.png\",\"width\":603,\"height\":796},{\"@type\":\"WebPage\",\"@id\":\"https:\/\/www.novalimglutenfree.com\/de\/obchod\/mehl-de\/glutenfreie-fertige-backmischungen-de\/bezlepkova-knedza-v-pra%c2%9aku\/#webpage\",\"url\":\"https:\/\/www.novalimglutenfree.com\/de\/obchod\/mehl-de\/glutenfreie-fertige-backmischungen-de\/bezlepkova-knedza-v-pra%c2%9aku\/\",\"name\":\"Glutenfreie KN\\u00d6DEL Mehlmischung - Novalim\",\"isPartOf\":{\"@id\":\"https:\/\/www.novalimglutenfree.com\/de\/#website\"},\"primaryImageOfPage\":{\"@id\":\"https:\/\/www.novalimglutenfree.com\/de\/obchod\/mehl-de\/glutenfreie-fertige-backmischungen-de\/bezlepkova-knedza-v-pra%c2%9aku\/#primaryimage\"},\"datePublished\":\"2016-05-06T07:40:34+00:00\",\"dateModified\":\"2024-01-26T12:37:23+00:00\",\"inLanguage\":\"de-DE\",\"potentialAction\":[{\"@type\":\"ReadAction\",\"target\":[\"https:\/\/www.novalimglutenfree.com\/de\/obchod\/mehl-de\/glutenfreie-fertige-backmischungen-de\/bezlepkova-knedza-v-pra%c2%9aku\/\"]}]}]}<\/script>\n<!-- \/ Yoast SEO plugin. -->","_links":{"self":[{"href":"https:\/\/novalimglutenfree.com\/de\/wp-json\/wp\/v2\/product\/1847"}],"collection":[{"href":"https:\/\/novalimglutenfree.com\/de\/wp-json\/wp\/v2\/product"}],"about":[{"href":"https:\/\/novalimglutenfree.com\/de\/wp-json\/wp\/v2\/types\/product"}],"replies":[{"embeddable":true,"href":"https:\/\/novalimglutenfree.com\/de\/wp-json\/wp\/v2\/comments?post=1847"}],"version-history":[{"count":0,"href":"https:\/\/novalimglutenfree.com\/de\/wp-json\/wp\/v2\/product\/1847\/revisions"}],"wp:featuredmedia":[{"embeddable":true,"href":"https:\/\/novalimglutenfree.com\/de\/wp-json\/wp\/v2\/media\/11093"}],"wp:attachment":[{"href":"https:\/\/novalimglutenfree.com\/de\/wp-json\/wp\/v2\/media?parent=1847"}],"curies":[{"name":"wp","href":"https:\/\/api.w.org\/{rel}","templated":true}]}}