{"id":1839,"date":"2016-05-06T09:40:34","date_gmt":"2016-05-06T07:40:34","guid":{"rendered":"http:\/\/novalimglutenfree.com\/de\/obchod\/bezlepkova-babovka-v-pra%c2%9aku\/"},"modified":"2024-01-26T14:37:23","modified_gmt":"2024-01-26T12:37:23","slug":"gugelhupf-mehlmischung","status":"publish","type":"product","link":"https:\/\/novalimglutenfree.com\/de\/obchod\/mehl-de\/glutenfreie-fertige-backmischungen-de\/gugelhupf-mehlmischung\/","title":{"rendered":"Glutenfreie GUGELHUPF Mehlmischung"},"content":{"rendered":"<p><strong>Glutenfreie GUGELHUPF Mehlmischung<\/strong> &#8211; traditionell, mit Vanille. Einfache Zubereitung &#8211; f\u00fcgen Sie einfach Eier und \u00d6l. Zubereitung: Rohstoffe (Mehlmischung, frische Eier, \u00d6l) zusammenmischen und mit einem Schneebesen zu einer glatten Masse aufschlagen. F\u00fcllen Sie die Masse in eine Form und backen. Alternative: \u00d6l nach und nach in das Eigelb zu einer homogenen Masse einr\u00fchren , steif geschlagene Eiweiss-Schnee unterr\u00fchren und dann leicht mit Mehlmischung vermischen. Eine Form f\u00fcllen und backen.<\/p>\n<p><strong>Verpackung<\/strong>: 250g<\/p>\n<p><strong>Produkt Information<\/strong>: Zutaten: Zucker, Kartoffelst\u00e4rke, Maisst\u00e4rke, Sojamehl, modifizierte Maisst\u00e4rke, Kartoffelmehl, Salz, Vanillezucker, Emulgator E471, Triebstoff E450 und E500 .<\/p>\n<p><strong>100 g des Produktes enthalten durchschnittlich:<\/strong> 0,7 g Protein, 88,8 Gramm Kohlenhydrate und 1,0 g Fett<\/p>\n<p><strong>Energie<\/strong>: 1572 kJ, 376 kcal<\/p>\n","protected":false},"excerpt":{"rendered":"<p>Bezlepkov\u00e1 tradi\u010dn\u00e1 b\u00e1bovka s vanilkovou pr\u00edchu\u009dou. Jednoduch\u00e1 pr\u00edprava \u0096 sta\u010d\u00ed prida\u009d vajcia a olej.<\/p>\n","protected":false},"featured_media":11083,"comment_status":"closed","ping_status":"closed","template":"","meta":[],"yoast_head":"<!-- This site is optimized with the Yoast SEO plugin v15.7 - https:\/\/yoast.com\/wordpress\/plugins\/seo\/ -->\n<title>Glutenfreie GUGELHUPF Mehlmischung - Novalim<\/title>\n<meta name=\"robots\" content=\"index, follow, max-snippet:-1, max-image-preview:large, max-video-preview:-1\" \/>\n<link rel=\"canonical\" href=\"https:\/\/novalimglutenfree.com\/de\/obchod\/mehl-de\/glutenfreie-fertige-backmischungen-de\/gugelhupf-mehlmischung\/\" \/>\n<meta property=\"og:locale\" content=\"de_DE\" \/>\n<meta property=\"og:type\" content=\"article\" \/>\n<meta property=\"og:title\" content=\"Glutenfreie GUGELHUPF Mehlmischung - Novalim\" \/>\n<meta property=\"og:description\" content=\"Bezlepkov\u00e1 tradi\u010dn\u00e1 b\u00e1bovka s vanilkovou pr\u00edchu\u009dou. Jednoduch\u00e1 pr\u00edprava \u0096 sta\u010d\u00ed prida\u009d vajcia a olej.\" \/>\n<meta property=\"og:url\" content=\"https:\/\/novalimglutenfree.com\/de\/obchod\/mehl-de\/glutenfreie-fertige-backmischungen-de\/gugelhupf-mehlmischung\/\" \/>\n<meta property=\"og:site_name\" content=\"Novalim\" \/>\n<meta property=\"article:modified_time\" content=\"2024-01-26T12:37:23+00:00\" \/>\n<meta property=\"og:image\" content=\"https:\/\/novalimglutenfree.com\/wp-content\/uploads\/2016\/05\/Babovka_m-1.png\" \/>\n\t<meta property=\"og:image:width\" content=\"603\" \/>\n\t<meta property=\"og:image:height\" content=\"796\" \/>\n<meta name=\"twitter:card\" content=\"summary\" \/>\n<meta name=\"twitter:label1\" content=\"Est. reading time\">\n\t<meta name=\"twitter:data1\" content=\"1 minute\">\n<script type=\"application\/ld+json\" class=\"yoast-schema-graph\">{\"@context\":\"https:\/\/schema.org\",\"@graph\":[{\"@type\":\"WebSite\",\"@id\":\"https:\/\/www.novalimglutenfree.com\/de\/#website\",\"url\":\"https:\/\/www.novalimglutenfree.com\/de\/\",\"name\":\"Novalim\",\"description\":\"Bezlepkov\\u00e9 potraviny, bezlepkov\\u00e9 recepty, celiakia, PKU\",\"potentialAction\":[{\"@type\":\"SearchAction\",\"target\":\"https:\/\/www.novalimglutenfree.com\/de\/?s={search_term_string}\",\"query-input\":\"required name=search_term_string\"}],\"inLanguage\":\"de-DE\"},{\"@type\":\"ImageObject\",\"@id\":\"https:\/\/novalimglutenfree.com\/de\/obchod\/mehl-de\/glutenfreie-fertige-backmischungen-de\/gugelhupf-mehlmischung\/#primaryimage\",\"inLanguage\":\"de-DE\",\"url\":\"https:\/\/novalimglutenfree.com\/wp-content\/uploads\/2016\/05\/Babovka_m-1.png\",\"width\":603,\"height\":796},{\"@type\":\"WebPage\",\"@id\":\"https:\/\/novalimglutenfree.com\/de\/obchod\/mehl-de\/glutenfreie-fertige-backmischungen-de\/gugelhupf-mehlmischung\/#webpage\",\"url\":\"https:\/\/novalimglutenfree.com\/de\/obchod\/mehl-de\/glutenfreie-fertige-backmischungen-de\/gugelhupf-mehlmischung\/\",\"name\":\"Glutenfreie GUGELHUPF Mehlmischung - Novalim\",\"isPartOf\":{\"@id\":\"https:\/\/www.novalimglutenfree.com\/de\/#website\"},\"primaryImageOfPage\":{\"@id\":\"https:\/\/novalimglutenfree.com\/de\/obchod\/mehl-de\/glutenfreie-fertige-backmischungen-de\/gugelhupf-mehlmischung\/#primaryimage\"},\"datePublished\":\"2016-05-06T07:40:34+00:00\",\"dateModified\":\"2024-01-26T12:37:23+00:00\",\"inLanguage\":\"de-DE\",\"potentialAction\":[{\"@type\":\"ReadAction\",\"target\":[\"https:\/\/novalimglutenfree.com\/de\/obchod\/mehl-de\/glutenfreie-fertige-backmischungen-de\/gugelhupf-mehlmischung\/\"]}]}]}<\/script>\n<!-- \/ Yoast SEO plugin. -->","_links":{"self":[{"href":"https:\/\/novalimglutenfree.com\/de\/wp-json\/wp\/v2\/product\/1839"}],"collection":[{"href":"https:\/\/novalimglutenfree.com\/de\/wp-json\/wp\/v2\/product"}],"about":[{"href":"https:\/\/novalimglutenfree.com\/de\/wp-json\/wp\/v2\/types\/product"}],"replies":[{"embeddable":true,"href":"https:\/\/novalimglutenfree.com\/de\/wp-json\/wp\/v2\/comments?post=1839"}],"version-history":[{"count":0,"href":"https:\/\/novalimglutenfree.com\/de\/wp-json\/wp\/v2\/product\/1839\/revisions"}],"wp:featuredmedia":[{"embeddable":true,"href":"https:\/\/novalimglutenfree.com\/de\/wp-json\/wp\/v2\/media\/11083"}],"wp:attachment":[{"href":"https:\/\/novalimglutenfree.com\/de\/wp-json\/wp\/v2\/media?parent=1839"}],"curies":[{"name":"wp","href":"https:\/\/api.w.org\/{rel}","templated":true}]}}