{"id":1835,"date":"2016-05-06T09:41:13","date_gmt":"2016-05-06T07:41:13","guid":{"rendered":"http:\/\/novalimglutenfree.com\/de\/obchod\/promix-beta-racionalna-mineralizovana-bezglutenova-muka\/"},"modified":"2023-03-31T14:01:56","modified_gmt":"2023-03-31T12:01:56","slug":"promix-beta-rationelle-mineralisierte-glutenfreie-mehlmischung","status":"publish","type":"product","link":"https:\/\/novalimglutenfree.com\/de\/obchod\/mehl-de\/glutenfreie-mehlmischungen-de\/promix-beta-rationelle-mineralisierte-glutenfreie-mehlmischung\/","title":{"rendered":"PROMIX-Beta, rationelle mineralisierte glutenfreie Mehlmischung"},"content":{"rendered":"<p>Das vielseitige glutenfreies Mehl geeignet f\u00fcr die Herstellung von Backwaren. Besonders geeignet f\u00fcr die Herstellung von flauschigen Geb\u00e4ck und Brot, unges\u00e4uert geschleppt Rolle (Strudel) und Bl\u00e4tterteig.<\/p>\n<p>PROMIX \u00ae-CH, glutenfreie Brotmehlmischung &#8211; Glutenfreie Produkte, glutenfreie Rezepte, Z\u00f6liakie, e-shop Novalim<script src=\"\/\/connect.facebook.net\/en_US\/fbevents.js\" async=\"\"><\/script><script src=\"http:\/\/www.novalim.de\/language\/js\/german.js?63396934\" type=\"text\/javascript\" charset=\"utf-8\"><\/script><script src=\"http:\/\/www.novalim.de\/includes\/js\/core.js.php?lm=57702261&amp;ep=a%3A46%3A%7Bs%3A6%3A%22jcsl_g%22%3Bb%3A1%3Bs%3A2%3A%22ls%22%3Bs%3A21%3A%22http%3A%2F%2Fwww.novalim.de%22%3Bs%3A3%3A%22sws%22%3Bs%3A36%3A%22http%3A%2F%2Fwww.novalim.de%2Fsub%2Fnovalim.sk%22%3Bs%3A3%3A%22lss%22%3Bs%3A88%3A%22http%3A%2F%2Fwww.novalim.de%2Fglutenfreie-mehlmischungen%2Fpromix-ch-glutenfreie-brotmehlmischung%2F%22%3Bs%3A3%3A%22csu%22%3Bb%3A0%3Bs%3A2%3A%22cs%22%3Bs%3A49%3A%22http%3A%2F%2Fwww.novalim.de%2Fcache%2Fnovalim.sk%2Fnovalim.de%22%3Bs%3A3%3A%22sra%22%3Bs%3A14%3A%2262.197.235.129%22%3Bs%3A2%3A%22du%22%3Bb%3A0%3Bs%3A3%3A%22svp%22%3Bb%3A1%3Bs%3A3%3A%22jsc%22%3Bb%3A1%3Bs%3A4%3A%22pame%22%3Bb%3A0%3Bs%3A5%3A%22pamsf%22%3Bb%3A0%3Bs%3A5%3A%22npfsv%22%3Bs%3A5%3A%22false%22%3Bs%3A6%3A%22ismyid%22%3Bb%3A0%3Bs%3A4%3A%22mynm%22%3Bs%3A0%3A%22%22%3Bs%3A4%3A%22myem%22%3Bs%3A0%3A%22%22%3Bs%3A5%3A%22mygid%22%3Bi%3A0%3Bs%3A8%3A%22sspuefri%22%3Bb%3A0%3Bs%3A9%3A%22sspuefrit%22%3Bs%3A0%3A%22%22%3Bs%3A2%3A%22gl%22%3Bs%3A2%3A%22de%22%3Bs%3A2%3A%22cl%22%3Bs%3A2%3A%22sk%22%3Bs%3A3%3A%22jfe%22%3Bs%3A1%3A%221%22%3Bs%3A3%3A%22jfl%22%3Bs%3A16%3A%22%5B%22en%22%2C%22de%22%2C%22hu%22%5D%22%3Bs%3A5%3A%22jflid%22%3Bs%3A13%3A%22%5B%222%22%2C%224%22%2C%225%22%5D%22%3Bs%3A3%3A%22c_f%22%3Bs%3A44%3A%22%2Fcomponents%2Fcom_joomfish%2Fimages%2Fflags%2Fsk.gif%22%3Bs%3A3%3A%22j_f%22%3Bs%3A142%3A%22%5B%22%2Fcomponents%2Fcom_joomfish%2Fimages%2Fflags%2Fen.gif%22%2C%22%2Fcomponents%2Fcom_joomfish%2Fimages%2Fflags%2Fde.gif%22%2C%22%2Fcomponents%2Fcom_joomfish%2Fimages%2Fflags%2Fhu.gif%22%5D%22%3Bs%3A5%3A%22rqcid%22%3Bs%3A3%3A%22118%22%3Bs%3A4%3A%22pact%22%3Bi%3A0%3Bs%3A4%3A%22ptab%22%3Bi%3A0%3Bs%3A5%3A%22paimg%22%3Bs%3A5%3A%22false%22%3Bs%3A6%3A%22paaimg%22%3Bs%3A5%3A%22false%22%3Bs%3A5%3A%22paean%22%3Bs%3A5%3A%22false%22%3Bs%3A3%3A%22paw%22%3Bs%3A5%3A%22false%22%3Bs%3A3%3A%22pst%22%3Bs%3A0%3A%22%22%3Bs%3A3%3A%22pca%22%3Bs%3A1%3A%220%22%3Bs%3A3%3A%22mca%22%3Bs%3A1%3A%220%22%3Bs%3A2%3A%22pp%22%3Bs%3A1%3A%220%22%3Bs%3A4%3A%22himg%22%3Bs%3A1%3A%220%22%3Bs%3A4%3A%22paop%22%3Bs%3A5%3A%22false%22%3Bs%3A6%3A%22pprice%22%3Bs%3A5%3A%22false%22%3Bs%3A5%3A%22pasgp%22%3Bs%3A4%3A%22true%22%3Bs%3A4%3A%22pass%22%3Bs%3A5%3A%22false%22%3Bs%3A4%3A%22ucri%22%3Bs%3A0%3A%22%22%3Bs%3A3%3A%22cla%22%3Bs%3A2%3A%2210%22%3Bs%3A6%3A%22sfpfel%22%3BN%3Bs%3A2%3A%22pl%22%3BN%3B%7D\" type=\"text\/javascript\" charset=\"utf-8\"><\/script><script src=\"http:\/\/www.novalim.de\/includes\/_global_js_css\/global_frontend_JS_min.js?63386849\" type=\"text\/javascript\" charset=\"utf-8\"><\/script><script src=\"\/includes\/js\/jquery\/datepicker\/jquery.datepick-de.js\" defer=\"defer\" type=\"text\/javascript\" charset=\"utf-8\"><\/script><script src=\"http:\/\/www.novalim.de\/includes\/_global_js_css\/global_defer_frontend_JS_min.js?63386850\" defer=\"defer\" type=\"text\/javascript\" charset=\"utf-8\"><\/script><script src=\"http:\/\/www.novalim.de\/templates\/js\/template.js.php?lm=42613976&amp;ep=a%3A1%3A%7Bs%3A2%3A%22lt%22%3Ba%3A4%3A%7Bs%3A3%3A%22iid%22%3Bi%3A1040%3Bs%3A1%3A%22u%22%3Bs%3A67%3A%22%2Fglutenfreie-mehlmischungen%2Fpromix-ch-glutenfreie-brotmehlmischung%2F%22%3Bs%3A3%3A%22sru%22%3Bs%3A115%3A%22%2Findex.php%3Foption%3Dcom_shop%26Itemid%3D1040%26product_id%3D13%26category_id%3D118%26page%3Dshop.product_details%26flypage%3Dshop.flypage%22%3Bs%3A3%3A%22pid%22%3Bs%3A2%3A%2213%22%3B%7D%7D\" type=\"text\/javascript\" charset=\"utf-8\"><\/script><script src=\"http:\/\/www.novalim.de\/templates\/local\/novalim.sk\/js\/local.js?16105208\" type=\"text\/javascript\" charset=\"utf-8\"><\/script><script type=\"text\/javascript\">\/\/ <![CDATA[\nvar js_sg_info = {\"5\":{\"id\":\"5\",\"name\":\"neregistrovanu00fd\",\"discount\":\"0.00\"},\"7\":{\"id\":\"7\",\"name\":\"Du00edleri\",\"discount\":\"0.00\"},\"8\":{\"id\":\"8\",\"name\":\"VIP\",\"discount\":\"0.00\"},\"9\":{\"id\":\"9\",\"name\":\"VC-25 %\",\"discount\":\"25.00\"},\"10\":{\"id\":\"10\",\"name\":\"Kleine Geschu00e4fte\",\"discount\":\"0.00\"},\"30\":{\"id\":\"30\",\"name\":\"registrierte kunde\",\"discount\":\"0.00\"},\"31\":{\"id\":\"31\",\"name\":\"No register $$\",\"discount\":\"0.00\"},\"32\":{\"id\":\"32\",\"name\":\"Velke Obchod\",\"discount\":\"0.00\"}};\nvar js_itemid             = '1040'; \nvar js_url                = '\/glutenfreie-mehlmischungen\/promix-ch-glutenfreie-brotmehlmischung\/';\nvar js_server_request_uri = '\/index.php?option=com_shop&#038;Itemid=1040&#038;product_id=13&#038;category_id=118&#038;page=shop.product_details&#038;flypage=shop.flypage';\n\nvar js_product_id = \"13\";\nvar js_global_creativeshop_currency = 'EUR';\n\/\/ ]]><\/script><script type=\"text\/javascript\">\/\/ <![CDATA[\nvar ckeditor_custom_tmp = 0;\n\/\/ ]]><\/script><script src=\"\/includes\/js\/jquery\/lightbox\/jquery.lightbox-lang.js.php?lang=de&amp;g1=Bild&amp;g2=von\" type=\"text\/javascript\"><\/script><!-- RSS feeds --> <!-- Facebook Pixel Code --><script>\/\/ <![CDATA[\n!function(f,b,e,v,n,t,s){if(f.fbq)return;n=f.fbq=function(){n.callMethod?\nn.callMethod.apply(n,arguments):n.queue.push(arguments)};if(!f._fbq)f._fbq=n;\nn.push=n;n.loaded=!0;n.version='2.0';n.queue=[];t=b.createElement(e);t.async=!0;\nt.src=v;s=b.getElementsByTagName(e)[0];s.parentNode.insertBefore(t,s)}(window,\ndocument,'script','\/\/connect.facebook.net\/en_US\/fbevents.js');\n\nfbq('init', '913333928744470');\nfbq('track', \"PageView\");\n\/\/ ]]><\/script><noscript>&amp;amp;lt;img height=&#8221;1&#8243; width=&#8221;1&#8243; style=&#8221;display:none&#8221; src=&#8221;https:\/\/www.facebook.com\/tr?id=913333928744470&amp;amp;amp;ev=PageView&amp;amp;amp;noscript=1&#8243; \/&amp;amp;gt;<\/noscript><!-- End Facebook Pixel Code --><\/p>\n<div id=\"m1_wrapper\">\n<div id=\"m1\" class=\"shop_page_class_shop_product_details div_m1_de m1_4x\">\n<div id=\"main\">\n<div id=\"mainmiddle_container\">\n<div id=\"mainmiddle\">\n<div id=\"middle\" class=\"middle_4x\">\n<div id=\"middle_content\">\n<div id=\"middle_content_inner\">\n<div class=\"flypage1\">\n<div class=\"flypage-right\">\n<div class=\"flypage-desc\">\n<div id=\"Layer5\" class=\"bodystyle\">\n<div id=\"Layer5\" class=\"bodystyle\">\n<div id=\"Layer5\" class=\"bodystyle\">verarbeitet, bis es sieht glatt und gl\u00e4nzend .<\/p>\n<p><strong>Verpackung<\/strong>: 500g<\/p>\n<\/div>\n<\/div>\n<\/div>\n<\/div>\n<\/div>\n<\/div>\n<\/div>\n<\/div>\n<\/div>\n<\/div>\n<\/div>\n<\/div>\n<\/div>\n<\/div>\n<p><strong>Produktinformationen<\/strong>: Zutaten: Maisst\u00e4rke, Reismehl, Buchweizenmehl, Erbsenprotein, Kartoffelmehl, Pflanzenfasern (Apfel, Flohsamen, Zitrusfr\u00fcchte), Verdickungsmittel: Hydroxypropylmethylcellulose, Dextrose, Mineralkomplex Algen.<\/p>\n<p><strong>100 g des Produktes enthalten durchschnittlich<\/strong>: 4,6 Gramm Protein; 85,0 g Kohlenhydrate; 0,5 g Fett; 5,5 g Faser 120 mg Kalzium; 8 mg Magnesium und 72 Spurenelemente<\/p>\n<p><strong>Energiewert<\/strong>: 1534 kJ; 367 kcal<\/p>\n","protected":false},"excerpt":{"rendered":"<p>Das vielseitige glutenfreies Mehl geeignet f\u00fcr die Herstellung von Backwaren. Besonders geeignet f\u00fcr die Herstellung von flauschigen Geb\u00e4ck und Brot, unges\u00e4uert geschleppt Rolle (Strudel) und Bl\u00e4tterteig.<\/p>\n","protected":false},"featured_media":1836,"comment_status":"closed","ping_status":"closed","template":"","meta":[],"yoast_head":"<!-- This site is optimized with the Yoast SEO plugin v15.7 - https:\/\/yoast.com\/wordpress\/plugins\/seo\/ -->\n<title>PROMIX-Beta, rationelle mineralisierte glutenfreie Mehlmischung - Novalim<\/title>\n<meta name=\"robots\" content=\"index, follow, max-snippet:-1, max-image-preview:large, max-video-preview:-1\" \/>\n<link rel=\"canonical\" href=\"https:\/\/novalimglutenfree.com\/de\/obchod\/mehl-de\/glutenfreie-mehlmischungen-de\/promix-beta-rationelle-mineralisierte-glutenfreie-mehlmischung\/\" \/>\n<meta property=\"og:locale\" content=\"de_DE\" \/>\n<meta property=\"og:type\" content=\"article\" \/>\n<meta property=\"og:title\" content=\"PROMIX-Beta, rationelle mineralisierte glutenfreie Mehlmischung - Novalim\" \/>\n<meta property=\"og:description\" content=\"Das vielseitige glutenfreies Mehl geeignet f\u00fcr die Herstellung von Backwaren. Besonders geeignet f\u00fcr die Herstellung von flauschigen Geb\u00e4ck und Brot, unges\u00e4uert geschleppt Rolle (Strudel) und Bl\u00e4tterteig.\" \/>\n<meta property=\"og:url\" content=\"https:\/\/novalimglutenfree.com\/de\/obchod\/mehl-de\/glutenfreie-mehlmischungen-de\/promix-beta-rationelle-mineralisierte-glutenfreie-mehlmischung\/\" \/>\n<meta property=\"og:site_name\" content=\"Novalim\" \/>\n<meta property=\"article:modified_time\" content=\"2023-03-31T12:01:56+00:00\" \/>\n<meta property=\"og:image\" content=\"https:\/\/novalimglutenfree.com\/wp-content\/uploads\/2016\/05\/Promix_Beta.jpg\" \/>\n\t<meta property=\"og:image:width\" content=\"413\" \/>\n\t<meta property=\"og:image:height\" content=\"618\" \/>\n<meta name=\"twitter:card\" content=\"summary\" \/>\n<meta name=\"twitter:label1\" content=\"Est. reading time\">\n\t<meta name=\"twitter:data1\" content=\"1 minute\">\n<script type=\"application\/ld+json\" class=\"yoast-schema-graph\">{\"@context\":\"https:\/\/schema.org\",\"@graph\":[{\"@type\":\"WebSite\",\"@id\":\"https:\/\/www.novalimglutenfree.com\/de\/#website\",\"url\":\"https:\/\/www.novalimglutenfree.com\/de\/\",\"name\":\"Novalim\",\"description\":\"Bezlepkov\\u00e9 potraviny, bezlepkov\\u00e9 recepty, celiakia, PKU\",\"potentialAction\":[{\"@type\":\"SearchAction\",\"target\":\"https:\/\/www.novalimglutenfree.com\/de\/?s={search_term_string}\",\"query-input\":\"required name=search_term_string\"}],\"inLanguage\":\"de-DE\"},{\"@type\":\"ImageObject\",\"@id\":\"https:\/\/novalimglutenfree.com\/de\/obchod\/mehl-de\/glutenfreie-mehlmischungen-de\/promix-beta-rationelle-mineralisierte-glutenfreie-mehlmischung\/#primaryimage\",\"inLanguage\":\"de-DE\",\"url\":\"https:\/\/novalimglutenfree.com\/wp-content\/uploads\/2016\/05\/Promix_Beta.jpg\",\"width\":413,\"height\":618},{\"@type\":\"WebPage\",\"@id\":\"https:\/\/novalimglutenfree.com\/de\/obchod\/mehl-de\/glutenfreie-mehlmischungen-de\/promix-beta-rationelle-mineralisierte-glutenfreie-mehlmischung\/#webpage\",\"url\":\"https:\/\/novalimglutenfree.com\/de\/obchod\/mehl-de\/glutenfreie-mehlmischungen-de\/promix-beta-rationelle-mineralisierte-glutenfreie-mehlmischung\/\",\"name\":\"PROMIX-Beta, rationelle mineralisierte glutenfreie Mehlmischung - Novalim\",\"isPartOf\":{\"@id\":\"https:\/\/www.novalimglutenfree.com\/de\/#website\"},\"primaryImageOfPage\":{\"@id\":\"https:\/\/novalimglutenfree.com\/de\/obchod\/mehl-de\/glutenfreie-mehlmischungen-de\/promix-beta-rationelle-mineralisierte-glutenfreie-mehlmischung\/#primaryimage\"},\"datePublished\":\"2016-05-06T07:41:13+00:00\",\"dateModified\":\"2023-03-31T12:01:56+00:00\",\"inLanguage\":\"de-DE\",\"potentialAction\":[{\"@type\":\"ReadAction\",\"target\":[\"https:\/\/novalimglutenfree.com\/de\/obchod\/mehl-de\/glutenfreie-mehlmischungen-de\/promix-beta-rationelle-mineralisierte-glutenfreie-mehlmischung\/\"]}]}]}<\/script>\n<!-- \/ Yoast SEO plugin. -->","_links":{"self":[{"href":"https:\/\/novalimglutenfree.com\/de\/wp-json\/wp\/v2\/product\/1835"}],"collection":[{"href":"https:\/\/novalimglutenfree.com\/de\/wp-json\/wp\/v2\/product"}],"about":[{"href":"https:\/\/novalimglutenfree.com\/de\/wp-json\/wp\/v2\/types\/product"}],"replies":[{"embeddable":true,"href":"https:\/\/novalimglutenfree.com\/de\/wp-json\/wp\/v2\/comments?post=1835"}],"version-history":[{"count":0,"href":"https:\/\/novalimglutenfree.com\/de\/wp-json\/wp\/v2\/product\/1835\/revisions"}],"wp:featuredmedia":[{"embeddable":true,"href":"https:\/\/novalimglutenfree.com\/de\/wp-json\/wp\/v2\/media\/1836"}],"wp:attachment":[{"href":"https:\/\/novalimglutenfree.com\/de\/wp-json\/wp\/v2\/media?parent=1835"}],"curies":[{"name":"wp","href":"https:\/\/api.w.org\/{rel}","templated":true}]}}