{"id":1423,"date":"2016-04-27T18:43:30","date_gmt":"2016-04-27T16:43:30","guid":{"rendered":"http:\/\/novalimglutenfree.com\/de\/?page_id=1423"},"modified":"2017-03-22T23:44:31","modified_gmt":"2017-03-22T21:44:31","slug":"recepty","status":"publish","type":"page","link":"https:\/\/novalimglutenfree.com\/de\/recepty\/","title":{"rendered":"Recepty"},"content":{"rendered":"<div id='av_section_1'  class='avia-section main_color avia-section-default avia-no-shadow  avia-bg-style-scroll  avia-builder-el-0  avia-builder-el-no-sibling   container_wrap sidebar_right' style=' '  ><div class='container' ><main  role=\"main\" itemprop=\"mainContentOfPage\"  class='template-page content  av-content-small alpha units'><div class='post-entry post-entry-type-page post-entry-1423'><div class='entry-content-wrapper clearfix'>\n<div id='av-masonry-1' class='av-masonry  noHover av-fixed-size av-large-gap av-hover-overlay- av-masonry-animation-active av-masonry-col-4 av-caption-on-hover-hide av-caption-style-overlay    '  ><div class='av-masonry-container isotope av-js-disabled ' ><div class='av-masonry-entry isotope-item av-masonry-item-no-image '><\/div><a href=\"https:\/\/novalimglutenfree.com\/de\/bezlepkove-tvarohove-pecivo\/\"  id='av-masonry-1-item-1427' data-av-masonry-item='1427' class='av-masonry-entry isotope-item post-1427 post type-post status-publish format-standard has-post-thumbnail hentry category-bezlepkove-de category-recepty-de category-unkategorisiert tag-promix-ch-special-de  av-masonry-item-with-image' title=\"Tvarohove pecivo 1\"  itemscope=\"itemscope\" itemtype=\"https:\/\/schema.org\/CreativeWork\" ><div class='av-inner-masonry-sizer'><\/div><figure class='av-inner-masonry main_color'><div class=\"av-masonry-outerimage-container\"><div class=\"av-masonry-image-container\" style=\"background-image: url(https:\/\/novalimglutenfree.com\/wp-content\/uploads\/2016\/04\/Tvarohove-pecivo-1.png);\" title=\"Tvarohove pecivo 1\" ><\/div><\/div><figcaption class='av-inner-masonry-content site-background'><div class='av-inner-masonry-content-pos'><div class='av-inner-masonry-content-pos-content'><div class='avia-arrow'><\/div><h3 class='av-masonry-entry-title entry-title '  itemprop=\"headline\" >Bezlepkov\u00e9 tvarohov\u00e9 pe\u010divo-I.<\/h3><span class='av-masonry-date meta-color updated'>30. April 2016<\/span><span class=\"av-masonry-text-sep text-sep-author\">\/<\/span><span class='av-masonry-author meta-color author'><span class='fn'>von Novalim<\/span><\/span><\/div><\/div><\/figcaption><\/figure><\/a><!--end av-masonry entry--><\/div><\/div>\n<\/div><\/div><\/main><!-- close content main element --><\/div><\/div><div id='after_section_1'  class='main_color av_default_container_wrap container_wrap sidebar_right' style=' '  ><div class='container' ><div class='template-page content  av-content-small alpha units'><div class='post-entry post-entry-type-page post-entry-1423'><div class='entry-content-wrapper clearfix'>\n","protected":false},"excerpt":{"rendered":"","protected":false},"author":1,"featured_media":5432,"parent":0,"menu_order":0,"comment_status":"closed","ping_status":"closed","template":"","meta":[],"yoast_head":"<!-- This site is optimized with the Yoast SEO plugin v15.7 - https:\/\/yoast.com\/wordpress\/plugins\/seo\/ -->\n<title>Recepty na bezlepkov\u00e9 jedl\u00e1 s v\u00fdbornou chu\u0165ou - Novalim<\/title>\n<meta name=\"description\" content=\"Bezlepkov\u00e9 a n\u00edzkobielkovinov\u00e9 recepty, ktor\u00e9 v\u00fdborne chutia. Vysk\u00fa\u0161ajte!\" \/>\n<meta name=\"robots\" content=\"index, follow, max-snippet:-1, max-image-preview:large, max-video-preview:-1\" \/>\n<link rel=\"canonical\" href=\"https:\/\/novalimglutenfree.com\/de\/recepty\/\" \/>\n<meta property=\"og:locale\" content=\"de_DE\" \/>\n<meta property=\"og:type\" content=\"article\" \/>\n<meta property=\"og:title\" content=\"Recepty na bezlepkov\u00e9 jedl\u00e1 s v\u00fdbornou chu\u0165ou - Novalim\" \/>\n<meta property=\"og:description\" content=\"Bezlepkov\u00e9 a n\u00edzkobielkovinov\u00e9 recepty, ktor\u00e9 v\u00fdborne chutia. Vysk\u00fa\u0161ajte!\" \/>\n<meta property=\"og:url\" content=\"https:\/\/novalimglutenfree.com\/de\/recepty\/\" \/>\n<meta property=\"og:site_name\" content=\"Novalim\" \/>\n<meta property=\"article:modified_time\" content=\"2017-03-22T21:44:31+00:00\" \/>\n<meta property=\"og:image\" content=\"https:\/\/novalimglutenfree.com\/wp-content\/uploads\/2017\/03\/P3024439.jpg\" \/>\n\t<meta property=\"og:image:width\" content=\"1920\" \/>\n\t<meta property=\"og:image:height\" content=\"1280\" \/>\n<meta name=\"twitter:card\" content=\"summary\" \/>\n<meta name=\"twitter:label1\" content=\"Est. reading time\">\n\t<meta name=\"twitter:data1\" content=\"1 minute\">\n<script type=\"application\/ld+json\" class=\"yoast-schema-graph\">{\"@context\":\"https:\/\/schema.org\",\"@graph\":[{\"@type\":\"WebSite\",\"@id\":\"https:\/\/www.novalimglutenfree.com\/de\/#website\",\"url\":\"https:\/\/www.novalimglutenfree.com\/de\/\",\"name\":\"Novalim\",\"description\":\"Bezlepkov\\u00e9 potraviny, bezlepkov\\u00e9 recepty, celiakia, PKU\",\"potentialAction\":[{\"@type\":\"SearchAction\",\"target\":\"https:\/\/www.novalimglutenfree.com\/de\/?s={search_term_string}\",\"query-input\":\"required name=search_term_string\"}],\"inLanguage\":\"de-DE\"},{\"@type\":\"ImageObject\",\"@id\":\"https:\/\/novalimglutenfree.com\/de\/recepty\/#primaryimage\",\"inLanguage\":\"de-DE\",\"url\":\"https:\/\/novalimglutenfree.com\/wp-content\/uploads\/2017\/03\/P3024439.jpg\",\"width\":1920,\"height\":1280,\"caption\":\"OLYMPUS DIGITAL CAMERA\"},{\"@type\":\"WebPage\",\"@id\":\"https:\/\/novalimglutenfree.com\/de\/recepty\/#webpage\",\"url\":\"https:\/\/novalimglutenfree.com\/de\/recepty\/\",\"name\":\"Recepty na bezlepkov\\u00e9 jedl\\u00e1 s v\\u00fdbornou chu\\u0165ou - Novalim\",\"isPartOf\":{\"@id\":\"https:\/\/www.novalimglutenfree.com\/de\/#website\"},\"primaryImageOfPage\":{\"@id\":\"https:\/\/novalimglutenfree.com\/de\/recepty\/#primaryimage\"},\"datePublished\":\"2016-04-27T16:43:30+00:00\",\"dateModified\":\"2017-03-22T21:44:31+00:00\",\"description\":\"Bezlepkov\\u00e9 a n\\u00edzkobielkovinov\\u00e9 recepty, ktor\\u00e9 v\\u00fdborne chutia. Vysk\\u00fa\\u0161ajte!\",\"inLanguage\":\"de-DE\",\"potentialAction\":[{\"@type\":\"ReadAction\",\"target\":[\"https:\/\/novalimglutenfree.com\/de\/recepty\/\"]}]}]}<\/script>\n<!-- \/ Yoast SEO plugin. -->","_links":{"self":[{"href":"https:\/\/novalimglutenfree.com\/de\/wp-json\/wp\/v2\/pages\/1423"}],"collection":[{"href":"https:\/\/novalimglutenfree.com\/de\/wp-json\/wp\/v2\/pages"}],"about":[{"href":"https:\/\/novalimglutenfree.com\/de\/wp-json\/wp\/v2\/types\/page"}],"author":[{"embeddable":true,"href":"https:\/\/novalimglutenfree.com\/de\/wp-json\/wp\/v2\/users\/1"}],"replies":[{"embeddable":true,"href":"https:\/\/novalimglutenfree.com\/de\/wp-json\/wp\/v2\/comments?post=1423"}],"version-history":[{"count":6,"href":"https:\/\/novalimglutenfree.com\/de\/wp-json\/wp\/v2\/pages\/1423\/revisions"}],"predecessor-version":[{"id":4601,"href":"https:\/\/novalimglutenfree.com\/de\/wp-json\/wp\/v2\/pages\/1423\/revisions\/4601"}],"wp:featuredmedia":[{"embeddable":true,"href":"https:\/\/novalimglutenfree.com\/de\/wp-json\/wp\/v2\/media\/5432"}],"wp:attachment":[{"href":"https:\/\/novalimglutenfree.com\/de\/wp-json\/wp\/v2\/media?parent=1423"}],"curies":[{"name":"wp","href":"https:\/\/api.w.org\/{rel}","templated":true}]}}