{"id":9492,"date":"2018-08-30T11:10:35","date_gmt":"2018-08-30T09:10:35","guid":{"rendered":"http:\/\/novalimglutenfree.com\/?post_type=product&#038;p=9492\/"},"modified":"2018-11-23T15:58:32","modified_gmt":"2018-11-23T13:58:32","slug":"mariela-cajove-susenky-bez-lepku","status":"publish","type":"product","link":"https:\/\/novalimglutenfree.com\/cs\/obchod\/keksy-muesli-sneky-cs\/bezlepkove-keksy-musli-pochutiny-cs\/mariela-cajove-susenky-bez-lepku\/","title":{"rendered":"Mariela &#8211; \u010dajov\u00e9 su\u0161enky bez lepku"},"content":{"rendered":"<p>Mariela &#8211; \u010dajov\u00e9 su\u0161enky bez lepku<\/p>\n<p>S miner\u00e1ln\u00edm komplexem z mo\u0159sk\u00fdch \u0159as &#8211; bioaktivn\u00ed v\u00e1pn\u00edk a ho\u0159\u010d\u00edk a dal\u0161\u00edch 72 stopov\u00fdch prvk\u016f + AMARANT, AN\u00ddZ a FENYKL.<\/p>\n<p>Potravina speci\u00e1ln\u011b p\u0159ipravena pro osoby s nesn\u00e1\u0161enlivost\u00ed lepku. Vyrobena <strong>z p\u0159irozen\u011b bezlepkov\u00fdch<\/strong> a bezp\u0161eni\u010dn\u00fdch surovin. (gluten &lt; 20mg\/kg)<\/p>\n<p>SLO\u017dEN\u00cd: kuku\u0159i\u010dn\u00fd \u0161krob, cukr, r\u00fd\u017eov\u00e1 mouka, \u010d\u00e1ste\u010dn\u011b ztu\u017een\u00fd rostlinn\u00fd tuk (\u0159epkov\u00fd, palmov\u00fd), kuku\u0159i\u010dn\u00e1 mouka, amarantov\u00e1 mouka, gluk\u00f3zo-frukt\u00f3zov\u00fd sirup, su\u0161en\u00e1 <strong>vaje\u010dn\u00e1 sm\u011bs<\/strong>, <strong>lupinov\u00e1 mouka<\/strong>, r\u00fd\u017eov\u00fd \u0161krob, <strong>\u010derstv\u00e1 vejce<\/strong>, miner\u00e1ln\u00ed komplex z mo\u0159sk\u00fdch \u0159as, med, kyp\u0159idlo: hydrogenuhli\u010ditan sodn\u00fd, emulg\u00e1tor: lecitin (slune\u010dnicov\u00fd), vanil\u00ednov\u00fd cukr, jedl\u00e1 s\u016fl, drcen\u00fd an\u00fdz, drcen\u00fd fenykl.<\/p>\n<p>Pr\u016fm\u011brn\u00fd obsah \u017eivin v 100 g v\u00fdrobku:<br \/>\n<strong>Energie :<\/strong> 1958 kJ 466 kcal; <strong>Tuky :<\/strong> 17,3 g z toho nasycen\u00e9 mastn\u00e9 kyseliny : 7,1 g; <strong>Sacharidy :<\/strong> 71,5 g z toho cukry : 18,6 g; <strong>Vl\u00e1knina :<\/strong> 1,7 g; <strong>B\u00edlkoviny :<\/strong> 5,2 g; <strong>S\u016fl :<\/strong> 0,15 g;<strong> V\u00e1pn\u00edk :<\/strong> 180 mg 22,5 %*; <strong>Ho\u0159\u010d\u00edk :<\/strong> 12 mg 3 %*<br \/>\n* Referen\u010dn\u00ed denn\u00ed p\u0159\u00edjem<\/p>\n<p>Hmotnost: 140 g<\/p>\n","protected":false},"excerpt":{"rendered":"<p>Mariela &#8211; \u010dajov\u00e9 su\u0161enky bez lepku<br \/>\nS miner\u00e1ln\u00edm komplexem z mo\u0159sk\u00fdch \u0159as &#8211; bioaktivn\u00ed v\u00e1pn\u00edk a ho\u0159\u010d\u00edk a dal\u0161\u00edch 72 stopov\u00fdch prvk\u016f + AMARANT, AN\u00ddZ a FENYKL.<\/p>\n<p>Potravina speci\u00e1ln\u011b p\u0159ipravena pro osoby s nesn\u00e1\u0161enlivost\u00ed lepku. Vyrobena z p\u0159irozen\u011b bezlepkov\u00fdch a bezp\u0161eni\u010dn\u00fdch surovin. (gluten &lt; 20mg\/kg)<\/p>\n<p>Bez lepku, lakt\u00f3zy a s\u00f3je.<\/p>\n","protected":false},"featured_media":9481,"comment_status":"closed","ping_status":"closed","template":"","meta":[],"yoast_head":"<!-- This site is optimized with the Yoast SEO plugin v15.7 - https:\/\/yoast.com\/wordpress\/plugins\/seo\/ -->\n<title>Mariela - \u010dajov\u00e9 su\u0161enky bez lepku - Novalim<\/title>\n<meta name=\"robots\" content=\"index, follow, max-snippet:-1, max-image-preview:large, max-video-preview:-1\" \/>\n<link rel=\"canonical\" href=\"https:\/\/www.novalimglutenfree.com\/cs\/obchod\/keksy-muesli-sneky-cs\/bezlepkove-keksy-musli-pochutiny-cs\/mariela-cajove-susenky-bez-lepku\/\" \/>\n<meta property=\"og:locale\" content=\"cs_CZ\" \/>\n<meta property=\"og:type\" content=\"article\" \/>\n<meta property=\"og:title\" content=\"Mariela - \u010dajov\u00e9 su\u0161enky bez lepku - Novalim\" \/>\n<meta property=\"og:description\" content=\"Mariela - \u010dajov\u00e9 su\u0161enky bez lepku S miner\u00e1ln\u00edm komplexem z mo\u0159sk\u00fdch \u0159as - bioaktivn\u00ed v\u00e1pn\u00edk a ho\u0159\u010d\u00edk a dal\u0161\u00edch 72 stopov\u00fdch prvk\u016f + AMARANT, AN\u00ddZ a FENYKL.  Potravina speci\u00e1ln\u011b p\u0159ipravena pro osoby s nesn\u00e1\u0161enlivost\u00ed lepku. Vyrobena z p\u0159irozen\u011b bezlepkov\u00fdch a bezp\u0161eni\u010dn\u00fdch surovin. (gluten &lt; 20mg\/kg)  Bez lepku, lakt\u00f3zy a s\u00f3je.\" \/>\n<meta property=\"og:url\" content=\"https:\/\/www.novalimglutenfree.com\/cs\/obchod\/keksy-muesli-sneky-cs\/bezlepkove-keksy-musli-pochutiny-cs\/mariela-cajove-susenky-bez-lepku\/\" \/>\n<meta property=\"og:site_name\" content=\"Novalim\" \/>\n<meta property=\"article:modified_time\" content=\"2018-11-23T13:58:32+00:00\" \/>\n<meta property=\"og:image\" content=\"https:\/\/novalimglutenfree.com\/wp-content\/uploads\/2018\/08\/Mariela2_mockup_FINAL.jpg\" \/>\n\t<meta property=\"og:image:width\" content=\"1200\" \/>\n\t<meta property=\"og:image:height\" content=\"1500\" \/>\n<meta name=\"twitter:card\" content=\"summary\" \/>\n<meta name=\"twitter:label1\" content=\"Odhadovan\u00e1 doba \u010dten\u00ed\">\n\t<meta name=\"twitter:data1\" content=\"1 minuta\">\n<script type=\"application\/ld+json\" class=\"yoast-schema-graph\">{\"@context\":\"https:\/\/schema.org\",\"@graph\":[{\"@type\":\"WebSite\",\"@id\":\"https:\/\/www.novalimglutenfree.com\/de\/#website\",\"url\":\"https:\/\/www.novalimglutenfree.com\/de\/\",\"name\":\"Novalim\",\"description\":\"Bezlepkov\\u00e9 potraviny, bezlepkov\\u00e9 recepty, celiakia, PKU\",\"potentialAction\":[{\"@type\":\"SearchAction\",\"target\":\"https:\/\/www.novalimglutenfree.com\/de\/?s={search_term_string}\",\"query-input\":\"required name=search_term_string\"}],\"inLanguage\":\"cs\"},{\"@type\":\"ImageObject\",\"@id\":\"https:\/\/www.novalimglutenfree.com\/cs\/obchod\/keksy-muesli-sneky-cs\/bezlepkove-keksy-musli-pochutiny-cs\/mariela-cajove-susenky-bez-lepku\/#primaryimage\",\"inLanguage\":\"cs\",\"url\":\"https:\/\/novalimglutenfree.com\/wp-content\/uploads\/2018\/08\/Mariela2_mockup_FINAL.jpg\",\"width\":1200,\"height\":1500},{\"@type\":\"WebPage\",\"@id\":\"https:\/\/www.novalimglutenfree.com\/cs\/obchod\/keksy-muesli-sneky-cs\/bezlepkove-keksy-musli-pochutiny-cs\/mariela-cajove-susenky-bez-lepku\/#webpage\",\"url\":\"https:\/\/www.novalimglutenfree.com\/cs\/obchod\/keksy-muesli-sneky-cs\/bezlepkove-keksy-musli-pochutiny-cs\/mariela-cajove-susenky-bez-lepku\/\",\"name\":\"Mariela - \\u010dajov\\u00e9 su\\u0161enky bez lepku - Novalim\",\"isPartOf\":{\"@id\":\"https:\/\/www.novalimglutenfree.com\/de\/#website\"},\"primaryImageOfPage\":{\"@id\":\"https:\/\/www.novalimglutenfree.com\/cs\/obchod\/keksy-muesli-sneky-cs\/bezlepkove-keksy-musli-pochutiny-cs\/mariela-cajove-susenky-bez-lepku\/#primaryimage\"},\"datePublished\":\"2018-08-30T09:10:35+00:00\",\"dateModified\":\"2018-11-23T13:58:32+00:00\",\"inLanguage\":\"cs\",\"potentialAction\":[{\"@type\":\"ReadAction\",\"target\":[\"https:\/\/www.novalimglutenfree.com\/cs\/obchod\/keksy-muesli-sneky-cs\/bezlepkove-keksy-musli-pochutiny-cs\/mariela-cajove-susenky-bez-lepku\/\"]}]}]}<\/script>\n<!-- \/ Yoast SEO plugin. -->","_links":{"self":[{"href":"https:\/\/novalimglutenfree.com\/cs\/wp-json\/wp\/v2\/product\/9492"}],"collection":[{"href":"https:\/\/novalimglutenfree.com\/cs\/wp-json\/wp\/v2\/product"}],"about":[{"href":"https:\/\/novalimglutenfree.com\/cs\/wp-json\/wp\/v2\/types\/product"}],"replies":[{"embeddable":true,"href":"https:\/\/novalimglutenfree.com\/cs\/wp-json\/wp\/v2\/comments?post=9492"}],"version-history":[{"count":1,"href":"https:\/\/novalimglutenfree.com\/cs\/wp-json\/wp\/v2\/product\/9492\/revisions"}],"predecessor-version":[{"id":9493,"href":"https:\/\/novalimglutenfree.com\/cs\/wp-json\/wp\/v2\/product\/9492\/revisions\/9493"}],"wp:featuredmedia":[{"embeddable":true,"href":"https:\/\/novalimglutenfree.com\/cs\/wp-json\/wp\/v2\/media\/9481"}],"wp:attachment":[{"href":"https:\/\/novalimglutenfree.com\/cs\/wp-json\/wp\/v2\/media?parent=9492"}],"curies":[{"name":"wp","href":"https:\/\/api.w.org\/{rel}","templated":true}]}}