{"id":6112,"date":"2016-05-06T09:40:46","date_gmt":"2016-05-06T07:40:46","guid":{"rendered":"http:\/\/novalimglutenfree.com\/obchod\/nezaraden\u00e9\/limky-bezlepkove-keksy-vanilkove-plnene\/"},"modified":"2018-11-23T16:27:05","modified_gmt":"2018-11-23T14:27:05","slug":"limky-bezlepkove-keksy-vanilkove-plnene","status":"publish","type":"product","link":"https:\/\/novalimglutenfree.com\/cs\/obchod\/keksy-muesli-sneky-cs\/bezlepkove-keksy-musli-pochutiny-cs\/limky-bezlepkove-keksy-vanilkove-plnene\/","title":{"rendered":"LIMKY &#8211; bezlepkov\u00e9 su\u0161enky vanilkov\u00e9 pln\u011bn\u00e9"},"content":{"rendered":"<p>LIMKY VANILKOV\u00c9 PLN\u011aN\u00c9 \u2013 bezlepkov\u00e9 su\u0161enky, charakteristick\u00e9 svou lahodnou chut\u00ed a k\u0159ehkost\u00ed. Jemn\u00fd \u010dokol\u00e1dov\u00fd kr\u00e9m s pou\u017eit\u00edm tmav\u00e9 neml\u00e9\u010dn\u00e9 \u010dokol\u00e1dov\u00e9 hmoty.<\/p>\n<p><strong>Informace o v\u00fdrobku:<\/strong><\/p>\n<p>Slo\u017een\u00ed: r\u00fd\u017eov\u00e1 mouka, kuku\u0159i\u010dn\u00fd \u0161krob, rostlinn\u00e9 tuky (palmov\u00fd, \u0159epkov\u00fd), cukr,<strong> s\u00f3jov\u00e1 mouka<\/strong>, gluk\u00f3zo- frukt\u00f3zov\u00fd sirup, <strong>\u010derstv\u00e1 vaje\u010dn\u00e1 sm\u011bs<\/strong>, rostlinn\u00e1 vl\u00e1knina, jedl\u00e1 s\u016fl, emulg\u00e1tor: <strong>s\u00f3jov\u00fd lecitin<\/strong>, kyp\u0159\u00edc\u00ed l\u00e1tky (difosfore\u010d\u0148an disodn\u00fd, hydrog\u00e9nuhli\u010ditan sodn\u00fd), vanil\u00ednov\u00fd cukr. Plnka: cukr, ztu\u017een\u00fd rostlinn\u00fd tuk palmov\u00fd, \u010dokol\u00e1dov\u00e1 hmota, kakaov\u00fd pr\u00e1\u0161ek 16,5%, rostlinn\u00fd olej slune\u010dnicov\u00fd, emulg\u00e1tor: <strong>s\u00f3jov\u00fd lecit\u00edn<\/strong>.<\/p>\n<p>100 g v\u00fdrobku pr\u016fm\u011brn\u011b obsahuje:<br \/>\n<strong>Energetick\u00e1 hodnota:<\/strong> 2031 kJ, 484 kcal; <strong>Tuky:<\/strong> 21,2 g z toho nasycen\u00e9 mastn\u00e9 kyseliny 8,9 g; <strong>Sacharidy:<\/strong> 68,1 g z toho cukry 20,6 g; <strong>Vl\u00e1knina:<\/strong> 2,4 g;<strong> B\u00edlkoviny:<\/strong> 4,1 g; <strong>S\u016fl:<\/strong> 0,38 g;<\/p>\n<p>Balen\u00ed: 150 g<\/p>\n","protected":false},"excerpt":{"rendered":"<p>LIMKY VANILKOV\u00c9 PLN\u011aN\u00c9 \u2013 bezlepkov\u00e9 su\u0161enky, charakteristick\u00e9 svou lahodnou chut\u00ed a k\u0159ehkost\u00ed. Jemn\u00fd \u010dokol\u00e1dov\u00fd kr\u00e9m s pou\u017eit\u00edm tmav\u00e9 neml\u00e9\u010dn\u00e9 \u010dokol\u00e1dov\u00e9 hmoty.<\/p>\n<p>Potravina speci\u00e1ln\u011b p\u0159ipravena pro osoby s nesn\u00e1\u0161enlivost\u00ed lepku. Vyrobena <strong>z p\u0159irozen\u011b bezlepkov\u00fdch<\/strong> a bezp\u0161eni\u010dn\u00fdch surovin. (gluten &lt; 20mg\/kg)<\/p>\n","protected":false},"featured_media":920,"comment_status":"closed","ping_status":"closed","template":"","meta":[],"yoast_head":"<!-- This site is optimized with the Yoast SEO plugin v15.7 - https:\/\/yoast.com\/wordpress\/plugins\/seo\/ -->\n<title>LIMKY - bezlepkov\u00e9 su\u0161enky vanilkov\u00e9 pln\u011bn\u00e9 - Novalim<\/title>\n<meta name=\"robots\" content=\"index, follow, max-snippet:-1, max-image-preview:large, max-video-preview:-1\" \/>\n<link rel=\"canonical\" href=\"https:\/\/www.novalimglutenfree.com\/cs\/obchod\/keksy-muesli-sneky-cs\/bezlepkove-keksy-musli-pochutiny-cs\/limky-bezlepkove-keksy-vanilkove-plnene\/\" \/>\n<meta property=\"og:locale\" content=\"cs_CZ\" \/>\n<meta property=\"og:type\" content=\"article\" \/>\n<meta property=\"og:title\" content=\"LIMKY - bezlepkov\u00e9 su\u0161enky vanilkov\u00e9 pln\u011bn\u00e9 - Novalim\" \/>\n<meta property=\"og:description\" content=\"LIMKY VANILKOV\u00c9 PLN\u011aN\u00c9 \u2013 bezlepkov\u00e9 su\u0161enky, charakteristick\u00e9 svou lahodnou chut\u00ed a k\u0159ehkost\u00ed. Jemn\u00fd \u010dokol\u00e1dov\u00fd kr\u00e9m s pou\u017eit\u00edm tmav\u00e9 neml\u00e9\u010dn\u00e9 \u010dokol\u00e1dov\u00e9 hmoty.  Potravina speci\u00e1ln\u011b p\u0159ipravena pro osoby s nesn\u00e1\u0161enlivost\u00ed lepku. Vyrobena z p\u0159irozen\u011b bezlepkov\u00fdch a bezp\u0161eni\u010dn\u00fdch surovin. (gluten &lt; 20mg\/kg)\" \/>\n<meta property=\"og:url\" content=\"https:\/\/www.novalimglutenfree.com\/cs\/obchod\/keksy-muesli-sneky-cs\/bezlepkove-keksy-musli-pochutiny-cs\/limky-bezlepkove-keksy-vanilkove-plnene\/\" \/>\n<meta property=\"og:site_name\" content=\"Novalim\" \/>\n<meta property=\"article:modified_time\" content=\"2018-11-23T14:27:05+00:00\" \/>\n<meta property=\"og:image\" content=\"https:\/\/novalimglutenfree.com\/wp-content\/uploads\/2016\/05\/LimkyVanilla.jpg\" \/>\n\t<meta property=\"og:image:width\" content=\"926\" \/>\n\t<meta property=\"og:image:height\" content=\"618\" \/>\n<meta name=\"twitter:card\" content=\"summary\" \/>\n<meta name=\"twitter:label1\" content=\"Odhadovan\u00e1 doba \u010dten\u00ed\">\n\t<meta name=\"twitter:data1\" content=\"1 minuta\">\n<script type=\"application\/ld+json\" class=\"yoast-schema-graph\">{\"@context\":\"https:\/\/schema.org\",\"@graph\":[{\"@type\":\"WebSite\",\"@id\":\"https:\/\/www.novalimglutenfree.com\/de\/#website\",\"url\":\"https:\/\/www.novalimglutenfree.com\/de\/\",\"name\":\"Novalim\",\"description\":\"Bezlepkov\\u00e9 potraviny, bezlepkov\\u00e9 recepty, celiakia, PKU\",\"potentialAction\":[{\"@type\":\"SearchAction\",\"target\":\"https:\/\/www.novalimglutenfree.com\/de\/?s={search_term_string}\",\"query-input\":\"required name=search_term_string\"}],\"inLanguage\":\"cs\"},{\"@type\":\"ImageObject\",\"@id\":\"https:\/\/www.novalimglutenfree.com\/cs\/obchod\/keksy-muesli-sneky-cs\/bezlepkove-keksy-musli-pochutiny-cs\/limky-bezlepkove-keksy-vanilkove-plnene\/#primaryimage\",\"inLanguage\":\"cs\",\"url\":\"https:\/\/novalimglutenfree.com\/wp-content\/uploads\/2016\/05\/LimkyVanilla.jpg\",\"width\":926,\"height\":618},{\"@type\":\"WebPage\",\"@id\":\"https:\/\/www.novalimglutenfree.com\/cs\/obchod\/keksy-muesli-sneky-cs\/bezlepkove-keksy-musli-pochutiny-cs\/limky-bezlepkove-keksy-vanilkove-plnene\/#webpage\",\"url\":\"https:\/\/www.novalimglutenfree.com\/cs\/obchod\/keksy-muesli-sneky-cs\/bezlepkove-keksy-musli-pochutiny-cs\/limky-bezlepkove-keksy-vanilkove-plnene\/\",\"name\":\"LIMKY - bezlepkov\\u00e9 su\\u0161enky vanilkov\\u00e9 pln\\u011bn\\u00e9 - Novalim\",\"isPartOf\":{\"@id\":\"https:\/\/www.novalimglutenfree.com\/de\/#website\"},\"primaryImageOfPage\":{\"@id\":\"https:\/\/www.novalimglutenfree.com\/cs\/obchod\/keksy-muesli-sneky-cs\/bezlepkove-keksy-musli-pochutiny-cs\/limky-bezlepkove-keksy-vanilkove-plnene\/#primaryimage\"},\"datePublished\":\"2016-05-06T07:40:46+00:00\",\"dateModified\":\"2018-11-23T14:27:05+00:00\",\"inLanguage\":\"cs\",\"potentialAction\":[{\"@type\":\"ReadAction\",\"target\":[\"https:\/\/www.novalimglutenfree.com\/cs\/obchod\/keksy-muesli-sneky-cs\/bezlepkove-keksy-musli-pochutiny-cs\/limky-bezlepkove-keksy-vanilkove-plnene\/\"]}]}]}<\/script>\n<!-- \/ Yoast SEO plugin. -->","_links":{"self":[{"href":"https:\/\/novalimglutenfree.com\/cs\/wp-json\/wp\/v2\/product\/6112"}],"collection":[{"href":"https:\/\/novalimglutenfree.com\/cs\/wp-json\/wp\/v2\/product"}],"about":[{"href":"https:\/\/novalimglutenfree.com\/cs\/wp-json\/wp\/v2\/types\/product"}],"replies":[{"embeddable":true,"href":"https:\/\/novalimglutenfree.com\/cs\/wp-json\/wp\/v2\/comments?post=6112"}],"version-history":[{"count":1,"href":"https:\/\/novalimglutenfree.com\/cs\/wp-json\/wp\/v2\/product\/6112\/revisions"}],"predecessor-version":[{"id":9822,"href":"https:\/\/novalimglutenfree.com\/cs\/wp-json\/wp\/v2\/product\/6112\/revisions\/9822"}],"wp:featuredmedia":[{"embeddable":true,"href":"https:\/\/novalimglutenfree.com\/cs\/wp-json\/wp\/v2\/media\/920"}],"wp:attachment":[{"href":"https:\/\/novalimglutenfree.com\/cs\/wp-json\/wp\/v2\/media?parent=6112"}],"curies":[{"name":"wp","href":"https:\/\/api.w.org\/{rel}","templated":true}]}}