{"id":6069,"date":"2016-05-18T22:36:54","date_gmt":"2016-05-18T20:36:54","guid":{"rendered":"http:\/\/novalimglutenfree.com\/obchod\/nezaraden\u00e9\/pekti-bezlepkove-bagetky-tmave-140g\/"},"modified":"2018-11-21T11:38:53","modified_gmt":"2018-11-21T09:38:53","slug":"pekti-bezlepkove-bagetky-tmave-140g","status":"publish","type":"product","link":"https:\/\/novalimglutenfree.com\/cs\/obchod\/chleb-pecivo-cs\/bezlepkovy-chleb-pecivo-cs\/pekti-bezlepkove-bagetky-tmave-140g\/","title":{"rendered":"PEKTI- bezlepkov\u00e9 bagetky tmav\u00e9, 140g"},"content":{"rendered":"<p>PEKTI-BEZLEPKOV\u00c9 BAGETKY TMAV\u00c9 \u2013 bezlepkov\u00e1 racion\u00e1ln\u00ed bageta jemn\u00e9 struktury.<\/p>\n<p>Potravina speci\u00e1ln\u011b p\u0159ipravena pro osoby s nesn\u00e1\u0161enlivost\u00ed lepku. Vyrobena <strong>z p\u0159irozen\u011b bezlepkov\u00fdch<\/strong> a bezp\u0161eni\u010dn\u00fdch surovin. (gluten &lt; 20mg\/kg)<\/p>\n<p>Balen\u00e1 v ochrann\u00e9 atmosf\u00e9\u0159e.<br \/>\nTrvanlivost 90 dn\u00ed.<br \/>\nBalen\u00ed: 140g \u2013 2 ks \u00e1 70g<\/p>\n<p><strong>Informace o v\u00fdrobku:<\/strong><br \/>\nSlo\u017een\u00ed: voda, kuku\u0159i\u010dn\u00fd \u0161krob, bramborov\u00fd \u0161krob, r\u00fd\u017eov\u00e1 mouka, pohankov\u00e1 mouka, hrachov\u00e1 b\u00edlkovina, rostlinn\u00e1 vl\u00e1knina, rostlinn\u00fd tuk &#8211; palmov\u00fd, p\u0159\u00edrodn\u00fd cukr, dro\u017ed\u00ed, kuku\u0159i\u010dn\u00fd sirup, zahu\u0161\u0165ovadlo: hydroxypropylmetyl celul\u00f3za; jedl\u00e1 s\u016fl, fermentovan\u00fd cukr.<\/p>\n<p>100 g v\u00fdrobku pr\u016fm\u011brn\u011b obsahuje:<br \/>\nEnergetick\u00e1 hodnota: 897 kJ, 214 kcal; Tuky: 2,0 g z toho 0,37 g nasycen\u00e9 mastn\u00e9 kyseliny; Sacharidy: 46,6 g z toho 3,2 g cukry; Vl\u00e1knina: 3,3 g; B\u00edlkoviny: 2,5 g; Sod\u00edk: 430 mg;<\/p>\n<p><strong>P\u0159ipravujeme na objedn\u00e1vku, dodac\u00ed lh\u016fta je prodlou\u017eena.<\/strong><\/p>\n","protected":false},"excerpt":{"rendered":"<p>PEKTI-BEZLEPKOV\u00c9 BAGETKY TMAV\u00c9 \u2013 bezlepkov\u00e1 racion\u00e1ln\u00ed bageta jemn\u00e9 struktury.<\/p>\n<p>Potravina speci\u00e1ln\u011b p\u0159ipravena pro osoby s nesn\u00e1\u0161enlivost\u00ed lepku. Vyrobena <strong>z p\u0159irozen\u011b bezlepkov\u00fdch<\/strong> a bezp\u0161eni\u010dn\u00fdch surovin. (gluten &lt; 20mg\/kg)<\/p>\n<p>Balen\u00e1 v ochrann\u00e9 atmosf\u00e9\u0159e.<br \/>\nTrvanlivost 90 dn\u00ed.<br \/>\nBalen\u00ed: 140g \u2013 2 ks \u00e1 70g<\/p>\n","protected":false},"featured_media":6063,"comment_status":"closed","ping_status":"closed","template":"","meta":[],"yoast_head":"<!-- This site is optimized with the Yoast SEO plugin v15.7 - https:\/\/yoast.com\/wordpress\/plugins\/seo\/ -->\n<title>PEKTI- bezlepkov\u00e9 bagetky tmav\u00e9, 140g - Novalim<\/title>\n<meta name=\"robots\" content=\"index, follow, max-snippet:-1, max-image-preview:large, max-video-preview:-1\" \/>\n<link rel=\"canonical\" href=\"https:\/\/novalimglutenfree.com\/cs\/obchod\/chleb-pecivo-cs\/bezlepkovy-chleb-pecivo-cs\/pekti-bezlepkove-bagetky-tmave-140g\/\" \/>\n<meta property=\"og:locale\" content=\"cs_CZ\" \/>\n<meta property=\"og:type\" content=\"article\" \/>\n<meta property=\"og:title\" content=\"PEKTI- bezlepkov\u00e9 bagetky tmav\u00e9, 140g - Novalim\" \/>\n<meta property=\"og:description\" content=\"PEKTI-BEZLEPKOV\u00c9 BAGETKY TMAV\u00c9 \u2013 bezlepkov\u00e1 racion\u00e1ln\u00ed bageta jemn\u00e9 struktury.  Potravina speci\u00e1ln\u011b p\u0159ipravena pro osoby s nesn\u00e1\u0161enlivost\u00ed lepku. Vyrobena z p\u0159irozen\u011b bezlepkov\u00fdch a bezp\u0161eni\u010dn\u00fdch surovin. (gluten &lt; 20mg\/kg)  Balen\u00e1 v ochrann\u00e9 atmosf\u00e9\u0159e. Trvanlivost 90 dn\u00ed. Balen\u00ed: 140g \u2013 2 ks \u00e1 70g\" \/>\n<meta property=\"og:url\" content=\"https:\/\/novalimglutenfree.com\/cs\/obchod\/chleb-pecivo-cs\/bezlepkovy-chleb-pecivo-cs\/pekti-bezlepkove-bagetky-tmave-140g\/\" \/>\n<meta property=\"og:site_name\" content=\"Novalim\" \/>\n<meta property=\"article:modified_time\" content=\"2018-11-21T09:38:53+00:00\" \/>\n<meta property=\"og:image\" content=\"https:\/\/novalimglutenfree.com\/wp-content\/uploads\/2016\/05\/pekti-bezlepkove-bagetky-tmave-140g-80.thumb_300x300.jpg\" \/>\n\t<meta property=\"og:image:width\" content=\"239\" \/>\n\t<meta property=\"og:image:height\" content=\"300\" \/>\n<meta name=\"twitter:card\" content=\"summary\" \/>\n<meta name=\"twitter:label1\" content=\"Odhadovan\u00e1 doba \u010dten\u00ed\">\n\t<meta name=\"twitter:data1\" content=\"1 minuta\">\n<script type=\"application\/ld+json\" class=\"yoast-schema-graph\">{\"@context\":\"https:\/\/schema.org\",\"@graph\":[{\"@type\":\"WebSite\",\"@id\":\"https:\/\/www.novalimglutenfree.com\/de\/#website\",\"url\":\"https:\/\/www.novalimglutenfree.com\/de\/\",\"name\":\"Novalim\",\"description\":\"Bezlepkov\\u00e9 potraviny, bezlepkov\\u00e9 recepty, celiakia, PKU\",\"potentialAction\":[{\"@type\":\"SearchAction\",\"target\":\"https:\/\/www.novalimglutenfree.com\/de\/?s={search_term_string}\",\"query-input\":\"required name=search_term_string\"}],\"inLanguage\":\"cs\"},{\"@type\":\"ImageObject\",\"@id\":\"https:\/\/novalimglutenfree.com\/cs\/obchod\/chleb-pecivo-cs\/bezlepkovy-chleb-pecivo-cs\/pekti-bezlepkove-bagetky-tmave-140g\/#primaryimage\",\"inLanguage\":\"cs\",\"url\":\"https:\/\/novalimglutenfree.com\/wp-content\/uploads\/2016\/05\/pekti-bezlepkove-bagetky-tmave-140g-80.thumb_300x300.jpg\",\"width\":239,\"height\":300},{\"@type\":\"WebPage\",\"@id\":\"https:\/\/novalimglutenfree.com\/cs\/obchod\/chleb-pecivo-cs\/bezlepkovy-chleb-pecivo-cs\/pekti-bezlepkove-bagetky-tmave-140g\/#webpage\",\"url\":\"https:\/\/novalimglutenfree.com\/cs\/obchod\/chleb-pecivo-cs\/bezlepkovy-chleb-pecivo-cs\/pekti-bezlepkove-bagetky-tmave-140g\/\",\"name\":\"PEKTI- bezlepkov\\u00e9 bagetky tmav\\u00e9, 140g - Novalim\",\"isPartOf\":{\"@id\":\"https:\/\/www.novalimglutenfree.com\/de\/#website\"},\"primaryImageOfPage\":{\"@id\":\"https:\/\/novalimglutenfree.com\/cs\/obchod\/chleb-pecivo-cs\/bezlepkovy-chleb-pecivo-cs\/pekti-bezlepkove-bagetky-tmave-140g\/#primaryimage\"},\"datePublished\":\"2016-05-18T20:36:54+00:00\",\"dateModified\":\"2018-11-21T09:38:53+00:00\",\"inLanguage\":\"cs\",\"potentialAction\":[{\"@type\":\"ReadAction\",\"target\":[\"https:\/\/novalimglutenfree.com\/cs\/obchod\/chleb-pecivo-cs\/bezlepkovy-chleb-pecivo-cs\/pekti-bezlepkove-bagetky-tmave-140g\/\"]}]}]}<\/script>\n<!-- \/ Yoast SEO plugin. -->","_links":{"self":[{"href":"https:\/\/novalimglutenfree.com\/cs\/wp-json\/wp\/v2\/product\/6069"}],"collection":[{"href":"https:\/\/novalimglutenfree.com\/cs\/wp-json\/wp\/v2\/product"}],"about":[{"href":"https:\/\/novalimglutenfree.com\/cs\/wp-json\/wp\/v2\/types\/product"}],"replies":[{"embeddable":true,"href":"https:\/\/novalimglutenfree.com\/cs\/wp-json\/wp\/v2\/comments?post=6069"}],"version-history":[{"count":1,"href":"https:\/\/novalimglutenfree.com\/cs\/wp-json\/wp\/v2\/product\/6069\/revisions"}],"predecessor-version":[{"id":9788,"href":"https:\/\/novalimglutenfree.com\/cs\/wp-json\/wp\/v2\/product\/6069\/revisions\/9788"}],"wp:featuredmedia":[{"embeddable":true,"href":"https:\/\/novalimglutenfree.com\/cs\/wp-json\/wp\/v2\/media\/6063"}],"wp:attachment":[{"href":"https:\/\/novalimglutenfree.com\/cs\/wp-json\/wp\/v2\/media?parent=6069"}],"curies":[{"name":"wp","href":"https:\/\/api.w.org\/{rel}","templated":true}]}}