{"id":6049,"date":"2016-05-06T09:40:34","date_gmt":"2016-05-06T07:40:34","guid":{"rendered":"http:\/\/novalimglutenfree.com\/obchod\/nezaraden\u00e9\/bezlepkova-krupica\/"},"modified":"2018-11-22T16:18:58","modified_gmt":"2018-11-22T14:18:58","slug":"bezlepkova-krupica","status":"publish","type":"product","link":"https:\/\/novalimglutenfree.com\/cs\/obchod\/muky-cs\/bezlepkove-mucne-polotovary-cs\/bezlepkova-krupica\/","title":{"rendered":"Bezlepkov\u00e1 KRUPICE"},"content":{"rendered":"<p>Bezlepkov\u00e1 KRUPICE \u2013 vhodn\u00e1 pro p\u0159\u00edpravu d\u011btsk\u00e9 ka\u0161e, krupicov\u00fdch halu\u0161ek a zav\u00e1\u0159ek. Speci\u00e1ln\u00ed granulovan\u00fd v\u00fdrobek.<\/p>\n<p><strong>P\u0159\u00edprava:<\/strong><br \/>\n<strong>Krupicov\u00e1 ka\u0161e:<\/strong> za st\u00e1l\u00e9ho m\u00edchan\u00ed pomalu vsypeme 3 l\u017e\u00edce krupice do 2 dl vrouc\u00edho ml\u00e9ka a pova\u0159\u00edme asi 3 minuty. Dochut\u00edme m\u00e1slem, kakaem, d\u017eemem a p.<br \/>\n<strong>Knedli\u010dky:<\/strong> 3 l\u017e\u00edce krupice, 1 vejce, 1\/2 l\u017ei\u010dky s\u00e1dla a \u0161petku jedl\u00e9 soli vym\u00edchame na t\u011bsto. L\u017ei\u010dkou vykrajujeme knedl\u00ed\u010dky a zav\u00e1\u0159ime p\u0159\u00edmo do pol\u00e9vky.<\/p>\n<p><strong>Informace o v\u00fdrobku:<\/strong><\/p>\n<p>Slo\u017een\u00ed:kuku\u0159i\u010dn\u00fd \u0161krob, <strong>su\u0161en\u00fd v\u00e1je\u010dn\u00fd b\u00edlek<\/strong>, emulg\u00e1tor: mono a diglyceridy nenasycen\u00fdch mastn\u00fdch kyselin, p\u0159\u00edrodn\u00ed barvivo kurkuma.<\/p>\n<p>100 g v\u00fdrobku pr\u016fm\u011brn\u011b obsahuje:<br \/>\n<strong>Energetick\u00e1 hodnota:<\/strong> 1576 kJ; 371 kcal; <strong>Tuky:<\/strong> 0,8 g z toho 0,01 g nasycen\u00e9 mastn\u00e9 kyseliny; <strong>Sacharidy<\/strong>: 88,4 g z toho 0,1 g cukry; <strong>Vl\u00e1knina:<\/strong> 1,0 g; <strong>B\u00edlkoviny:<\/strong> 2,1 g; <strong>S\u016fl:<\/strong> 0,1 g;<\/p>\n<p>Balen\u00ed: 500 g<\/p>\n","protected":false},"excerpt":{"rendered":"<p>Bezlepkov\u00e1 KRUPICE \u2013 vhodn\u00e1 pro p\u0159\u00edpravu d\u011btsk\u00e9 ka\u0161e, krupicov\u00fdch halu\u0161ek a zav\u00e1\u0159ek. Speci\u00e1ln\u00ed granulovan\u00fd v\u00fdrobek.<\/p>\n<p>Tato krupice bez lepku je vyrobena <strong>z p\u0159irozen\u011b bezlepkov\u00fdch<\/strong> a bezp\u0161eni\u010dn\u00fdch surovin. Je ur\u010den\u00e1 na p\u0159\u00edpravu bezlepkov\u00e9 ka\u0161e, knedl\u00ed\u010dk\u016f a jako zav\u00e1\u0159ka do pol\u00e9vek.<\/p>\n<p>*RECEPT &#8211; <a href=\"http:\/\/novalimglutenfree.com\/cs\/stavnaty-makovo-jablecny-kolac-bez-lepku\/\">\u0160\u0165avnat\u00fd makovo-jable\u010dn\u00fd kol\u00e1\u010d<\/a> nebo <a href=\"http:\/\/novalimglutenfree.com\/cs\/plnene-bramborove-kulicky-bez-lepku\/\">Plnen\u00e9 bramborov\u00e9 kuli\u010dky<\/a><\/p>\n","protected":false},"featured_media":11106,"comment_status":"closed","ping_status":"closed","template":"","meta":[],"yoast_head":"<!-- This site is optimized with the Yoast SEO plugin v15.7 - https:\/\/yoast.com\/wordpress\/plugins\/seo\/ -->\n<title>Bezlepkov\u00e1 KRUPICE - Novalim<\/title>\n<meta name=\"robots\" content=\"index, follow, max-snippet:-1, max-image-preview:large, max-video-preview:-1\" \/>\n<link rel=\"canonical\" href=\"https:\/\/www.novalimglutenfree.com\/cs\/obchod\/muky-cs\/bezlepkove-mucne-polotovary-cs\/bezlepkova-krupica\/\" \/>\n<meta property=\"og:locale\" content=\"cs_CZ\" \/>\n<meta property=\"og:type\" content=\"article\" \/>\n<meta property=\"og:title\" content=\"Bezlepkov\u00e1 KRUPICE - Novalim\" \/>\n<meta property=\"og:description\" content=\"Bezlepkov\u00e1 KRUPICE \u2013 vhodn\u00e1 pro p\u0159\u00edpravu d\u011btsk\u00e9 ka\u0161e, krupicov\u00fdch halu\u0161ek a zav\u00e1\u0159ek. Speci\u00e1ln\u00ed granulovan\u00fd v\u00fdrobek.  Tato krupice bez lepku je vyrobena z p\u0159irozen\u011b bezlepkov\u00fdch a bezp\u0161eni\u010dn\u00fdch surovin. Je ur\u010den\u00e1 na p\u0159\u00edpravu bezlepkov\u00e9 ka\u0161e, knedl\u00ed\u010dk\u016f a jako zav\u00e1\u0159ka do pol\u00e9vek.  *RECEPT - \u0160\u0165avnat\u00fd makovo-jable\u010dn\u00fd kol\u00e1\u010d nebo Plnen\u00e9 bramborov\u00e9 kuli\u010dky\" \/>\n<meta property=\"og:url\" content=\"https:\/\/www.novalimglutenfree.com\/cs\/obchod\/muky-cs\/bezlepkove-mucne-polotovary-cs\/bezlepkova-krupica\/\" \/>\n<meta property=\"og:site_name\" content=\"Novalim\" \/>\n<meta property=\"article:modified_time\" content=\"2018-11-22T14:18:58+00:00\" \/>\n<meta property=\"og:image\" content=\"https:\/\/novalimglutenfree.com\/wp-content\/uploads\/2016\/05\/krupica_m.png\" \/>\n\t<meta property=\"og:image:width\" content=\"603\" \/>\n\t<meta property=\"og:image:height\" content=\"796\" \/>\n<meta name=\"twitter:card\" content=\"summary\" \/>\n<meta name=\"twitter:label1\" content=\"Odhadovan\u00e1 doba \u010dten\u00ed\">\n\t<meta name=\"twitter:data1\" content=\"1 minuta\">\n<script type=\"application\/ld+json\" class=\"yoast-schema-graph\">{\"@context\":\"https:\/\/schema.org\",\"@graph\":[{\"@type\":\"WebSite\",\"@id\":\"https:\/\/www.novalimglutenfree.com\/de\/#website\",\"url\":\"https:\/\/www.novalimglutenfree.com\/de\/\",\"name\":\"Novalim\",\"description\":\"Bezlepkov\\u00e9 potraviny, bezlepkov\\u00e9 recepty, celiakia, PKU\",\"potentialAction\":[{\"@type\":\"SearchAction\",\"target\":\"https:\/\/www.novalimglutenfree.com\/de\/?s={search_term_string}\",\"query-input\":\"required name=search_term_string\"}],\"inLanguage\":\"cs\"},{\"@type\":\"ImageObject\",\"@id\":\"https:\/\/www.novalimglutenfree.com\/cs\/obchod\/muky-cs\/bezlepkove-mucne-polotovary-cs\/bezlepkova-krupica\/#primaryimage\",\"inLanguage\":\"cs\",\"url\":\"https:\/\/novalimglutenfree.com\/wp-content\/uploads\/2016\/05\/krupica_m.png\",\"width\":603,\"height\":796},{\"@type\":\"WebPage\",\"@id\":\"https:\/\/www.novalimglutenfree.com\/cs\/obchod\/muky-cs\/bezlepkove-mucne-polotovary-cs\/bezlepkova-krupica\/#webpage\",\"url\":\"https:\/\/www.novalimglutenfree.com\/cs\/obchod\/muky-cs\/bezlepkove-mucne-polotovary-cs\/bezlepkova-krupica\/\",\"name\":\"Bezlepkov\\u00e1 KRUPICE - Novalim\",\"isPartOf\":{\"@id\":\"https:\/\/www.novalimglutenfree.com\/de\/#website\"},\"primaryImageOfPage\":{\"@id\":\"https:\/\/www.novalimglutenfree.com\/cs\/obchod\/muky-cs\/bezlepkove-mucne-polotovary-cs\/bezlepkova-krupica\/#primaryimage\"},\"datePublished\":\"2016-05-06T07:40:34+00:00\",\"dateModified\":\"2018-11-22T14:18:58+00:00\",\"inLanguage\":\"cs\",\"potentialAction\":[{\"@type\":\"ReadAction\",\"target\":[\"https:\/\/www.novalimglutenfree.com\/cs\/obchod\/muky-cs\/bezlepkove-mucne-polotovary-cs\/bezlepkova-krupica\/\"]}]}]}<\/script>\n<!-- \/ Yoast SEO plugin. -->","_links":{"self":[{"href":"https:\/\/novalimglutenfree.com\/cs\/wp-json\/wp\/v2\/product\/6049"}],"collection":[{"href":"https:\/\/novalimglutenfree.com\/cs\/wp-json\/wp\/v2\/product"}],"about":[{"href":"https:\/\/novalimglutenfree.com\/cs\/wp-json\/wp\/v2\/types\/product"}],"replies":[{"embeddable":true,"href":"https:\/\/novalimglutenfree.com\/cs\/wp-json\/wp\/v2\/comments?post=6049"}],"version-history":[{"count":0,"href":"https:\/\/novalimglutenfree.com\/cs\/wp-json\/wp\/v2\/product\/6049\/revisions"}],"wp:featuredmedia":[{"embeddable":true,"href":"https:\/\/novalimglutenfree.com\/cs\/wp-json\/wp\/v2\/media\/11106"}],"wp:attachment":[{"href":"https:\/\/novalimglutenfree.com\/cs\/wp-json\/wp\/v2\/media?parent=6049"}],"curies":[{"name":"wp","href":"https:\/\/api.w.org\/{rel}","templated":true}]}}