{"id":6033,"date":"2016-05-06T09:41:00","date_gmt":"2016-05-06T07:41:00","guid":{"rendered":"http:\/\/novalimglutenfree.com\/obchod\/nezaraden\u00e9\/nizkobielkovinova-mucna-zmes-apromix\/"},"modified":"2017-05-25T21:50:44","modified_gmt":"2017-05-25T19:50:44","slug":"nizkobielkovinova-mucna-zmes-apromix-4","status":"publish","type":"product","link":"https:\/\/novalimglutenfree.com\/cs\/obchod\/muky-cs\/nizkobielkovinove-mucne-zmesi-apromix-cs\/nizkobielkovinova-mucna-zmes-apromix-4\/","title":{"rendered":"N\u00edzko b\u00edlkovinn\u00e1 mou\u010dn\u00e1 sm\u011bs APROMIX"},"content":{"rendered":"<p>N\u00edzko b\u00edlkovinn\u00e1 mou\u010dn\u00e1 sm\u011bs APROMIX je vhodn\u00e1 k p\u0159\u00edprav\u011b n\u00edzko b\u00edlkovinn\u00e9ho chleba, pe\u010den\u00e9ho ve form\u011b i na b\u011b\u017en\u00e9 pou\u017eit\u00ed v kuchyni p\u0159i p\u0159\u00edprav\u011b j\u00ed\u0161ky, na zahu\u0161\u0165ov\u00e1n\u00ed ap.<\/p>\n<p>Balen\u00ed: 1 kg<\/p>\n<p><strong>Informace o v\u00fdrobku:<\/strong><br \/>\nSlo\u017een\u00ed:<br \/>\nkuku\u0159i\u010dn\u00fd \u0161krob, bramborov\u00fd \u0161krob, modifikovan\u00fd kuku\u0159i\u010dn\u00fd \u0161krob, zahu\u0161\u0165ovadlo guarov\u00e1 mouka, emulg\u00e1tor E471<\/p>\n<p>100 g v\u00fdrobku pr\u016fm\u011brn\u011b obsahuje:<br \/>\n0,33 g b\u00edlkovin, 87,60 g sacharid\u016f a 0,75 g tuk\u016f<\/p>\n","protected":false},"excerpt":{"rendered":"<p>APROMIX\u00ae \u2013 je registrovan\u00e1 ochrann\u00e1 zn\u00e1mka pro n\u00edzce b\u00edlkovinnou mou\u010dn\u00ed sm\u011bs. Obsah fenylalaninu je 16 mg\/100 g.<\/p>\n","protected":false},"featured_media":857,"comment_status":"closed","ping_status":"closed","template":"","meta":[],"yoast_head":"<!-- This site is optimized with the Yoast SEO plugin v15.7 - https:\/\/yoast.com\/wordpress\/plugins\/seo\/ -->\n<title>N\u00edzko b\u00edlkovinn\u00e1 mou\u010dn\u00e1 sm\u011bs APROMIX - Novalim<\/title>\n<meta name=\"robots\" content=\"index, follow, max-snippet:-1, max-image-preview:large, max-video-preview:-1\" \/>\n<link rel=\"canonical\" href=\"https:\/\/www.novalimglutenfree.com\/cs\/obchod\/muky-cs\/nizkobielkovinove-mucne-zmesi-apromix-cs\/nizkobielkovinova-mucna-zmes-apromix-4\/\" \/>\n<meta property=\"og:locale\" content=\"cs_CZ\" \/>\n<meta property=\"og:type\" content=\"article\" \/>\n<meta property=\"og:title\" content=\"N\u00edzko b\u00edlkovinn\u00e1 mou\u010dn\u00e1 sm\u011bs APROMIX - Novalim\" \/>\n<meta property=\"og:description\" content=\"APROMIX\u00ae \u2013 je registrovan\u00e1 ochrann\u00e1 zn\u00e1mka pro n\u00edzce b\u00edlkovinnou mou\u010dn\u00ed sm\u011bs. Obsah fenylalaninu je 16 mg\/100 g.\" \/>\n<meta property=\"og:url\" content=\"https:\/\/www.novalimglutenfree.com\/cs\/obchod\/muky-cs\/nizkobielkovinove-mucne-zmesi-apromix-cs\/nizkobielkovinova-mucna-zmes-apromix-4\/\" \/>\n<meta property=\"og:site_name\" content=\"Novalim\" \/>\n<meta property=\"article:modified_time\" content=\"2017-05-25T19:50:44+00:00\" \/>\n<meta property=\"og:image\" content=\"https:\/\/novalimglutenfree.com\/wp-content\/uploads\/2016\/05\/Apromix-1.jpg\" \/>\n\t<meta property=\"og:image:width\" content=\"413\" \/>\n\t<meta property=\"og:image:height\" content=\"618\" \/>\n<meta name=\"twitter:card\" content=\"summary\" \/>\n<script type=\"application\/ld+json\" class=\"yoast-schema-graph\">{\"@context\":\"https:\/\/schema.org\",\"@graph\":[{\"@type\":\"WebSite\",\"@id\":\"https:\/\/www.novalimglutenfree.com\/de\/#website\",\"url\":\"https:\/\/www.novalimglutenfree.com\/de\/\",\"name\":\"Novalim\",\"description\":\"Bezlepkov\\u00e9 potraviny, bezlepkov\\u00e9 recepty, celiakia, PKU\",\"potentialAction\":[{\"@type\":\"SearchAction\",\"target\":\"https:\/\/www.novalimglutenfree.com\/de\/?s={search_term_string}\",\"query-input\":\"required name=search_term_string\"}],\"inLanguage\":\"cs\"},{\"@type\":\"ImageObject\",\"@id\":\"https:\/\/www.novalimglutenfree.com\/cs\/obchod\/muky-cs\/nizkobielkovinove-mucne-zmesi-apromix-cs\/nizkobielkovinova-mucna-zmes-apromix-4\/#primaryimage\",\"inLanguage\":\"cs\",\"url\":\"https:\/\/novalimglutenfree.com\/wp-content\/uploads\/2016\/05\/Apromix-1.jpg\",\"width\":413,\"height\":618},{\"@type\":\"WebPage\",\"@id\":\"https:\/\/www.novalimglutenfree.com\/cs\/obchod\/muky-cs\/nizkobielkovinove-mucne-zmesi-apromix-cs\/nizkobielkovinova-mucna-zmes-apromix-4\/#webpage\",\"url\":\"https:\/\/www.novalimglutenfree.com\/cs\/obchod\/muky-cs\/nizkobielkovinove-mucne-zmesi-apromix-cs\/nizkobielkovinova-mucna-zmes-apromix-4\/\",\"name\":\"N\\u00edzko b\\u00edlkovinn\\u00e1 mou\\u010dn\\u00e1 sm\\u011bs APROMIX - Novalim\",\"isPartOf\":{\"@id\":\"https:\/\/www.novalimglutenfree.com\/de\/#website\"},\"primaryImageOfPage\":{\"@id\":\"https:\/\/www.novalimglutenfree.com\/cs\/obchod\/muky-cs\/nizkobielkovinove-mucne-zmesi-apromix-cs\/nizkobielkovinova-mucna-zmes-apromix-4\/#primaryimage\"},\"datePublished\":\"2016-05-06T07:41:00+00:00\",\"dateModified\":\"2017-05-25T19:50:44+00:00\",\"inLanguage\":\"cs\",\"potentialAction\":[{\"@type\":\"ReadAction\",\"target\":[\"https:\/\/www.novalimglutenfree.com\/cs\/obchod\/muky-cs\/nizkobielkovinove-mucne-zmesi-apromix-cs\/nizkobielkovinova-mucna-zmes-apromix-4\/\"]}]}]}<\/script>\n<!-- \/ Yoast SEO plugin. -->","_links":{"self":[{"href":"https:\/\/novalimglutenfree.com\/cs\/wp-json\/wp\/v2\/product\/6033"}],"collection":[{"href":"https:\/\/novalimglutenfree.com\/cs\/wp-json\/wp\/v2\/product"}],"about":[{"href":"https:\/\/novalimglutenfree.com\/cs\/wp-json\/wp\/v2\/types\/product"}],"replies":[{"embeddable":true,"href":"https:\/\/novalimglutenfree.com\/cs\/wp-json\/wp\/v2\/comments?post=6033"}],"version-history":[{"count":0,"href":"https:\/\/novalimglutenfree.com\/cs\/wp-json\/wp\/v2\/product\/6033\/revisions"}],"wp:featuredmedia":[{"embeddable":true,"href":"https:\/\/novalimglutenfree.com\/cs\/wp-json\/wp\/v2\/media\/857"}],"wp:attachment":[{"href":"https:\/\/novalimglutenfree.com\/cs\/wp-json\/wp\/v2\/media?parent=6033"}],"curies":[{"name":"wp","href":"https:\/\/api.w.org\/{rel}","templated":true}]}}