{"id":4594,"date":"2016-05-06T09:40:34","date_gmt":"2016-05-06T07:40:34","guid":{"rendered":"http:\/\/novalim.sk\/obchod\/uncategorized\/promix-pk-bezlepkova-moucna-smes-na-jemne-pecivo\/"},"modified":"2018-11-26T14:25:43","modified_gmt":"2018-11-26T12:25:43","slug":"promix-pk-bezlepkova-moucna-smes-na-jemne-pecivo","status":"publish","type":"product","link":"https:\/\/novalimglutenfree.com\/cs\/obchod\/muky-cs\/bezlepkove-mucne-zmesi-cs\/promix-pk-bezlepkova-moucna-smes-na-jemne-pecivo\/","title":{"rendered":"PROMIX-PK, bezlepkov\u00e1 mou\u010dn\u00e1 sm\u011bs na jemn\u00e9 pe\u010divo"},"content":{"rendered":"<p>PROMIX\u00ae-PK &#8211; bezlepkov\u00e1 mou\u010dn\u00e1 sm\u011bs vyrobena <strong>z p\u0159irozene bezlepkov\u00fdch<\/strong> a nep\u0161eni\u010dn\u00fdch surovin. Je ur\u010dena na p\u0159\u00edpravu bezlepkov\u00e9ho jemn\u00e9ho pe\u010diva, cukrov\u00ed i b\u011b\u017en\u00e9 kulin\u00e1\u0159sk\u00e9 pou\u017eit\u00ed &#8211; p\u0159\u00edpravu ji\u0161ky a zahus\u0165ov\u00e1n\u00ed pokrm\u00fa.<\/p>\n<p><strong>N\u00e1vod na p\u0159\u00edpravu pi\u0161k\u00f3tov\u00e9 rol\u00e1dy:<\/strong> Na 1 rol\u00e1du pot\u0159ebujeme 120 g PROMIX-PK, 120 g pr\u00e1\u0161kov\u00e9ho cukru, 4 cel\u00e1 vejce. \u017dloutky dobr\u011b vym\u00edch\u00e1me s cukrem, postupn\u011b p\u0159id\u00e1me za opatrn\u00e9ho m\u00edch\u00e1n\u00ed 1\/2 vy\u0161lehan\u00e9ho b\u00edlkov\u00e9ho sn\u011bhu, PROMIX-PK a nakonec druhou p\u016flku b\u00edlkov\u00e9ho s\u0148ehu. Hotovou hmotu nalijeme na vyma\u0161ten\u00fd a Promixem vysypan\u00fd plech (anebo podlo\u017e\u00edme pe\u010dn\u00fd pap\u00edr) a pe\u010deme asi 10 minut p\u0159i 220\u02daC. Po vychladnut\u00ed pl\u00e1t napln\u00edme kr\u00e9mem, d\u017eemem a p., zrolujeme a posypeme vanilkov\u00fdm cukrem.<\/p>\n<p><strong>N\u00e1vod na p\u0159\u00edpravu knedl\u00ed\u010dek:<\/strong> 50 g PROMIX-PK vym\u00edch\u00e1me s 1 vejcem a 1 \u010dajovou l\u017ei\u010dkou s\u00e1dla na hladk\u00e9 t\u011bsto. Naolejovanou l\u017ei\u010dkou vykrajujeme z t\u011bsta mal\u00e9 knedli\u010dky, kter\u00e9 va\u0159\u00edme v osolen\u00e9 vode asi 1 minutu a\u017e se zvednou k povrchu.<\/p>\n<p><strong>Informace o v\u00fdrobku:<\/strong><\/p>\n<p>Slo\u017een\u00ed: bramborov\u00fd \u0161krob, kukuri\u010dn\u00fd \u0161krob, bramborov\u00e1 mouka, <strong>su\u0161en\u00e1 syrov\u00e1tka<\/strong>, <strong>s\u00f3jov\u00e1 mouka<\/strong>, cukr, zahu\u0161\u0165ovadlo: guarov\u00e1 mouka, emulg\u00e1tor: mono a diglyceridy nenasycen\u00fdch mastn\u00fdch kyselin.<\/p>\n<p>100 g v\u00fdrobku pr\u016fm\u011brn\u011b obsahuje:<br \/>\n<strong>Energetick\u00e1 hodnota:<\/strong> 1513 kJ, 357 kcal; <strong>Tuky:<\/strong> 0,9 g z toho 0,03 g nasycen\u00e9 mastn\u00e9 kyseliny;<strong> Sacharidy:<\/strong> 81,3 g z toho 0,1 g cukry; <strong>Vl\u00e1knina:<\/strong> 4,8 g;<strong> B\u00edlkoviny:<\/strong> 3,5 g; <strong>S\u016fl:<\/strong> 0,02 g;<\/p>\n<p>Balen\u00ed: 1 kg<\/p>\n","protected":false},"excerpt":{"rendered":"<p>PROMIX\u00ae-PK \u2013 bezlepkov\u00e1 mou\u010dn\u00e1 sm\u011bs vyrobena<strong> z p\u0159irozene bezlepkov\u00fdch<\/strong> a nep\u0161eni\u010dn\u00fdch surovin. Je ur\u010dena na p\u0159\u00edpravu bezlepkov\u00e9ho jemn\u00e9ho pe\u010diva, cukrov\u00ed i b\u011b\u017en\u00e9 kulin\u00e1\u0159sk\u00e9 pou\u017eit\u00ed &#8211; p\u0159\u00edpravu ji\u0161ky a zahus\u0165ov\u00e1n\u00ed pokrm\u00fa.<br \/>\n(gluten &lt; 20mg\/kg)<\/p>\n<p>*RECEPT &#8211; <a href=\"http:\/\/novalimglutenfree.com\/cs\/bezlepkova-rolada-s-cuketou-a-vonavym-korenim\/\">Rol\u00e1da s cuketou<\/a>, nebo <a href=\"http:\/\/novalimglutenfree.com\/cs\/cokoladovo-kavovy-metrovy-kolac-bez-lepku\/\">\u010cokol\u00e1dov\u011b-k\u00e1vov\u00fd metrov\u00fd kol\u00e1\u010d<\/a> aneb <a href=\"http:\/\/novalimglutenfree.com\/cs\/pohankova-rolada-s-gastanovou-plnkou-bez-lepku\/\">Poh\u00e1nkov\u00e1 rol\u00e1da<\/a><\/p>\n","protected":false},"featured_media":1021,"comment_status":"closed","ping_status":"closed","template":"","meta":[],"yoast_head":"<!-- This site is optimized with the Yoast SEO plugin v15.7 - https:\/\/yoast.com\/wordpress\/plugins\/seo\/ -->\n<title>PROMIX-PK, bezlepkov\u00e1 mou\u010dn\u00e1 sm\u011bs na jemn\u00e9 pe\u010divo - Novalim<\/title>\n<meta name=\"robots\" content=\"index, follow, max-snippet:-1, max-image-preview:large, max-video-preview:-1\" \/>\n<link rel=\"canonical\" href=\"https:\/\/www.novalimglutenfree.com\/cs\/obchod\/muky-cs\/bezlepkove-mucne-zmesi-cs\/promix-pk-bezlepkova-moucna-smes-na-jemne-pecivo\/\" \/>\n<meta property=\"og:locale\" content=\"cs_CZ\" \/>\n<meta property=\"og:type\" content=\"article\" \/>\n<meta property=\"og:title\" content=\"PROMIX-PK, bezlepkov\u00e1 mou\u010dn\u00e1 sm\u011bs na jemn\u00e9 pe\u010divo - Novalim\" \/>\n<meta property=\"og:description\" content=\"PROMIX\u00ae-PK \u2013 bezlepkov\u00e1 mou\u010dn\u00e1 sm\u011bs vyrobena z p\u0159irozene bezlepkov\u00fdch a nep\u0161eni\u010dn\u00fdch surovin. Je ur\u010dena na p\u0159\u00edpravu bezlepkov\u00e9ho jemn\u00e9ho pe\u010diva, cukrov\u00ed i b\u011b\u017en\u00e9 kulin\u00e1\u0159sk\u00e9 pou\u017eit\u00ed - p\u0159\u00edpravu ji\u0161ky a zahus\u0165ov\u00e1n\u00ed pokrm\u00fa. (gluten &lt; 20mg\/kg)  *RECEPT - Rol\u00e1da s cuketou, nebo \u010cokol\u00e1dov\u011b-k\u00e1vov\u00fd metrov\u00fd kol\u00e1\u010d aneb Poh\u00e1nkov\u00e1 rol\u00e1da\" \/>\n<meta property=\"og:url\" content=\"https:\/\/www.novalimglutenfree.com\/cs\/obchod\/muky-cs\/bezlepkove-mucne-zmesi-cs\/promix-pk-bezlepkova-moucna-smes-na-jemne-pecivo\/\" \/>\n<meta property=\"og:site_name\" content=\"Novalim\" \/>\n<meta property=\"article:modified_time\" content=\"2018-11-26T12:25:43+00:00\" \/>\n<meta property=\"og:image\" content=\"https:\/\/novalimglutenfree.com\/wp-content\/uploads\/2016\/05\/Promix_PK.jpg\" \/>\n\t<meta property=\"og:image:width\" content=\"413\" \/>\n\t<meta property=\"og:image:height\" content=\"618\" \/>\n<meta name=\"twitter:card\" content=\"summary\" \/>\n<meta name=\"twitter:label1\" content=\"Odhadovan\u00e1 doba \u010dten\u00ed\">\n\t<meta name=\"twitter:data1\" content=\"1 minuta\">\n<script type=\"application\/ld+json\" class=\"yoast-schema-graph\">{\"@context\":\"https:\/\/schema.org\",\"@graph\":[{\"@type\":\"WebSite\",\"@id\":\"https:\/\/www.novalimglutenfree.com\/de\/#website\",\"url\":\"https:\/\/www.novalimglutenfree.com\/de\/\",\"name\":\"Novalim\",\"description\":\"Bezlepkov\\u00e9 potraviny, bezlepkov\\u00e9 recepty, celiakia, PKU\",\"potentialAction\":[{\"@type\":\"SearchAction\",\"target\":\"https:\/\/www.novalimglutenfree.com\/de\/?s={search_term_string}\",\"query-input\":\"required name=search_term_string\"}],\"inLanguage\":\"cs\"},{\"@type\":\"ImageObject\",\"@id\":\"https:\/\/www.novalimglutenfree.com\/cs\/obchod\/muky-cs\/bezlepkove-mucne-zmesi-cs\/promix-pk-bezlepkova-moucna-smes-na-jemne-pecivo\/#primaryimage\",\"inLanguage\":\"cs\",\"url\":\"https:\/\/novalimglutenfree.com\/wp-content\/uploads\/2016\/05\/Promix_PK.jpg\",\"width\":413,\"height\":618},{\"@type\":\"WebPage\",\"@id\":\"https:\/\/www.novalimglutenfree.com\/cs\/obchod\/muky-cs\/bezlepkove-mucne-zmesi-cs\/promix-pk-bezlepkova-moucna-smes-na-jemne-pecivo\/#webpage\",\"url\":\"https:\/\/www.novalimglutenfree.com\/cs\/obchod\/muky-cs\/bezlepkove-mucne-zmesi-cs\/promix-pk-bezlepkova-moucna-smes-na-jemne-pecivo\/\",\"name\":\"PROMIX-PK, bezlepkov\\u00e1 mou\\u010dn\\u00e1 sm\\u011bs na jemn\\u00e9 pe\\u010divo - Novalim\",\"isPartOf\":{\"@id\":\"https:\/\/www.novalimglutenfree.com\/de\/#website\"},\"primaryImageOfPage\":{\"@id\":\"https:\/\/www.novalimglutenfree.com\/cs\/obchod\/muky-cs\/bezlepkove-mucne-zmesi-cs\/promix-pk-bezlepkova-moucna-smes-na-jemne-pecivo\/#primaryimage\"},\"datePublished\":\"2016-05-06T07:40:34+00:00\",\"dateModified\":\"2018-11-26T12:25:43+00:00\",\"inLanguage\":\"cs\",\"potentialAction\":[{\"@type\":\"ReadAction\",\"target\":[\"https:\/\/www.novalimglutenfree.com\/cs\/obchod\/muky-cs\/bezlepkove-mucne-zmesi-cs\/promix-pk-bezlepkova-moucna-smes-na-jemne-pecivo\/\"]}]}]}<\/script>\n<!-- \/ Yoast SEO plugin. -->","_links":{"self":[{"href":"https:\/\/novalimglutenfree.com\/cs\/wp-json\/wp\/v2\/product\/4594"}],"collection":[{"href":"https:\/\/novalimglutenfree.com\/cs\/wp-json\/wp\/v2\/product"}],"about":[{"href":"https:\/\/novalimglutenfree.com\/cs\/wp-json\/wp\/v2\/types\/product"}],"replies":[{"embeddable":true,"href":"https:\/\/novalimglutenfree.com\/cs\/wp-json\/wp\/v2\/comments?post=4594"}],"version-history":[{"count":1,"href":"https:\/\/novalimglutenfree.com\/cs\/wp-json\/wp\/v2\/product\/4594\/revisions"}],"predecessor-version":[{"id":9862,"href":"https:\/\/novalimglutenfree.com\/cs\/wp-json\/wp\/v2\/product\/4594\/revisions\/9862"}],"wp:featuredmedia":[{"embeddable":true,"href":"https:\/\/novalimglutenfree.com\/cs\/wp-json\/wp\/v2\/media\/1021"}],"wp:attachment":[{"href":"https:\/\/novalimglutenfree.com\/cs\/wp-json\/wp\/v2\/media?parent=4594"}],"curies":[{"name":"wp","href":"https:\/\/api.w.org\/{rel}","templated":true}]}}