{"id":4593,"date":"2016-05-06T09:40:34","date_gmt":"2016-05-06T07:40:34","guid":{"rendered":"http:\/\/novalim.sk\/obchod\/uncategorized\/promix-uni-univerzalni-bezlepkova-mouka\/"},"modified":"2018-11-26T14:23:17","modified_gmt":"2018-11-26T12:23:17","slug":"promix-uni-univerzalni-bezlepkova-mouka","status":"publish","type":"product","link":"https:\/\/novalimglutenfree.com\/cs\/obchod\/muky-cs\/bezlepkove-mucne-zmesi-cs\/promix-uni-univerzalni-bezlepkova-mouka\/","title":{"rendered":"PROMIX-UNI, univerz\u00e1ln\u00ed bezlepkov\u00e1 mouka"},"content":{"rendered":"<p>PROMIX\u00ae-UNI &#8211; mou\u010dn\u00e1 sm\u011bs vhodn\u00e1 na p\u0159\u00edpravu chleba, pe\u010diva, jemn\u00e9ho pe\u010diva, z\u00e1kusk\u016f jako i na b\u011b\u017en\u00e9 pou\u017eit\u00ed v kuchyni- z\u00e1sma\u017eka, zahu\u0161\u0165ov\u00e1n\u00ed, be\u0161amel ap. Je vyrobena <strong>z p\u0159irozen\u011b bezlepkov\u00fdch<\/strong> a nep\u0161eni\u010dn\u00fdch surovin.<\/p>\n<p><strong>N\u00e1vod na p\u0159\u00edpravu chleba: <\/strong>15 g \u010derstv\u00e9ho dro\u017ed\u00ed rozpust\u00edme v 4 dl tepl\u00e9 vody, p\u0159id\u00e1me l\u017ei\u010dku soli (7 g), plnou l\u017ei\u010dku cukru (10 g) a l\u017ei\u010dku octa nebo citronov\u00e9 \u0161\u0165\u00e1vy. Dob\u0159e prom\u00edchame a p\u0159id\u00e1me 400 g mouky PROMIX-UNI. Kr\u00e1tce zam\u00edchame a nakonec p\u0159id\u00e1me 1 l\u017e\u00edci oleje nebo 30 g tuku. Elektrick\u00fdm \u0161leha\u010dem nebo va\u0159e\u010dkou m\u00edchame asi 10 minut a\u017e se vytvo\u0159\u00ed hladk\u00e9 t\u011bsto. Vlo\u017e\u00edme do formy a nech\u00e1me kynout 30-40 minut na tepl\u00e9m m\u00edst\u011b a\u017e se zdvojnasob\u00ed objem. Pe\u010deme v p\u0159edeh\u0159\u00e1t\u00e9 troub\u011b 40 minut p\u0159i 220\u00b0C.<\/p>\n<p><strong>Automatick\u00e1 pek\u00e1rna: <\/strong>Do pe\u010d\u00edc\u00ed n\u00e1doby d\u00e1me 4 dl tepl\u00e9 vody, do kter\u00e9 p\u0159id\u00e1me cukr, s\u016fl, ocet a olej. Bez m\u00edchan\u00ed opatrn\u011b vsypeme 400 g mouky PROMIX-UNI a nakonec 7 g su\u0161en\u00e9ho dro\u017ed\u00ed. Nastav\u00edme 2-hodinov\u00fd bezlepkov\u00fd program (tmav\u00e1 k\u016frka &#8211; Dark Crust).<\/p>\n<p><strong>Informace o v\u00fdrobku:<\/strong><br \/>\nSlo\u017een\u00ed:kuku\u0159i\u010dn\u00fd \u0161krob, bramborov\u00fd \u0161krob, r\u00fd\u017eov\u00e1 mouka, <strong>s\u00f3jov\u00e1 mouka<\/strong>, zahu\u0161\u0165ovadlo: guarov\u00e1 mouka a karboxymethylcelul\u00f3za; emulg\u00e1tor: mono a diglyceridy nenasycen\u00fdch mastn\u00fdch kyselin.<\/p>\n<p>100 g v\u00fdrobku pr\u016fm\u011brn\u011b obsahuje:<br \/>\n<strong>Energetick\u00e1 hodnota:<\/strong> 1576 kJ, 372 kcal; <strong>Tuky:<\/strong> 1,6 g z toho 0,13 g nasycen\u00e9 mastn\u00e9 kyseliny; <strong>Sacharidy:<\/strong> 84,8 g z toho 0,25 g cukry; <strong>Vl\u00e1knina:<\/strong> 3,0 g; <strong>B\u00edlkoviny:<\/strong> 3,1 g; <strong>S\u016fl:<\/strong> 0,02 g;<\/p>\n<p>Balen\u00ed: 1 kg<\/p>\n","protected":false},"excerpt":{"rendered":"<p>PROMIX\u00ae-UNI \u2013 univerz\u00e1ln\u00ed bezlepkov\u00e1 mouka vhodn\u00e1 pro t\u00e9m\u011b\u0159 v\u0161echny bezlepkov\u00e9 diety \u2013 neobsahuje ml\u00e9\u010dn\u00e9 b\u00edlkoviny, lakt\u00f3zu, s\u016fl ani \u0159epn\u00fd cukr. Je vhodn\u00e1 na pe\u010den\u00ed ve form\u011b i bez formy \u2013 na chl\u00e9b i pe\u010divo. Je ur\u010dena na p\u0159\u00edpravu chleba, pe\u010diva, jemn\u00e9ho pe\u010diva, z\u00e1kusk\u016f jako i na b\u011b\u017en\u00e9 pou\u017eit\u00ed v kuchyni- z\u00e1sma\u017eka, zahu\u0161\u0165ov\u00e1n\u00ed, be\u0161amel ap.<\/p>\n<p>Potravina speci\u00e1ln\u011b p\u0159ipravena pro osoby s nesn\u00e1\u0161enlivost\u00ed lepku. Vyrobena<strong> z p\u0159irozen\u011b bezlepkov\u00fdch<\/strong> a bezp\u0161eni\u010dn\u00fdch surovin. (gluten &lt; 20mg\/kg)<br \/>\n*RECEPT &#8211; <a href=\"http:\/\/novalimglutenfree.com\/cs\/bezlepkove-lokse\/\">Bezlepkov\u00e9 lok\u0161e<\/a> nebo <a href=\"http:\/\/novalimglutenfree.com\/cs\/velkonocne-linecke-margaretky\/\">Lineck\u00e9 margar\u00e9tky<\/a><\/p>\n","protected":false},"featured_media":1029,"comment_status":"closed","ping_status":"closed","template":"","meta":[],"yoast_head":"<!-- This site is optimized with the Yoast SEO plugin v15.7 - https:\/\/yoast.com\/wordpress\/plugins\/seo\/ -->\n<title>PROMIX-UNI, univerz\u00e1ln\u00ed bezlepkov\u00e1 mouka - Novalim<\/title>\n<meta name=\"robots\" content=\"index, follow, max-snippet:-1, max-image-preview:large, max-video-preview:-1\" \/>\n<link rel=\"canonical\" href=\"https:\/\/novalimglutenfree.com\/cs\/obchod\/muky-cs\/bezlepkove-mucne-zmesi-cs\/promix-uni-univerzalni-bezlepkova-mouka\/\" \/>\n<meta property=\"og:locale\" content=\"cs_CZ\" \/>\n<meta property=\"og:type\" content=\"article\" \/>\n<meta property=\"og:title\" content=\"PROMIX-UNI, univerz\u00e1ln\u00ed bezlepkov\u00e1 mouka - Novalim\" \/>\n<meta property=\"og:description\" content=\"PROMIX\u00ae-UNI \u2013 univerz\u00e1ln\u00ed bezlepkov\u00e1 mouka vhodn\u00e1 pro t\u00e9m\u011b\u0159 v\u0161echny bezlepkov\u00e9 diety \u2013 neobsahuje ml\u00e9\u010dn\u00e9 b\u00edlkoviny, lakt\u00f3zu, s\u016fl ani \u0159epn\u00fd cukr. Je vhodn\u00e1 na pe\u010den\u00ed ve form\u011b i bez formy \u2013 na chl\u00e9b i pe\u010divo. Je ur\u010dena na p\u0159\u00edpravu chleba, pe\u010diva, jemn\u00e9ho pe\u010diva, z\u00e1kusk\u016f jako i na b\u011b\u017en\u00e9 pou\u017eit\u00ed v kuchyni- z\u00e1sma\u017eka, zahu\u0161\u0165ov\u00e1n\u00ed, be\u0161amel ap.  Potravina speci\u00e1ln\u011b p\u0159ipravena pro osoby s nesn\u00e1\u0161enlivost\u00ed lepku. Vyrobena z p\u0159irozen\u011b bezlepkov\u00fdch a bezp\u0161eni\u010dn\u00fdch surovin. (gluten &lt; 20mg\/kg) *RECEPT - Bezlepkov\u00e9 lok\u0161e nebo Lineck\u00e9 margar\u00e9tky\" \/>\n<meta property=\"og:url\" content=\"https:\/\/novalimglutenfree.com\/cs\/obchod\/muky-cs\/bezlepkove-mucne-zmesi-cs\/promix-uni-univerzalni-bezlepkova-mouka\/\" \/>\n<meta property=\"og:site_name\" content=\"Novalim\" \/>\n<meta property=\"article:modified_time\" content=\"2018-11-26T12:23:17+00:00\" \/>\n<meta property=\"og:image\" content=\"https:\/\/novalimglutenfree.com\/wp-content\/uploads\/2016\/05\/Promix_Uni.jpg\" \/>\n\t<meta property=\"og:image:width\" content=\"413\" \/>\n\t<meta property=\"og:image:height\" content=\"618\" \/>\n<meta name=\"twitter:card\" content=\"summary\" \/>\n<meta name=\"twitter:label1\" content=\"Odhadovan\u00e1 doba \u010dten\u00ed\">\n\t<meta name=\"twitter:data1\" content=\"1 minuta\">\n<script type=\"application\/ld+json\" class=\"yoast-schema-graph\">{\"@context\":\"https:\/\/schema.org\",\"@graph\":[{\"@type\":\"WebSite\",\"@id\":\"https:\/\/www.novalimglutenfree.com\/de\/#website\",\"url\":\"https:\/\/www.novalimglutenfree.com\/de\/\",\"name\":\"Novalim\",\"description\":\"Bezlepkov\\u00e9 potraviny, bezlepkov\\u00e9 recepty, celiakia, PKU\",\"potentialAction\":[{\"@type\":\"SearchAction\",\"target\":\"https:\/\/www.novalimglutenfree.com\/de\/?s={search_term_string}\",\"query-input\":\"required name=search_term_string\"}],\"inLanguage\":\"cs\"},{\"@type\":\"ImageObject\",\"@id\":\"https:\/\/novalimglutenfree.com\/cs\/obchod\/muky-cs\/bezlepkove-mucne-zmesi-cs\/promix-uni-univerzalni-bezlepkova-mouka\/#primaryimage\",\"inLanguage\":\"cs\",\"url\":\"https:\/\/novalimglutenfree.com\/wp-content\/uploads\/2016\/05\/Promix_Uni.jpg\",\"width\":413,\"height\":618},{\"@type\":\"WebPage\",\"@id\":\"https:\/\/novalimglutenfree.com\/cs\/obchod\/muky-cs\/bezlepkove-mucne-zmesi-cs\/promix-uni-univerzalni-bezlepkova-mouka\/#webpage\",\"url\":\"https:\/\/novalimglutenfree.com\/cs\/obchod\/muky-cs\/bezlepkove-mucne-zmesi-cs\/promix-uni-univerzalni-bezlepkova-mouka\/\",\"name\":\"PROMIX-UNI, univerz\\u00e1ln\\u00ed bezlepkov\\u00e1 mouka - Novalim\",\"isPartOf\":{\"@id\":\"https:\/\/www.novalimglutenfree.com\/de\/#website\"},\"primaryImageOfPage\":{\"@id\":\"https:\/\/novalimglutenfree.com\/cs\/obchod\/muky-cs\/bezlepkove-mucne-zmesi-cs\/promix-uni-univerzalni-bezlepkova-mouka\/#primaryimage\"},\"datePublished\":\"2016-05-06T07:40:34+00:00\",\"dateModified\":\"2018-11-26T12:23:17+00:00\",\"inLanguage\":\"cs\",\"potentialAction\":[{\"@type\":\"ReadAction\",\"target\":[\"https:\/\/novalimglutenfree.com\/cs\/obchod\/muky-cs\/bezlepkove-mucne-zmesi-cs\/promix-uni-univerzalni-bezlepkova-mouka\/\"]}]}]}<\/script>\n<!-- \/ Yoast SEO plugin. -->","_links":{"self":[{"href":"https:\/\/novalimglutenfree.com\/cs\/wp-json\/wp\/v2\/product\/4593"}],"collection":[{"href":"https:\/\/novalimglutenfree.com\/cs\/wp-json\/wp\/v2\/product"}],"about":[{"href":"https:\/\/novalimglutenfree.com\/cs\/wp-json\/wp\/v2\/types\/product"}],"replies":[{"embeddable":true,"href":"https:\/\/novalimglutenfree.com\/cs\/wp-json\/wp\/v2\/comments?post=4593"}],"version-history":[{"count":1,"href":"https:\/\/novalimglutenfree.com\/cs\/wp-json\/wp\/v2\/product\/4593\/revisions"}],"predecessor-version":[{"id":9861,"href":"https:\/\/novalimglutenfree.com\/cs\/wp-json\/wp\/v2\/product\/4593\/revisions\/9861"}],"wp:featuredmedia":[{"embeddable":true,"href":"https:\/\/novalimglutenfree.com\/cs\/wp-json\/wp\/v2\/media\/1029"}],"wp:attachment":[{"href":"https:\/\/novalimglutenfree.com\/cs\/wp-json\/wp\/v2\/media?parent=4593"}],"curies":[{"name":"wp","href":"https:\/\/api.w.org\/{rel}","templated":true}]}}