{"id":4591,"date":"2016-05-06T09:41:13","date_gmt":"2016-05-06T07:41:13","guid":{"rendered":"http:\/\/novalim.sk\/obchod\/uncategorized\/promix-alfa-univerzalni-mineralizovana-bezlepkova-mouka\/"},"modified":"2019-09-18T10:27:09","modified_gmt":"2019-09-18T08:27:09","slug":"promix-alfa-univerzalni-mineralizovana-bezlepkova-mouka","status":"publish","type":"product","link":"https:\/\/novalimglutenfree.com\/cs\/obchod\/muky-cs\/bezlepkove-mucne-zmesi-cs\/promix-alfa-univerzalni-mineralizovana-bezlepkova-mouka\/","title":{"rendered":"PROMIX Alfa &#8211; univerz\u00e1ln\u00ed mineralizovan\u00e1 mou\u010dn\u00e1 sm\u011bs bez lepku"},"content":{"rendered":"<p>PROMIX ALFA je v\u0161estrann\u00e1 sm\u011bs bez lepku, vhodn\u00e1 pro p\u0159\u00edpravu pek\u00e1rensk\u00fdch a cukr\u00e1\u0159sk\u00fdch v\u00fdrobk\u016f. Zvl\u00e1\u0161t\u011b vhodn\u00e1 pro p\u0159\u00edpravu pa\u0159en\u00fdch knedl\u00edk\u016f a buchet, z\u00e1vin\u016f, pizzy a drobn\u00e9ho slan\u00e9ho a sladk\u00e9ho pe\u010diva.<\/p>\n<p><strong>Z\u00e1kladn\u00ed receptura:<\/strong><br \/>\n500 g Promix Alfa, 20 g cukr, 10 g s\u016fl, 20 g dro\u017ed\u00ed, 1 PL olej (30 g tuk), 4,5 dl voda, (1 \u010cL jable\u010dn\u00fd ocet)<br \/>\n<strong>Postup:<\/strong><br \/>\nDro\u017ed\u00ed a cukr rozpust\u00edme v \u00bd dl vla\u017en\u00e9 vody (30 \u00b0C), b\u011bhem 10 minut se vytvo\u0159\u00ed kv\u00e1sek. Do mouky p\u0159id\u00e1me zbytek vody se sol\u00ed, kv\u00e1sek, kr\u00e1tce zam\u00edch\u00e1me, p\u0159id\u00e1me olej (tuk). M\u00edch\u00e1me hn\u011bta\u010dem asi 10 minut, a\u017e je t\u011bsto homogenn\u00ed a nech\u00e1me odpo\u010dinout 5 minut. Pak t\u011bsto p\u0159em\u00edst\u00edme do formy anebo vytvarujeme pe\u010divo, knedl\u00edk, z\u00e1vin a pod. Nech\u00e1me kynout asi 40 minut na tepl\u00e9m m\u00edst\u011b. Pe\u010deme p\u0159i 200\u00b0C \u2013 chl\u00e9b asi 40 minut, pe\u010divo 15-20 minut. Knedl\u00edk pa\u0159\u00edme 30 minut.<\/p>\n<p><strong>Informace o v\u00fdrobku:<\/strong><\/p>\n<p>Slo\u017een\u00ed: kuku\u0159i\u010dn\u00fd \u0161krob, bramborov\u00fd \u0161krob, r\u00fd\u017eov\u00e1 mouka, <strong>s\u00f3jov\u00e1 mouka<\/strong>, hrachov\u00e1 b\u00edlkovina, zahu\u0161\u0165ovadl\u00e1: guarov\u00e1 mouka a hydroxypropylmetylcelul\u00f3za, rostlinn\u00e1 vl\u00e1knina psyllium, emulg\u00e1tor: stearoyl-2-laktyl\u00e1t sodn\u00fd, miner\u00e1ln\u00ed komplex z mo\u0159sk\u00fdch \u0159as Aquamin.<\/p>\n<p>100 g v\u00fdrobku pr\u016fm\u011brn\u011b obsahuje:<br \/>\n<strong>Energetick\u00e1 hodnota:<\/strong>1601 kJ, 378 kcal; <strong>Tuky:<\/strong> 3,6 g z toho 1,6 g nasycen\u00e9 mastn\u00e9 kyseliny; <strong>Sacharidy:<\/strong> 81,8 g z toho 0,3 g cukry; <strong>Vl\u00e1knina:<\/strong> 3,0 g; <strong>B\u00edlkoviny:<\/strong> 3,1 g; <strong>S\u016fl:<\/strong> 0,02 g; <strong>V\u00e1pn\u00edk:<\/strong> 180 mg;<strong> Ho\u0159\u010d\u00edk:<\/strong> 12 mg;<\/p>\n<p>Balen\u00ed: 500 g<\/p>\n","protected":false},"excerpt":{"rendered":"<p>PROMIX Alfa &#8211; univerz\u00e1ln\u00ed mineralizovan\u00e1 mou\u010dn\u00e1 sm\u011bs bez lepku vhodn\u00e1 pro p\u0159\u00edpravu peka\u0159sk\u00fdch a cukr\u00e1\u0159sk\u00fdch v\u00fdrobk\u016f (chl\u00e9b, pe\u010divo). Zvl\u00e1\u0161\u0165 vhodn\u00e1 na p\u0159\u00edpravu kynut\u00fdch knedl\u00edk\u016f a buchet, z\u00e1vin\u016f, pizzy a drobn\u00e9ho slan\u00e9ho a sladk\u00e9ho pe\u010diva.<\/p>\n<p>Potravina speci\u00e1ln\u011b p\u0159ipravena pro osoby s nesn\u00e1\u0161enlivost\u00ed lepku. Vyrobena <strong>z p\u0159irozen\u011b bezlepkov\u00fdch<\/strong> a bezp\u0161eni\u010dn\u00fdch surovin. (gluten &lt; 20mg\/kg)<\/p>\n<p>*RECEPT &#8211; <a href=\"http:\/\/novalimglutenfree.com\/cs\/bezlepkova-vanocka-s-tvarohem\/\">Bezlepkov\u00e1 v\u00e1no\u010dka s tvarohem<\/a> nebo <a href=\"http:\/\/novalimglutenfree.com\/cs\/bezlepkovy-toastovy-chleb\/\">Toastov\u00fd chl\u00e9b<\/a><\/p>\n","protected":false},"featured_media":1017,"comment_status":"closed","ping_status":"closed","template":"","meta":[],"yoast_head":"<!-- This site is optimized with the Yoast SEO plugin v15.7 - https:\/\/yoast.com\/wordpress\/plugins\/seo\/ -->\n<title>PROMIX Alfa - univerz\u00e1ln\u00ed mineralizovan\u00e1 mou\u010dn\u00e1 sm\u011bs bez lepku - Novalim<\/title>\n<meta name=\"robots\" content=\"index, follow, max-snippet:-1, max-image-preview:large, max-video-preview:-1\" \/>\n<link rel=\"canonical\" href=\"https:\/\/www.novalimglutenfree.com\/cs\/obchod\/muky-cs\/bezlepkove-mucne-zmesi-cs\/promix-alfa-univerzalni-mineralizovana-bezlepkova-mouka\/\" \/>\n<meta property=\"og:locale\" content=\"cs_CZ\" \/>\n<meta property=\"og:type\" content=\"article\" \/>\n<meta property=\"og:title\" content=\"PROMIX Alfa - univerz\u00e1ln\u00ed mineralizovan\u00e1 mou\u010dn\u00e1 sm\u011bs bez lepku - Novalim\" \/>\n<meta property=\"og:description\" content=\"PROMIX Alfa - univerz\u00e1ln\u00ed mineralizovan\u00e1 mou\u010dn\u00e1 sm\u011bs bez lepku vhodn\u00e1 pro p\u0159\u00edpravu peka\u0159sk\u00fdch a cukr\u00e1\u0159sk\u00fdch v\u00fdrobk\u016f (chl\u00e9b, pe\u010divo). Zvl\u00e1\u0161\u0165 vhodn\u00e1 na p\u0159\u00edpravu kynut\u00fdch knedl\u00edk\u016f a buchet, z\u00e1vin\u016f, pizzy a drobn\u00e9ho slan\u00e9ho a sladk\u00e9ho pe\u010diva.  Potravina speci\u00e1ln\u011b p\u0159ipravena pro osoby s nesn\u00e1\u0161enlivost\u00ed lepku. Vyrobena z p\u0159irozen\u011b bezlepkov\u00fdch a bezp\u0161eni\u010dn\u00fdch surovin. (gluten &lt; 20mg\/kg)  *RECEPT - Bezlepkov\u00e1 v\u00e1no\u010dka s tvarohem nebo Toastov\u00fd chl\u00e9b\" \/>\n<meta property=\"og:url\" content=\"https:\/\/www.novalimglutenfree.com\/cs\/obchod\/muky-cs\/bezlepkove-mucne-zmesi-cs\/promix-alfa-univerzalni-mineralizovana-bezlepkova-mouka\/\" \/>\n<meta property=\"og:site_name\" content=\"Novalim\" \/>\n<meta property=\"article:modified_time\" content=\"2019-09-18T08:27:09+00:00\" \/>\n<meta property=\"og:image\" content=\"https:\/\/novalimglutenfree.com\/wp-content\/uploads\/2016\/05\/Promix_Alfa.jpg\" \/>\n\t<meta property=\"og:image:width\" content=\"413\" \/>\n\t<meta property=\"og:image:height\" content=\"618\" \/>\n<meta name=\"twitter:card\" content=\"summary\" \/>\n<meta name=\"twitter:label1\" content=\"Odhadovan\u00e1 doba \u010dten\u00ed\">\n\t<meta name=\"twitter:data1\" content=\"1 minuta\">\n<script type=\"application\/ld+json\" class=\"yoast-schema-graph\">{\"@context\":\"https:\/\/schema.org\",\"@graph\":[{\"@type\":\"WebSite\",\"@id\":\"https:\/\/novalimglutenfree.com\/en\/#website\",\"url\":\"https:\/\/novalimglutenfree.com\/en\/\",\"name\":\"Novalim\",\"description\":\"Bezlepkov\\u00e9 potraviny, bezlepkov\\u00e9 recepty, celiakia, PKU\",\"potentialAction\":[{\"@type\":\"SearchAction\",\"target\":\"https:\/\/novalimglutenfree.com\/en\/?s={search_term_string}\",\"query-input\":\"required name=search_term_string\"}],\"inLanguage\":\"cs\"},{\"@type\":\"ImageObject\",\"@id\":\"https:\/\/www.novalimglutenfree.com\/cs\/obchod\/muky-cs\/bezlepkove-mucne-zmesi-cs\/promix-alfa-univerzalni-mineralizovana-bezlepkova-mouka\/#primaryimage\",\"inLanguage\":\"cs\",\"url\":\"https:\/\/novalimglutenfree.com\/wp-content\/uploads\/2016\/05\/Promix_Alfa.jpg\",\"width\":413,\"height\":618},{\"@type\":\"WebPage\",\"@id\":\"https:\/\/www.novalimglutenfree.com\/cs\/obchod\/muky-cs\/bezlepkove-mucne-zmesi-cs\/promix-alfa-univerzalni-mineralizovana-bezlepkova-mouka\/#webpage\",\"url\":\"https:\/\/www.novalimglutenfree.com\/cs\/obchod\/muky-cs\/bezlepkove-mucne-zmesi-cs\/promix-alfa-univerzalni-mineralizovana-bezlepkova-mouka\/\",\"name\":\"PROMIX Alfa - univerz\\u00e1ln\\u00ed mineralizovan\\u00e1 mou\\u010dn\\u00e1 sm\\u011bs bez lepku - Novalim\",\"isPartOf\":{\"@id\":\"https:\/\/novalimglutenfree.com\/en\/#website\"},\"primaryImageOfPage\":{\"@id\":\"https:\/\/www.novalimglutenfree.com\/cs\/obchod\/muky-cs\/bezlepkove-mucne-zmesi-cs\/promix-alfa-univerzalni-mineralizovana-bezlepkova-mouka\/#primaryimage\"},\"datePublished\":\"2016-05-06T07:41:13+00:00\",\"dateModified\":\"2019-09-18T08:27:09+00:00\",\"inLanguage\":\"cs\",\"potentialAction\":[{\"@type\":\"ReadAction\",\"target\":[\"https:\/\/www.novalimglutenfree.com\/cs\/obchod\/muky-cs\/bezlepkove-mucne-zmesi-cs\/promix-alfa-univerzalni-mineralizovana-bezlepkova-mouka\/\"]}]}]}<\/script>\n<!-- \/ Yoast SEO plugin. -->","_links":{"self":[{"href":"https:\/\/novalimglutenfree.com\/cs\/wp-json\/wp\/v2\/product\/4591"}],"collection":[{"href":"https:\/\/novalimglutenfree.com\/cs\/wp-json\/wp\/v2\/product"}],"about":[{"href":"https:\/\/novalimglutenfree.com\/cs\/wp-json\/wp\/v2\/types\/product"}],"replies":[{"embeddable":true,"href":"https:\/\/novalimglutenfree.com\/cs\/wp-json\/wp\/v2\/comments?post=4591"}],"version-history":[{"count":1,"href":"https:\/\/novalimglutenfree.com\/cs\/wp-json\/wp\/v2\/product\/4591\/revisions"}],"predecessor-version":[{"id":9859,"href":"https:\/\/novalimglutenfree.com\/cs\/wp-json\/wp\/v2\/product\/4591\/revisions\/9859"}],"wp:featuredmedia":[{"embeddable":true,"href":"https:\/\/novalimglutenfree.com\/cs\/wp-json\/wp\/v2\/media\/1017"}],"wp:attachment":[{"href":"https:\/\/novalimglutenfree.com\/cs\/wp-json\/wp\/v2\/media?parent=4591"}],"curies":[{"name":"wp","href":"https:\/\/api.w.org\/{rel}","templated":true}]}}