{"id":4590,"date":"2016-05-06T09:41:13","date_gmt":"2016-05-06T07:41:13","guid":{"rendered":"http:\/\/novalim.sk\/obchod\/uncategorized\/promix-beta-racionalni-mineralizovana-bezlepkova-mouka\/"},"modified":"2023-03-31T14:01:56","modified_gmt":"2023-03-31T12:01:56","slug":"promix-beta-racionalni-mineralizovana-bezlepkova-mouka","status":"publish","type":"product","link":"https:\/\/novalimglutenfree.com\/cs\/obchod\/muky-cs\/bezlepkove-mucne-zmesi-cs\/promix-beta-racionalni-mineralizovana-bezlepkova-mouka\/","title":{"rendered":"PROMIX Beta &#8211; racion\u00e1ln\u00ed mineralizovan\u00e1 mou\u010dn\u00e1 sm\u011bs bez lepku"},"content":{"rendered":"<p>PROMIX Beta &#8211; v\u0161estrann\u00e1 mou\u010dn\u00e1 sm\u011bs bez lepku vhodn\u00e1 pro p\u0159\u00edpravu pek\u00e1rensk\u00fdch a cukr\u00e1\u0159sk\u00fdch v\u00fdrobk\u016f. Zvl\u00e1\u0161t\u011b vhodn\u00e1 pro p\u0159\u00edpravu kypr\u00e9ho pe\u010diva a chleba, nekynut\u00fdch ta\u017een\u00fdch z\u00e1vin\u016f (\u0161t\u00fadl) a listov\u00e9ho pe\u010diva.<\/p>\n<p><strong>Z\u00e1kladn\u00ed receptura:<\/strong><br \/>\n500 g Promix Beta, 20 g cukr, 10 g s\u016fl, 20 g dro\u017ed\u00ed, 1 PL olej (30 g tuk), 3,5-4 dl voda, (1 \u010cL jable\u010dn\u00fd ocet)<br \/>\n<strong>Postup:<\/strong><br \/>\nDro\u017ed\u00ed a cukr rozpust\u00edme v \u00bd dl vla\u017en\u00e9 vody (30 \u00b0C), b\u011bhem 10 minut se vytvo\u0159\u00ed kv\u00e1sek. Do mouky p\u0159id\u00e1me zbytek vody se sol\u00ed, kv\u00e1sek, kr\u00e1tce zam\u00edch\u00e1me, p\u0159id\u00e1me olej (tuk). M\u00edch\u00e1me hn\u011bta\u010dem asi 10 minut, a\u017e je t\u011bsto homogenn\u00ed a nech\u00e1me odpo\u010dinout 5 minut. Pak t\u011bsto p\u0159em\u00edstn\u00edme do formy anebo vytvarujeme pe\u010divo, z\u00e1vin a pod. Nech\u00e1me kynout asi 30 minut na tepl\u00e9m m\u00edst\u011b. Pe\u010deme p\u0159i 200\u00b0C \u2013 chl\u00e9b asi 40 minut, pe\u010divo 15-20 minut.<\/p>\n<p><strong>Informace o v\u00fdrobku:<\/strong><\/p>\n<p>Slo\u017een\u00ed: kuku\u0159i\u010dn\u00fd \u0161krob, r\u00fd\u017eov\u00e1 mouka, pohankov\u00e1 mouka, hrachov\u00e1 b\u00edlkovina, bramborov\u00e1 mouka, rostlinn\u00e1 vl\u00e1knina (jable\u010dn\u00e1, psyllium, citrusov\u00e1), zahu\u0161\u0165ovadlo: hydroxypropylmetylceluloza, dextr\u00f3za, miner\u00e1ln\u00ed komplex z mo\u0159sk\u00fdch \u0159as Aquamin.<\/p>\n<p>100 g v\u00fdrobku pr\u016fm\u011brn\u011b obsahuje:<br \/>\n<strong>Energetick\u00e1 hodnota:<\/strong> 1492 kJ, 352 kcal; <strong>Tuky:<\/strong> 0,5 g z toho 0,05 g nasycen\u00e9 mastn\u00e9 kyseliny; <strong>Sacharidy:<\/strong> 79,5 g z toho 1,9 g cukry; <strong>Vl\u00e1knina:<\/strong> 5,5 g; <strong>B\u00edlkoviny:<\/strong> 4,6 g; <strong>S\u016fl:<\/strong> 0,12 g; <strong>V\u00e1pn\u00edk:<\/strong> 120 mg; <strong>Ho\u0159\u010d\u00edk:<\/strong> 8 <\/p>\n<p>Balen\u00ed: 500 gmg;<\/p>\n","protected":false},"excerpt":{"rendered":"<p>PROMIX Beta &#8211; v\u0161estrann\u00e1 mou\u010dn\u00e1 sm\u011bs bez lepku vhodn\u00e1 pro p\u0159\u00edpravu pek\u00e1rensk\u00fdch a cukr\u00e1\u0159sk\u00fdch v\u00fdrobk\u016f. Zvl\u00e1\u0161t\u011b vhodn\u00e1 pro p\u0159\u00edpravu kypr\u00e9ho pe\u010diva a chleba, nekynut\u00fdch ta\u017een\u00fdch z\u00e1vin\u016f (\u0161t\u00fadl) a listov\u00e9ho pe\u010diva.<\/p>\n<p>Potravina speci\u00e1ln\u011b p\u0159ipravena pro osoby s nesn\u00e1\u0161enlivost\u00ed lepku. Vyrobena <strong>z p\u0159irozen\u011b bezlepkov\u00fdch<\/strong> a bezp\u0161eni\u010dn\u00fdch surovin. (gluten &lt; 20mg\/kg)<\/p>\n<p>*RECEPT &#8211; <a href=\"http:\/\/novalimglutenfree.com\/cs\/slane-krekry-a-pracliky-bez-lepku\/\">Slan\u00e9 krekry a pracl\u00edky<\/a> nebo <a href=\"http:\/\/novalimglutenfree.com\/cs\/bavorske-precliky-bez-lepku\/\">Bratislavsk\u00e9 rohl\u00ed\u010dky<\/a> aneb <a href=\"http:\/\/novalimglutenfree.com\/cs\/chleb-s-nezamenitelnou-vuni-a-krupavou-kurkou\/\">Chl\u00e9b s k\u0159upavou k\u016frkou<\/a><\/p>\n","protected":false},"featured_media":1001,"comment_status":"closed","ping_status":"closed","template":"","meta":[],"yoast_head":"<!-- This site is optimized with the Yoast SEO plugin v15.7 - https:\/\/yoast.com\/wordpress\/plugins\/seo\/ -->\n<title>PROMIX Beta - racion\u00e1ln\u00ed mineralizovan\u00e1 mou\u010dn\u00e1 sm\u011bs bez lepku - Novalim<\/title>\n<meta name=\"robots\" content=\"index, follow, max-snippet:-1, max-image-preview:large, max-video-preview:-1\" \/>\n<link rel=\"canonical\" href=\"https:\/\/novalimglutenfree.com\/cs\/obchod\/muky-cs\/bezlepkove-mucne-zmesi-cs\/promix-beta-racionalni-mineralizovana-bezlepkova-mouka\/\" \/>\n<meta property=\"og:locale\" content=\"cs_CZ\" \/>\n<meta property=\"og:type\" content=\"article\" \/>\n<meta property=\"og:title\" content=\"PROMIX Beta - racion\u00e1ln\u00ed mineralizovan\u00e1 mou\u010dn\u00e1 sm\u011bs bez lepku - Novalim\" \/>\n<meta property=\"og:description\" content=\"PROMIX Beta - v\u0161estrann\u00e1 mou\u010dn\u00e1 sm\u011bs bez lepku vhodn\u00e1 pro p\u0159\u00edpravu pek\u00e1rensk\u00fdch a cukr\u00e1\u0159sk\u00fdch v\u00fdrobk\u016f. Zvl\u00e1\u0161t\u011b vhodn\u00e1 pro p\u0159\u00edpravu kypr\u00e9ho pe\u010diva a chleba, nekynut\u00fdch ta\u017een\u00fdch z\u00e1vin\u016f (\u0161t\u00fadl) a listov\u00e9ho pe\u010diva.  Potravina speci\u00e1ln\u011b p\u0159ipravena pro osoby s nesn\u00e1\u0161enlivost\u00ed lepku. Vyrobena z p\u0159irozen\u011b bezlepkov\u00fdch a bezp\u0161eni\u010dn\u00fdch surovin. (gluten &lt; 20mg\/kg)  *RECEPT - Slan\u00e9 krekry a pracl\u00edky nebo Bratislavsk\u00e9 rohl\u00ed\u010dky aneb Chl\u00e9b s k\u0159upavou k\u016frkou\" \/>\n<meta property=\"og:url\" content=\"https:\/\/novalimglutenfree.com\/cs\/obchod\/muky-cs\/bezlepkove-mucne-zmesi-cs\/promix-beta-racionalni-mineralizovana-bezlepkova-mouka\/\" \/>\n<meta property=\"og:site_name\" content=\"Novalim\" \/>\n<meta property=\"article:modified_time\" content=\"2023-03-31T12:01:56+00:00\" \/>\n<meta property=\"og:image\" content=\"https:\/\/novalimglutenfree.com\/wp-content\/uploads\/2016\/05\/Promix_Beta.jpg\" \/>\n\t<meta property=\"og:image:width\" content=\"413\" \/>\n\t<meta property=\"og:image:height\" content=\"618\" \/>\n<meta name=\"twitter:card\" content=\"summary\" \/>\n<meta name=\"twitter:label1\" content=\"Odhadovan\u00e1 doba \u010dten\u00ed\">\n\t<meta name=\"twitter:data1\" content=\"1 minuta\">\n<script type=\"application\/ld+json\" class=\"yoast-schema-graph\">{\"@context\":\"https:\/\/schema.org\",\"@graph\":[{\"@type\":\"WebSite\",\"@id\":\"https:\/\/www.novalimglutenfree.com\/de\/#website\",\"url\":\"https:\/\/www.novalimglutenfree.com\/de\/\",\"name\":\"Novalim\",\"description\":\"Bezlepkov\\u00e9 potraviny, bezlepkov\\u00e9 recepty, celiakia, PKU\",\"potentialAction\":[{\"@type\":\"SearchAction\",\"target\":\"https:\/\/www.novalimglutenfree.com\/de\/?s={search_term_string}\",\"query-input\":\"required name=search_term_string\"}],\"inLanguage\":\"cs\"},{\"@type\":\"ImageObject\",\"@id\":\"https:\/\/novalimglutenfree.com\/cs\/obchod\/muky-cs\/bezlepkove-mucne-zmesi-cs\/promix-beta-racionalni-mineralizovana-bezlepkova-mouka\/#primaryimage\",\"inLanguage\":\"cs\",\"url\":\"https:\/\/novalimglutenfree.com\/wp-content\/uploads\/2016\/05\/Promix_Beta.jpg\",\"width\":413,\"height\":618},{\"@type\":\"WebPage\",\"@id\":\"https:\/\/novalimglutenfree.com\/cs\/obchod\/muky-cs\/bezlepkove-mucne-zmesi-cs\/promix-beta-racionalni-mineralizovana-bezlepkova-mouka\/#webpage\",\"url\":\"https:\/\/novalimglutenfree.com\/cs\/obchod\/muky-cs\/bezlepkove-mucne-zmesi-cs\/promix-beta-racionalni-mineralizovana-bezlepkova-mouka\/\",\"name\":\"PROMIX Beta - racion\\u00e1ln\\u00ed mineralizovan\\u00e1 mou\\u010dn\\u00e1 sm\\u011bs bez lepku - Novalim\",\"isPartOf\":{\"@id\":\"https:\/\/www.novalimglutenfree.com\/de\/#website\"},\"primaryImageOfPage\":{\"@id\":\"https:\/\/novalimglutenfree.com\/cs\/obchod\/muky-cs\/bezlepkove-mucne-zmesi-cs\/promix-beta-racionalni-mineralizovana-bezlepkova-mouka\/#primaryimage\"},\"datePublished\":\"2016-05-06T07:41:13+00:00\",\"dateModified\":\"2023-03-31T12:01:56+00:00\",\"inLanguage\":\"cs\",\"potentialAction\":[{\"@type\":\"ReadAction\",\"target\":[\"https:\/\/novalimglutenfree.com\/cs\/obchod\/muky-cs\/bezlepkove-mucne-zmesi-cs\/promix-beta-racionalni-mineralizovana-bezlepkova-mouka\/\"]}]}]}<\/script>\n<!-- \/ Yoast SEO plugin. -->","_links":{"self":[{"href":"https:\/\/novalimglutenfree.com\/cs\/wp-json\/wp\/v2\/product\/4590"}],"collection":[{"href":"https:\/\/novalimglutenfree.com\/cs\/wp-json\/wp\/v2\/product"}],"about":[{"href":"https:\/\/novalimglutenfree.com\/cs\/wp-json\/wp\/v2\/types\/product"}],"replies":[{"embeddable":true,"href":"https:\/\/novalimglutenfree.com\/cs\/wp-json\/wp\/v2\/comments?post=4590"}],"version-history":[{"count":1,"href":"https:\/\/novalimglutenfree.com\/cs\/wp-json\/wp\/v2\/product\/4590\/revisions"}],"predecessor-version":[{"id":9860,"href":"https:\/\/novalimglutenfree.com\/cs\/wp-json\/wp\/v2\/product\/4590\/revisions\/9860"}],"wp:featuredmedia":[{"embeddable":true,"href":"https:\/\/novalimglutenfree.com\/cs\/wp-json\/wp\/v2\/media\/1001"}],"wp:attachment":[{"href":"https:\/\/novalimglutenfree.com\/cs\/wp-json\/wp\/v2\/media?parent=4590"}],"curies":[{"name":"wp","href":"https:\/\/api.w.org\/{rel}","templated":true}]}}