{"id":5982,"date":"2017-05-23T22:37:42","date_gmt":"2017-05-23T20:37:42","guid":{"rendered":"http:\/\/novalimglutenfree.com\/o-novalime\/"},"modified":"2018-06-27T10:01:37","modified_gmt":"2018-06-27T08:01:37","slug":"o-novalime","status":"publish","type":"page","link":"https:\/\/novalimglutenfree.com\/cs\/o-novalime\/","title":{"rendered":"O Novalime"},"content":{"rendered":"<div id='av_section_1'  class='avia-section main_color avia-section-default avia-no-shadow  avia-bg-style-scroll  avia-builder-el-0  el_before_av_section  avia-builder-el-first   container_wrap sidebar_right' style=' '  ><div class='container' ><main  role=\"main\" itemprop=\"mainContentOfPage\"  class='template-page content  av-content-small alpha units'><div class='post-entry post-entry-type-page post-entry-5982'><div class='entry-content-wrapper clearfix'>\n<section class=\"av_textblock_section \"  itemscope=\"itemscope\" itemtype=\"https:\/\/schema.org\/CreativeWork\" ><div class='avia_textblock  '   itemprop=\"text\" ><h1>O Novalime<\/h1>\n<\/div><\/section>\n<div class=\"flex_column av_one_half  flex_column_div av-zero-column-padding first  avia-builder-el-2  el_after_av_textblock  el_before_av_one_half  column-top-margin\" style='border-radius:0px; '><div  class='avia-image-container  av-styling-  noHover  av-overlay-on-hover   avia-builder-el-3  avia-builder-el-no-sibling  avia-align-center '  itemprop=\"image\" itemscope=\"itemscope\" itemtype=\"https:\/\/schema.org\/ImageObject\"  ><div class='avia-image-container-inner'><div class='avia-image-overlay-wrap'><div class='av-image-caption-overlay'><div class='av-caption-image-overlay-bg' style='opacity:0.4; background-color:#000000; '><\/div><div class='av-image-caption-overlay-position'><div class='av-image-caption-overlay-center' style='color:#ffffff; '><p>Ing. J. Poprac, Csc., majite\u013e a zakladate\u013e spolo\u010dnosti<\/p>\n<\/div><\/div><\/div><img class='wp-image-5984 avia-img-lazy-loading-not-5984 avia_image' src=\"https:\/\/novalimglutenfree.com\/wp-content\/uploads\/2016\/05\/D75_2387_resize.jpg\" alt='' title='Novalim_Filozofia' height=\"430\" width=\"644\"  itemprop=\"thumbnailUrl\" srcset=\"https:\/\/novalimglutenfree.com\/wp-content\/uploads\/2016\/05\/D75_2387_resize.jpg 926w, https:\/\/novalimglutenfree.com\/wp-content\/uploads\/2016\/05\/D75_2387_resize-450x300.jpg 450w\" sizes=\"(max-width: 644px) 100vw, 644px\" \/><\/div><\/div><\/div><\/div><div class=\"flex_column av_one_half  flex_column_div av-zero-column-padding   avia-builder-el-4  el_after_av_one_half  avia-builder-el-last  column-top-margin\" style='border-radius:0px; '><section class=\"av_textblock_section \"  itemscope=\"itemscope\" itemtype=\"https:\/\/schema.org\/CreativeWork\" ><div class='avia_textblock  '   itemprop=\"text\" ><h3>Na\u0161e filozofie<\/h3>\n<\/div><\/section><br \/>\n<section class=\"av_textblock_section \"  itemscope=\"itemscope\" itemtype=\"https:\/\/schema.org\/CreativeWork\" ><div class='avia_textblock  '   itemprop=\"text\" ><p><i>\u201eSt\u00e1le lep\u0161\u00ed a rozs\u00e1hlej\u0161\u00ed sortiment potravin, chutn\u00fd a nejlep\u0161\u00ed pro Va\u0161e zdrav\u00ed\u201c.<\/i>.<\/p>\n<p>Novalim<\/p>\n<p>Toto je motto na\u0161\u00ed firmy, kter\u00e1 se od roku 1991 specializuje na v\u00fdrobu dietn\u00edch bezglutenov\u00fdch (bezlepkov\u00fdch) a n\u00edzkob\u00edlkovinov\u00fdch potravin. M\u00e1me vybudovan\u00e9 samostatn\u00e9 provozy, kde se vyr\u00e1b\u00ecj\u00ed pouze bezglutenov\u00e9 v\u00fdrobky. Pracovn\u00edci na\u0161\u00ed firmy maj\u00ed dlouholet\u00e9 zku\u0161enosti v oblasti potravin\u00e1\u00f8sk\u00e9 technologie, mikrobiologie a v p\u00f8\u00edbuzn\u00edch oborech. Kontinu\u00e1ln\u00ed v\u00fdzkum a v\u00fdvoj realizujeme samostatn\u00ec i v spolupr\u00e1ci s v\u00fdznamn\u00fdmi v\u00fdzkumn\u00fdmi centry. T\u00edm zaji\u0161\u0165ujeme st\u00e1lou inovaci produkce a dynamick\u00fd rozvoj spole\u010dnosti.<\/p>\n<\/div><\/section><\/p><\/div><\/div><\/div><\/main><!-- close content main element --><\/div><\/div><div id='av_section_2'  class='avia-section main_color avia-section-default avia-no-shadow  avia-bg-style-scroll  avia-builder-el-7  el_after_av_section  el_before_av_section   container_wrap sidebar_right' style=' '  ><div class='container' ><div class='template-page content  av-content-small alpha units'><div class='post-entry post-entry-type-page post-entry-5982'><div class='entry-content-wrapper clearfix'>\n<div class=\"flex_column av_one_half  flex_column_div av-zero-column-padding first  avia-builder-el-8  el_before_av_one_half  avia-builder-el-first  \" style='border-radius:0px; '><section class=\"av_textblock_section \"  itemscope=\"itemscope\" itemtype=\"https:\/\/schema.org\/CreativeWork\" ><div class='avia_textblock  '   itemprop=\"text\" ><h3>N\u00e1\u0161 p\u0159\u00edb\u011bh<\/h3>\n<\/div><\/section><br \/>\n<section class=\"av_textblock_section \"  itemscope=\"itemscope\" itemtype=\"https:\/\/schema.org\/CreativeWork\" ><div class='avia_textblock  '   itemprop=\"text\" ><p>Spole\u010dnost NOVALIM byla zalo\u017eena v roku 1991 a specializuje se na v\u00fdvoj a v\u00fdrobu bezglutenov\u00fdch (bezlepkov\u00fdch) a n\u00edzkob\u00edlkovinov\u00fdch v\u00fdrobk\u016f. Zakladatel, Ing. Jozef Poprac, CSc., vyu\u017eil sv\u00e9 dlouholet\u00e9 zku\u0161enosti z p\u016fsoben\u00ed ve v\u00fdzkumu a v\u00fdvoji potravin\u00e1\u0159sk\u00fdch v\u00fdrobk\u016f a v\u00fdsledkem je r\u016fznorod\u00e1 paleta kvalitn\u00edch bezglutenov\u00fdch a n\u00edzkob\u00edlkovinov\u00fdch v\u00fdrobk\u016f, kter\u00e9 spole\u010dnost NOVALIM nab\u00edz\u00ed sv\u00fdm z\u00e1kazn\u00edk\u016fm prost\u0159ednictv\u00edm E-shopu, v maloobchodech i v l\u00e9k\u00e1rn\u00e1ch. Poloha Slovenska v srdci Evropy umo\u017e\u0148uje spole\u010dnosti efektivn\u011b z\u00e1sobovat evropsk\u00fd trh.<\/p>\n<\/div><\/section><\/p><\/div><div class=\"flex_column av_one_half  flex_column_div av-zero-column-padding   avia-builder-el-11  el_after_av_one_half  avia-builder-el-last  \" style='border-radius:0px; '><div  class='avia-image-container  av-styling-  noHover  av-overlay-on-hover   avia-builder-el-12  avia-builder-el-no-sibling  avia-align-center '  itemprop=\"image\" itemscope=\"itemscope\" itemtype=\"https:\/\/schema.org\/ImageObject\"  ><div class='avia-image-container-inner'><div class='avia-image-overlay-wrap'><div class='av-image-caption-overlay'><div class='av-caption-image-overlay-bg' style='opacity:0.4; background-color:#000000; '><\/div><div class='av-image-caption-overlay-position'><div class='av-image-caption-overlay-center' style='color:#ffffff; '><p>Par ludi od Novalim<\/p>\n<\/div><\/div><\/div><img class='wp-image-5983 avia-img-lazy-loading-not-5983 avia_image' src=\"https:\/\/novalimglutenfree.com\/wp-content\/uploads\/2016\/05\/Novalim_Team.jpg\" alt='' title='Novalim_Team' height=\"430\" width=\"644\"  itemprop=\"thumbnailUrl\" srcset=\"https:\/\/novalimglutenfree.com\/wp-content\/uploads\/2016\/05\/Novalim_Team.jpg 926w, https:\/\/novalimglutenfree.com\/wp-content\/uploads\/2016\/05\/Novalim_Team-450x300.jpg 450w\" sizes=\"(max-width: 644px) 100vw, 644px\" \/><\/div><\/div><\/div><\/div>\n<\/p>\n<\/div><\/div><\/div><!-- close content main div --><\/div><\/div><div id='av_section_3'  class='avia-section main_color avia-section-default avia-no-shadow  avia-bg-style-scroll  avia-builder-el-13  el_after_av_section  avia-builder-el-last   container_wrap sidebar_right' style=' '  ><div class='container' ><div class='template-page content  av-content-small alpha units'><div class='post-entry post-entry-type-page post-entry-5982'><div class='entry-content-wrapper clearfix'>\n<div class=\"flex_column av_one_half  flex_column_div av-zero-column-padding first  avia-builder-el-14  el_before_av_one_half  avia-builder-el-first  \" style='border-radius:0px; '><div  class='avia-image-container  av-styling-    avia-builder-el-15  avia-builder-el-no-sibling  avia-align-center '  itemprop=\"image\" itemscope=\"itemscope\" itemtype=\"https:\/\/schema.org\/ImageObject\"  ><div class='avia-image-container-inner'><div class='avia-image-overlay-wrap'><img class='wp-image-5985 avia-img-lazy-loading-not-5985 avia_image' src=\"https:\/\/novalimglutenfree.com\/wp-content\/uploads\/2016\/05\/Rolls.jpg\" alt='' title='Rolls' height=\"430\" width=\"645\"  itemprop=\"thumbnailUrl\" srcset=\"https:\/\/novalimglutenfree.com\/wp-content\/uploads\/2016\/05\/Rolls.jpg 927w, https:\/\/novalimglutenfree.com\/wp-content\/uploads\/2016\/05\/Rolls-450x300.jpg 450w\" sizes=\"(max-width: 645px) 100vw, 645px\" \/><\/div><\/div><\/div><\/div><div class=\"flex_column av_one_half  flex_column_div av-zero-column-padding   avia-builder-el-16  el_after_av_one_half  avia-builder-el-last  \" style='border-radius:0px; '><section class=\"av_textblock_section \"  itemscope=\"itemscope\" itemtype=\"https:\/\/schema.org\/CreativeWork\" ><div class='avia_textblock  '   itemprop=\"text\" ><h3>Kvalitn\u00ed suroviny<\/h3>\n<\/div><\/section><br \/>\n<section class=\"av_textblock_section \"  itemscope=\"itemscope\" itemtype=\"https:\/\/schema.org\/CreativeWork\" ><div class='avia_textblock  '   itemprop=\"text\" ><p>Klademe d\u016fraz na bezpe\u010dnost na\u0161ich v\u00fdrobk\u016f, a proto nepou\u017e\u00edv\u00e1me p\u0161eni\u010dn\u00fd \u0161krob, kter\u00fd m\u016f\u017ee b\u00fdt nosi\u010dem zbytkov\u00e9ho glutenu (lepku). Rovn\u011b\u017e v nejv\u011bt\u0161\u00edm mo\u017en\u00e9m rozsahu vyu\u017e\u00edv\u00e1me p\u0159\u00edrodn\u00ed suroviny. Z\u00e1kladn\u00edmi ingrediencemi v na\u0161ich produktech jsou kuku\u0159i\u010dn\u00fd a bramborov\u00fd \u0161krob a r\u00fd\u017eov\u00e1, kuku\u0159i\u010dn\u00e1 a s\u00f3jov\u00e1 mouka.<\/p>\n<p>Pro pravideln\u00e9 sledov\u00e1n\u00ed bezpe\u010dnosti v\u00fdrobk\u016f m\u00e1 spole\u010dnost NOVALIM zaveden tzv. syst\u00e9m HACCP a certifikaci spole\u010dnost\u00ed Bel-Novamann International. Suroviny a produkty nav\u00edc podl\u00e9haj\u00ed st\u00e1l\u00e9 kontrole \u00da\u0159adem ve\u0159ejn\u00e9ho zdravotnictv\u00ed Slovensk\u00e9 a \u010cesk\u00e9 republiky.<\/p>\n<ul>\n<li>Na\u0161e provozovny jsou specializovan\u00e9 pouze na v\u00fdrobu bezglutenov\u00fdch (bezlepkov\u00fdch) v\u00fdrobk\u016f<\/li>\n<li>V\u0161echny na\u0161e v\u00fdrobky jsou vyrobeny z p\u0159irozen\u011b bezglutenov\u00fdch a nep\u0161eni\u010dn\u00fdch surovin<\/li>\n<\/ul>\n<\/div><\/section><\/p><\/div>\n<\/div><\/div><\/div><!-- close content main div --><\/div><\/div><div id='after_section_3'  class='main_color av_default_container_wrap container_wrap sidebar_right' style=' '  ><div class='container' ><div class='template-page content  av-content-small alpha units'><div class='post-entry post-entry-type-page post-entry-5982'><div class='entry-content-wrapper clearfix'>\n","protected":false},"excerpt":{"rendered":"","protected":false},"author":3,"featured_media":0,"parent":0,"menu_order":0,"comment_status":"closed","ping_status":"closed","template":"","meta":[],"yoast_head":"<!-- This site is optimized with the Yoast SEO plugin v15.7 - https:\/\/yoast.com\/wordpress\/plugins\/seo\/ -->\n<title>O Novalime - Novalim<\/title>\n<meta name=\"description\" content=\"Spolo\u010dnos\u0165 NOVALIM bola zalo\u017een\u00e1 v roku 1991 a \u0161pecializuje sa na v\u00fdvoj a v\u00fdrobu bezglut\u00e9nov\u00fdch (bezlepkov\u00fdch) a n\u00edzkobielkovinov\u00fdch v\u00fdrobkov.\" \/>\n<meta name=\"robots\" content=\"index, follow, max-snippet:-1, max-image-preview:large, max-video-preview:-1\" \/>\n<link rel=\"canonical\" href=\"https:\/\/novalimglutenfree.com\/cs\/o-novalime\/\" \/>\n<meta property=\"og:locale\" content=\"cs_CZ\" \/>\n<meta property=\"og:type\" content=\"article\" \/>\n<meta property=\"og:title\" content=\"O Novalime - Novalim\" \/>\n<meta property=\"og:description\" content=\"Spolo\u010dnos\u0165 NOVALIM bola zalo\u017een\u00e1 v roku 1991 a \u0161pecializuje sa na v\u00fdvoj a v\u00fdrobu bezglut\u00e9nov\u00fdch (bezlepkov\u00fdch) a n\u00edzkobielkovinov\u00fdch v\u00fdrobkov.\" \/>\n<meta property=\"og:url\" content=\"https:\/\/novalimglutenfree.com\/cs\/o-novalime\/\" \/>\n<meta property=\"og:site_name\" content=\"Novalim\" \/>\n<meta property=\"article:modified_time\" content=\"2018-06-27T08:01:37+00:00\" \/>\n<meta property=\"og:image\" content=\"http:\/\/novalimglutenfree.com\/wp-content\/uploads\/2016\/04\/Novalim_BANNER_B1_b.png\" \/>\n<meta name=\"twitter:card\" content=\"summary\" \/>\n<meta name=\"twitter:label1\" content=\"Odhadovan\u00e1 doba \u010dten\u00ed\">\n\t<meta name=\"twitter:data1\" content=\"5 minut\">\n<script type=\"application\/ld+json\" class=\"yoast-schema-graph\">{\"@context\":\"https:\/\/schema.org\",\"@graph\":[{\"@type\":\"WebSite\",\"@id\":\"https:\/\/www.novalimglutenfree.com\/de\/#website\",\"url\":\"https:\/\/www.novalimglutenfree.com\/de\/\",\"name\":\"Novalim\",\"description\":\"Bezlepkov\\u00e9 potraviny, bezlepkov\\u00e9 recepty, celiakia, PKU\",\"potentialAction\":[{\"@type\":\"SearchAction\",\"target\":\"https:\/\/www.novalimglutenfree.com\/de\/?s={search_term_string}\",\"query-input\":\"required name=search_term_string\"}],\"inLanguage\":\"cs\"},{\"@type\":\"WebPage\",\"@id\":\"https:\/\/novalimglutenfree.com\/cs\/o-novalime\/#webpage\",\"url\":\"https:\/\/novalimglutenfree.com\/cs\/o-novalime\/\",\"name\":\"O Novalime - Novalim\",\"isPartOf\":{\"@id\":\"https:\/\/www.novalimglutenfree.com\/de\/#website\"},\"datePublished\":\"2017-05-23T20:37:42+00:00\",\"dateModified\":\"2018-06-27T08:01:37+00:00\",\"description\":\"Spolo\\u010dnos\\u0165 NOVALIM bola zalo\\u017een\\u00e1 v roku 1991 a \\u0161pecializuje sa na v\\u00fdvoj a v\\u00fdrobu bezglut\\u00e9nov\\u00fdch (bezlepkov\\u00fdch) a n\\u00edzkobielkovinov\\u00fdch v\\u00fdrobkov.\",\"inLanguage\":\"cs\",\"potentialAction\":[{\"@type\":\"ReadAction\",\"target\":[\"https:\/\/novalimglutenfree.com\/cs\/o-novalime\/\"]}]}]}<\/script>\n<!-- \/ Yoast SEO plugin. -->","_links":{"self":[{"href":"https:\/\/novalimglutenfree.com\/cs\/wp-json\/wp\/v2\/pages\/5982"}],"collection":[{"href":"https:\/\/novalimglutenfree.com\/cs\/wp-json\/wp\/v2\/pages"}],"about":[{"href":"https:\/\/novalimglutenfree.com\/cs\/wp-json\/wp\/v2\/types\/page"}],"author":[{"embeddable":true,"href":"https:\/\/novalimglutenfree.com\/cs\/wp-json\/wp\/v2\/users\/3"}],"replies":[{"embeddable":true,"href":"https:\/\/novalimglutenfree.com\/cs\/wp-json\/wp\/v2\/comments?post=5982"}],"version-history":[{"count":6,"href":"https:\/\/novalimglutenfree.com\/cs\/wp-json\/wp\/v2\/pages\/5982\/revisions"}],"predecessor-version":[{"id":9233,"href":"https:\/\/novalimglutenfree.com\/cs\/wp-json\/wp\/v2\/pages\/5982\/revisions\/9233"}],"wp:attachment":[{"href":"https:\/\/novalimglutenfree.com\/cs\/wp-json\/wp\/v2\/media?parent=5982"}],"curies":[{"name":"wp","href":"https:\/\/api.w.org\/{rel}","templated":true}]}}